{"id":401,"date":"2021-07-16T14:02:39","date_gmt":"2021-07-16T14:02:39","guid":{"rendered":"https:\/\/webs.uab.cat\/easit\/easy-summary-output-4-2\/"},"modified":"2021-07-19T13:04:16","modified_gmt":"2021-07-19T13:04:16","slug":"easy-summary-output-4-2","status":"publish","type":"page","link":"https:\/\/webs.uab.cat\/easit\/sl\/easy-summary-output-4-2\/","title":{"rendered":"Easy summary of Output 4"},"content":{"rendered":"<p>&nbsp;<\/p>\n<div id=\"EventEN\">\n<p><span style=\"font-size:20px;\"><span style=\"font-family:verdana,geneva,sans-serif;\"><strong>1. Kaj smo naredili?<\/strong><\/span><\/span><\/p>\n<p><span style=\"font-size:20px;\"><span style=\"font-family:verdana,geneva,sans-serif;\">Pripravili smo u\u010dne programe za 3 posebne poklice.<\/span><\/span><\/p>\n<p><span style=\"font-size:20px;\"><span style=\"font-family:verdana,geneva,sans-serif;\">Re\u010demo jim specializirani poklici.<\/span><\/span><\/p>\n<p><span style=\"font-size:20px;\"><span style=\"font-family:verdana,geneva,sans-serif;\">Ti 3 poklici so:<\/span><\/span><\/p>\n<ul>\n<li><span style=\"font-size:20px;\"><span style=\"font-family:verdana,geneva,sans-serif;\">strokovnjak za lahko razumljive podnapise,<\/span><\/span><\/li>\n<li><span style=\"font-size:20px;\"><span style=\"font-family:verdana,geneva,sans-serif;\">strokovnjak za lahko razumljive zvo\u010dne opise,<\/span><\/span><\/li>\n<li><span style=\"font-size:20px;\"><span style=\"font-family:verdana,geneva,sans-serif;\">strokovnjak za lahko razumljive avdiovizualne novice.<\/span><\/span><\/li>\n<\/ul>\n<p><span style=\"font-size:20px;\"><span style=\"font-family:verdana,geneva,sans-serif;\">Ti u\u010dni programi dolo\u010dajo,<\/span><\/span><\/p>\n<p><span style=\"font-size:20px;\"><span style=\"font-family:verdana,geneva,sans-serif;\">kaj se morajo strokovnjaki nau\u010diti.<\/span><\/span><\/p>\n<p><span style=\"font-size:20px;\"><span style=\"font-family:verdana,geneva,sans-serif;\">Tem u\u010dnim programom re\u010demo tudi <strong>kurikul <\/strong>ali <strong>kurikulum<\/strong>.<\/span><\/span><\/p>\n<p>&nbsp;<\/p>\n<p><span style=\"font-size:20px;\"><span style=\"font-family:verdana,geneva,sans-serif;\"><strong>2. Kak\u0161ne rezultate smo dobili?<\/strong><\/span><\/span><\/p>\n<p><span style=\"font-size:20px;\"><span style=\"font-family:verdana,geneva,sans-serif;\">Pripravili smo 3 kurikule za univerzitetno izobra\u017eevanje:<\/span><\/span><\/p>\n<ul>\n<li><span style=\"font-size:20px;\"><span style=\"font-family:verdana,geneva,sans-serif;\">kurikul za izobra\u017eevanje strokovnjakov<\/span><\/span><\/li>\n<\/ul>\n<p class=\"rteindent1\"><span style=\"font-size:20px;\"><span style=\"font-family:verdana,geneva,sans-serif;\">za lahko razumljive podnapise,<\/span><\/span><\/p>\n<ul>\n<li><span style=\"font-size:20px;\"><span style=\"font-family:verdana,geneva,sans-serif;\">kurikul za izobra\u017eevanje strokovnjakov<\/span><\/span><\/li>\n<\/ul>\n<p class=\"rteindent1\"><span style=\"font-size:20px;\"><span style=\"font-family:verdana,geneva,sans-serif;\">za lahko razumljive zvo\u010dne opise,<\/span><\/span><\/p>\n<ul>\n<li><span style=\"font-size:20px;\"><span style=\"font-family:verdana,geneva,sans-serif;\">kurikul za izobra\u017eevanje strokovnjakov<\/span><\/span><\/li>\n<\/ul>\n<p class=\"rteindent1\"><span style=\"font-size:20px;\"><span style=\"font-family:verdana,geneva,sans-serif;\">za lahko razumljive avdiovizualne novice.<\/span><\/span><\/p>\n<p><span style=\"font-size:20px;\"><span style=\"font-family:verdana,geneva,sans-serif;\">Pripravili smo tudi <strong>MOOC<\/strong>.<\/span><\/span><\/p>\n<p><span style=\"font-size:20px;\"><span style=\"font-family:verdana,geneva,sans-serif;\">MOOC je kratica za <strong>M<\/strong>assive <strong>O<\/strong>pen <strong>O<\/strong>nline <strong>C<\/strong>ourse.<\/span><\/span><\/p>\n<p><span style=\"font-size:20px;\"><span style=\"font-family:verdana,geneva,sans-serif;\">V sloven\u0161\u010dini to pomeni<\/span><\/span><\/p>\n<p><span style=\"font-size:20px;\"><span style=\"font-family:verdana,geneva,sans-serif;\">Mno\u017ei\u010dni odprti spletni te\u010daji.<\/span><\/span><\/p>\n<p>&nbsp;<\/p>\n<p><span style=\"font-size:20px;\"><span style=\"font-family:verdana,geneva,sans-serif;\">Pripravili smo tudi seznam strokovne literature.<\/span><\/span><\/p>\n<p><span style=\"font-size:20px;\"><span style=\"font-family:verdana,geneva,sans-serif;\">Na tem seznamu so besedila, ki jih priporo\u010damo,<\/span><\/span><\/p>\n<p><span style=\"font-size:20px;\"><span style=\"font-family:verdana,geneva,sans-serif;\">\u010de \u017eelite vedeti ve\u010d o teh 3 poklicih.<\/span><\/span><\/p>\n<p>&nbsp;<\/p>\n<p><span style=\"font-size:20px;\"><span style=\"font-family:verdana,geneva,sans-serif;\">Vse materiale lahko dobite na EASIT spletni strani.<\/span><\/span><\/p>\n<p><span style=\"font-size:20px;\"><span style=\"font-family:verdana,geneva,sans-serif;\">Dostopni so tudi na DDD.<\/span><\/span><\/p>\n<p><span style=\"font-size:20px;\"><span style=\"font-family:verdana,geneva,sans-serif;\">Rezultati so dostopni tukaj:<\/span><\/span><\/p>\n<p><span style=\"font-size:20px;\"><span style=\"font-family:verdana,geneva,sans-serif;\"><strong><u><a href=\"https:\/\/ddd.uab.cat\/record\/222184\">https:\/\/ddd.uab.cat\/record\/222184<\/a><\/u><\/strong><\/span><\/span><\/p>\n<p>&nbsp;<\/p>\n<p><span style=\"font-size:20px;\"><span style=\"font-family:verdana,geneva,sans-serif;\"><strong>3. Za koga so rezultati uporabni?<\/strong><\/span><\/span><\/p>\n<p><span style=\"font-size:20px;\"><span style=\"font-family:verdana,geneva,sans-serif;\">\u010ce vodite izobra\u017eevanja,<\/span><\/span><\/p>\n<p><span style=\"font-size:20px;\"><span style=\"font-family:verdana,geneva,sans-serif;\">potem lahko kurikule uporabite<\/span><\/span><\/p>\n<p><span style=\"font-size:20px;\"><span style=\"font-family:verdana,geneva,sans-serif;\">za svoja predavanja.<\/span><\/span><\/p>\n<p>&nbsp;<\/p>\n<p><span style=\"font-size:20px;\"><span style=\"font-family:verdana,geneva,sans-serif;\">\u010ce se izobra\u017eujete,<\/span><\/span><\/p>\n<p><span style=\"font-size:20px;\"><span style=\"font-family:verdana,geneva,sans-serif;\">lahko uporabite materiale<\/span><\/span><\/p>\n<p><span style=\"font-size:20px;\"><span style=\"font-family:verdana,geneva,sans-serif;\">za pridobivanje znanja.<\/span><\/span><\/p>\n<p>&nbsp;<\/p>\n<p><span style=\"font-size:20px;\"><span style=\"font-family:verdana,geneva,sans-serif;\">Ali imate \u0161e kak\u0161na vpra\u0161anja?<\/span><\/span><\/p>\n<p><span style=\"font-size:20px;\"><span style=\"font-family:verdana,geneva,sans-serif;\">Pi\u0161ete lahko Sergiu Hern\u00e1ndezu Garridi na:<\/span><\/span><\/p>\n<p><span style=\"font-size:20px;\"><span style=\"font-family:verdana,geneva,sans-serif;\"><strong><u><a href=\"mailto:hernande@uni-hildesheim.de\">hernande@uni-hildesheim.de<\/a><\/u><\/strong>.<\/span><\/span><\/p>\n<\/div>\n","protected":false},"excerpt":{"rendered":"<p>&nbsp; 1. Kaj smo naredili? Pripravili smo u\u010dne programe za 3 posebne poklice. Re\u010demo jim specializirani poklici. Ti 3 poklici so: strokovnjak za lahko razumljive podnapise, strokovnjak za lahko razumljive zvo\u010dne opise, strokovnjak za lahko razumljive avdiovizualne novice. Ti u\u010dni programi dolo\u010dajo, kaj se morajo strokovnjaki nau\u010diti. Tem u\u010dnim programom re\u010demo tudi kurikul ali kurikulum. [&hellip;]<\/p>\n","protected":false},"author":20,"featured_media":0,"parent":0,"menu_order":0,"comment_status":"closed","ping_status":"closed","template":"","meta":{"footnotes":""},"class_list":["post-401","page","type-page","status-publish","hentry"],"_links":{"self":[{"href":"https:\/\/webs.uab.cat\/easit\/sl\/wp-json\/wp\/v2\/pages\/401","targetHints":{"allow":["GET"]}}],"collection":[{"href":"https:\/\/webs.uab.cat\/easit\/sl\/wp-json\/wp\/v2\/pages"}],"about":[{"href":"https:\/\/webs.uab.cat\/easit\/sl\/wp-json\/wp\/v2\/types\/page"}],"author":[{"embeddable":true,"href":"https:\/\/webs.uab.cat\/easit\/sl\/wp-json\/wp\/v2\/users\/20"}],"replies":[{"embeddable":true,"href":"https:\/\/webs.uab.cat\/easit\/sl\/wp-json\/wp\/v2\/comments?post=401"}],"version-history":[{"count":0,"href":"https:\/\/webs.uab.cat\/easit\/sl\/wp-json\/wp\/v2\/pages\/401\/revisions"}],"wp:attachment":[{"href":"https:\/\/webs.uab.cat\/easit\/sl\/wp-json\/wp\/v2\/media?parent=401"}],"curies":[{"name":"wp","href":"https:\/\/api.w.org\/{rel}","templated":true}]}}