{"id":404,"date":"2021-07-15T19:07:08","date_gmt":"2021-07-15T19:07:08","guid":{"rendered":"https:\/\/webs.uab.cat\/easit\/easy-summary-event-1-2\/"},"modified":"2021-07-19T13:08:43","modified_gmt":"2021-07-19T13:08:43","slug":"easy-summary-event-1-2","status":"publish","type":"page","link":"https:\/\/webs.uab.cat\/easit\/sl\/easy-summary-event-1-2\/","title":{"rendered":"Easy summary of Event 1"},"content":{"rendered":"<p>&nbsp;<\/p>\n<div id=\"EventEN\">\n<p><span style=\"font-size:20px;\"><span style=\"font-family:verdana,geneva,sans-serif;\"><strong>1. Kaj je bil cilj Dogodka 2?<\/strong><\/span><\/span><\/p>\n<p><span style=\"font-size:20px;\"><span style=\"font-family:verdana,geneva,sans-serif;\">Dogodek 1 je bil 7. marca 2019.<\/span><\/span><\/p>\n<p><span style=\"font-size:20px;\"><span style=\"font-family:verdana,geneva,sans-serif;\">Dogodek je bil v M\u00fcnchnu v Nem\u010diji.<\/span><\/span><\/p>\n<p><span style=\"font-size:20px;\"><span style=\"font-family:verdana,geneva,sans-serif;\">Dogodek je organizirala univerza SDI M\u00fcnchen.<\/span><\/span><\/p>\n<p>&nbsp;<\/p>\n<p><span style=\"font-size:20px;\"><span style=\"font-family:verdana,geneva,sans-serif;\">Cilj dogodka je bil predstavitev<\/span><\/span><\/p>\n<p><span style=\"font-size:20px;\"><span style=\"font-family:verdana,geneva,sans-serif;\">rezultatov produkta 1.<\/span><\/span><\/p>\n<p>&nbsp;<\/p>\n<p><span style=\"font-size:20px;\"><span style=\"font-family:verdana,geneva,sans-serif;\">Dogodka se je udele\u017eilo 47 oseb.<\/span><\/span><\/p>\n<p>&nbsp;<\/p>\n<p><span style=\"font-size:20px;\"><span style=\"font-family:verdana,geneva,sans-serif;\"><strong>2. Kaj smo na dogodku po\u010deli?<\/strong><\/span><\/span><\/p>\n<p><span style=\"font-size:20px;\"><span style=\"font-family:verdana,geneva,sans-serif;\">Na dogodku je bilo 6 predstavitev.<\/span><\/span><\/p>\n<p><span style=\"font-size:20px;\"><span style=\"font-family:verdana,geneva,sans-serif;\">3 govorniki so bili partnerji pri projektu EASIT.<\/span><\/span><\/p>\n<p><span style=\"font-size:20px;\"><span style=\"font-family:verdana,geneva,sans-serif;\">3 govorniki so bili povabljeni gostje.<\/span><\/span><\/p>\n<p><span style=\"font-size:20px;\"><span style=\"font-family:verdana,geneva,sans-serif;\">Povabljeni gostje so bili:<\/span><\/span><\/p>\n<ul>\n<li><span style=\"font-size:20px;\"><span style=\"font-family:verdana,geneva,sans-serif;\">Margarita Serrano Garc\u00eda,<\/span><\/span><\/li>\n<\/ul>\n<p class=\"rteindent1\"><span style=\"font-size:20px;\"><span style=\"font-family:verdana,geneva,sans-serif;\">zaposlena je pri Zdru\u017eenih narodih v \u017denevi, \u0160vica.<\/span><\/span><\/p>\n<ul>\n<li><span style=\"font-size:20px;\"><span style=\"font-family:verdana,geneva,sans-serif;\">Silvia Hansen-Scchirra,<\/span><\/span><\/li>\n<\/ul>\n<p class=\"rteindent1\"><span style=\"font-size:20px;\"><span style=\"font-family:verdana,geneva,sans-serif;\">zaposlena je pri univerzi v Germersheimu v Nem\u010diji.<\/span><\/span><\/p>\n<ul>\n<li><span style=\"font-size:20px;\"><span style=\"font-family:verdana,geneva,sans-serif;\">Carlo Eugeni iz Italije,<\/span><\/span><\/li>\n<\/ul>\n<p class=\"rteindent1\"><span style=\"font-size:20px;\"><span style=\"font-family:verdana,geneva,sans-serif;\">strokovnjak za podnaslavljanje v \u017eivo<br \/>\nv lahko razumljivem jeziku.<\/span><\/span><\/p>\n<p>&nbsp;<\/p>\n<p><span style=\"font-size:20px;\"><span style=\"font-family:verdana,geneva,sans-serif;\"><strong>3. Kje si lahko predstavitve ogledate?<\/strong><\/span><\/span><\/p>\n<p><span style=\"font-size:20px;\"><span style=\"font-family:verdana,geneva,sans-serif;\">Predstavitve si lahko ogledate na<\/span><\/span><\/p>\n<p><span style=\"font-size:20px;\"><span style=\"font-family:verdana,geneva,sans-serif;\">spletni strani projekta EASIT<\/span><\/span><\/p>\n<p><span style=\"font-size:20px;\"><span style=\"font-family:verdana,geneva,sans-serif;\">pod razdelkom Dogodki\/ Dogodek 1.<\/span><\/span><\/p>\n<p style=\"margin-left:18.0pt;\">&nbsp;<\/p>\n<p><span style=\"font-size:20px;\"><span style=\"font-family:verdana,geneva,sans-serif;\">Ali imate kak\u0161na vpra\u0161anja?<\/span><\/span><\/p>\n<p><span style=\"font-size:20px;\"><span style=\"font-family:verdana,geneva,sans-serif;\">Pi\u0161ete lahko Roc\u00edo Bernab\u00e9 Caro na:<\/span><\/span><\/p>\n<p><span style=\"font-size:20px;\"><span style=\"font-family:verdana,geneva,sans-serif;\"><u><strong><a href=\"rocio.bernabe@sdi-muenchen.de\">rocio.bernabe@sdi-muenchen.de<\/a><\/strong><\/u>.<\/span><\/span><\/p>\n<\/div>\n","protected":false},"excerpt":{"rendered":"<p>&nbsp; 1. Kaj je bil cilj Dogodka 2? Dogodek 1 je bil 7. marca 2019. Dogodek je bil v M\u00fcnchnu v Nem\u010diji. Dogodek je organizirala univerza SDI M\u00fcnchen. &nbsp; Cilj dogodka je bil predstavitev rezultatov produkta 1. &nbsp; Dogodka se je udele\u017eilo 47 oseb. &nbsp; 2. Kaj smo na dogodku po\u010deli? Na dogodku je bilo [&hellip;]<\/p>\n","protected":false},"author":20,"featured_media":0,"parent":0,"menu_order":0,"comment_status":"closed","ping_status":"closed","template":"","meta":{"footnotes":""},"class_list":["post-404","page","type-page","status-publish","hentry"],"_links":{"self":[{"href":"https:\/\/webs.uab.cat\/easit\/sl\/wp-json\/wp\/v2\/pages\/404","targetHints":{"allow":["GET"]}}],"collection":[{"href":"https:\/\/webs.uab.cat\/easit\/sl\/wp-json\/wp\/v2\/pages"}],"about":[{"href":"https:\/\/webs.uab.cat\/easit\/sl\/wp-json\/wp\/v2\/types\/page"}],"author":[{"embeddable":true,"href":"https:\/\/webs.uab.cat\/easit\/sl\/wp-json\/wp\/v2\/users\/20"}],"replies":[{"embeddable":true,"href":"https:\/\/webs.uab.cat\/easit\/sl\/wp-json\/wp\/v2\/comments?post=404"}],"version-history":[{"count":0,"href":"https:\/\/webs.uab.cat\/easit\/sl\/wp-json\/wp\/v2\/pages\/404\/revisions"}],"wp:attachment":[{"href":"https:\/\/webs.uab.cat\/easit\/sl\/wp-json\/wp\/v2\/media?parent=404"}],"curies":[{"name":"wp","href":"https:\/\/api.w.org\/{rel}","templated":true}]}}