{"id":405,"date":"2021-07-12T12:01:48","date_gmt":"2021-07-12T12:01:48","guid":{"rendered":"https:\/\/webs.uab.cat\/easit\/easy-summary-event-2-2\/"},"modified":"2021-07-19T13:10:12","modified_gmt":"2021-07-19T13:10:12","slug":"easy-summary-event-2-2","status":"publish","type":"page","link":"https:\/\/webs.uab.cat\/easit\/sl\/easy-summary-event-2-2\/","title":{"rendered":"Easy summary of Event 2"},"content":{"rendered":"<p>&nbsp;<\/p>\n<p><span style=\"font-family:verdana,geneva,sans-serif;\"><span style=\"font-size:20px;\"><script src=\"\/\/cdn1.readspeaker.com\/script\/10610\/webReader\/webReader.js?pids=wr\" type=\"text\/javascript\"><\/script><\/span><\/span><\/p>\n<div id=\"EventEN\">\n<p><span style=\"font-family:verdana,geneva,sans-serif;\"><span style=\"font-size:20px;\"><strong>1. Kaj je bil cilj Dogodka 2?<\/strong><\/span><\/span><\/p>\n<p><span style=\"font-family:verdana,geneva,sans-serif;\"><span style=\"font-size:20px;\">Dogodek 2 je bil 20. junija 2019.<\/span><\/span><\/p>\n<p><span style=\"font-family:verdana,geneva,sans-serif;\"><span style=\"font-size:20px;\">Dogodek je bil v Stockholmu.<\/span><\/span><\/p>\n<p><span style=\"font-family:verdana,geneva,sans-serif;\"><span style=\"font-size:20px;\">Pripravila ga je organizacija Dyslexif\u00f6rbundet.<\/span><\/span><\/p>\n<p>&nbsp;<\/p>\n<p><span style=\"font-family:verdana,geneva,sans-serif;\"><span style=\"font-size:20px;\">Eden od ciljev je bil predstaviti projekt EASIT.<\/span><\/span><\/p>\n<p><span style=\"font-family:verdana,geneva,sans-serif;\"><span style=\"font-size:20px;\">Drugi cilj je bil predstaviti namen projekta.<\/span><\/span><\/p>\n<p>&nbsp;<\/p>\n<p><span style=\"font-family:verdana,geneva,sans-serif;\"><span style=\"font-size:20px;\">Dogodka 2 se je udele\u017eilo 48 oseb.<\/span><\/span><\/p>\n<p>&nbsp;<\/p>\n<p><span style=\"font-family:verdana,geneva,sans-serif;\"><span style=\"font-size:20px;\"><strong>2. Kaj smo na dogodku po\u010deli?<\/strong><\/span><\/span><\/p>\n<p><span style=\"font-family:verdana,geneva,sans-serif;\"><span style=\"font-size:20px;\">Na sporedu dogodka je bilo 9 to\u010dk.<\/span><\/span><\/p>\n<p>&nbsp;<\/p>\n<ol>\n<li><span style=\"font-family:verdana,geneva,sans-serif;\"><span style=\"font-size:20px;\">Olov Berggren je imel uvodni nagovor.<\/span><\/span><\/li>\n<li><span style=\"font-family:verdana,geneva,sans-serif;\"><span style=\"font-size:20px;\">Tatjana Knapp je pripravila<\/span><\/span><\/li>\n<\/ol>\n<p class=\"rteindent1\"><span style=\"font-family:verdana,geneva,sans-serif;\"><span style=\"font-size:20px;\">predstavitev projekta EASIT.<\/span><\/span><\/p>\n<ol>\n<li value=\"3\"><span style=\"font-family:verdana,geneva,sans-serif;\"><span style=\"font-size:20px;\">\u00c5sa Wengelin je govorila<\/span><\/span><\/li>\n<\/ol>\n<p class=\"rteindent1\"><span style=\"font-family:verdana,geneva,sans-serif;\"><span style=\"font-size:20px;\">o lahkem branju na \u0160vedskem.<\/span><\/span><\/p>\n<ol>\n<li value=\"4\"><span style=\"font-family:verdana,geneva,sans-serif;\"><span style=\"font-size:20px;\">Mikael Hellman je predstavil<\/span><\/span><\/li>\n<\/ol>\n<p class=\"rteindent1\"><span style=\"font-family:verdana,geneva,sans-serif;\"><span style=\"font-size:20px;\">pripravo dostopnih videoposnetkov v Malmu.<\/span><\/span><\/p>\n<ol>\n<li value=\"5\"><span style=\"font-family:verdana,geneva,sans-serif;\"><span style=\"font-size:20px;\">Stefan Johansson in Ester Hedberg sta predstavila<\/span><\/span><\/li>\n<\/ol>\n<p class=\"rteindent1\"><span style=\"font-family:verdana,geneva,sans-serif;\"><span style=\"font-size:20px;\">projekt o razumljivej\u0161ih besedilih.<\/span><\/span><\/p>\n<ol>\n<li value=\"6\"><span style=\"font-family:verdana,geneva,sans-serif;\"><span style=\"font-size:20px;\">Rocio Bernab\u00e9 Caro je predstavila rezultate<\/span><\/span><\/li>\n<\/ol>\n<p class=\"rteindent1\"><span style=\"font-family:verdana,geneva,sans-serif;\"><span style=\"font-size:20px;\">produkta 2 (IO2) projekta EASIT.<\/span><\/span><\/p>\n<ol>\n<li value=\"7\"><span style=\"font-family:verdana,geneva,sans-serif;\"><span style=\"font-size:20px;\">Jes\u00fas Merin\u0303o G\u00f3mez je predstavil rezultate<\/span><\/span><\/li>\n<\/ol>\n<p class=\"rteindent1\"><span style=\"font-family:verdana,geneva,sans-serif;\"><span style=\"font-size:20px;\">produkta 3 (IO3) projekta EASIT.<\/span><\/span><\/p>\n<ol>\n<li value=\"8\"><span style=\"font-family:verdana,geneva,sans-serif;\"><span style=\"font-size:20px;\">Elisa Perego je vodila zaklju\u010dni del dogodka.<\/span><\/span><\/li>\n<li value=\"9\"><span style=\"font-family:verdana,geneva,sans-serif;\"><span style=\"font-size:20px;\">Anna Matamala je na kratko povzela celoten dogodek.<\/span><\/span><\/li>\n<\/ol>\n<p>&nbsp;<\/p>\n<p><span style=\"font-family:verdana,geneva,sans-serif;\"><span style=\"font-size:20px;\">Dogodek je bil sneman.<\/span><\/span><\/p>\n<p><span style=\"font-family:verdana,geneva,sans-serif;\"><span style=\"font-size:20px;\">Videoposnetek dogodka si lahko ogledate.<\/span><\/span><\/p>\n<p><span style=\"font-family:verdana,geneva,sans-serif;\"><span style=\"font-size:20px;\">Dostopen je na Youtube videos. <\/span><\/span><\/p>\n<p><span style=\"font-family:verdana,geneva,sans-serif;\"><span style=\"font-size:20px;\"><strong><u><a href=\"https:\/\/www.youtube.com\/playlist?list=PLZttiMCeHvvubCQ4SBDX2DT-SddYxA-S9\">https:\/\/www.youtube.com\/playlist?list=PLZttiMCeHvvubCQ4SBDX2DT-SddYxA-S9<\/a><\/u><\/strong><\/span><\/span><\/p>\n<p>&nbsp;<\/p>\n<p><span style=\"font-family:verdana,geneva,sans-serif;\"><span style=\"font-size:20px;\">\u010ce imate kak\u0161na vpra\u0161anja,<\/span><\/span><\/p>\n<p><span style=\"font-family:verdana,geneva,sans-serif;\"><span style=\"font-size:20px;\">lahko pi\u0161ete Ester Hedberg na:<\/span><\/span><\/p>\n<p><span style=\"font-family:verdana,geneva,sans-serif;\"><span style=\"font-size:20px;\"><a href=\"mailto:ester.hedberg@dyslexi.org\"><strong>ester.hedberg@dyslexi.org<\/strong><\/a>.<\/span><\/span><\/p>\n<\/div>\n<div id=\"EventEN\">&nbsp;<\/div>\n<div id=\"EventEN\">\n<p>&nbsp;<\/p>\n<\/div>\n","protected":false},"excerpt":{"rendered":"<p>&nbsp; 1. Kaj je bil cilj Dogodka 2? Dogodek 2 je bil 20. junija 2019. Dogodek je bil v Stockholmu. Pripravila ga je organizacija Dyslexif\u00f6rbundet. &nbsp; Eden od ciljev je bil predstaviti projekt EASIT. Drugi cilj je bil predstaviti namen projekta. &nbsp; Dogodka 2 se je udele\u017eilo 48 oseb. &nbsp; 2. Kaj smo na dogodku [&hellip;]<\/p>\n","protected":false},"author":20,"featured_media":0,"parent":0,"menu_order":0,"comment_status":"closed","ping_status":"closed","template":"","meta":{"footnotes":""},"class_list":["post-405","page","type-page","status-publish","hentry"],"_links":{"self":[{"href":"https:\/\/webs.uab.cat\/easit\/sl\/wp-json\/wp\/v2\/pages\/405","targetHints":{"allow":["GET"]}}],"collection":[{"href":"https:\/\/webs.uab.cat\/easit\/sl\/wp-json\/wp\/v2\/pages"}],"about":[{"href":"https:\/\/webs.uab.cat\/easit\/sl\/wp-json\/wp\/v2\/types\/page"}],"author":[{"embeddable":true,"href":"https:\/\/webs.uab.cat\/easit\/sl\/wp-json\/wp\/v2\/users\/20"}],"replies":[{"embeddable":true,"href":"https:\/\/webs.uab.cat\/easit\/sl\/wp-json\/wp\/v2\/comments?post=405"}],"version-history":[{"count":0,"href":"https:\/\/webs.uab.cat\/easit\/sl\/wp-json\/wp\/v2\/pages\/405\/revisions"}],"wp:attachment":[{"href":"https:\/\/webs.uab.cat\/easit\/sl\/wp-json\/wp\/v2\/media?parent=405"}],"curies":[{"name":"wp","href":"https:\/\/api.w.org\/{rel}","templated":true}]}}