{"id":406,"date":"2021-07-16T13:48:01","date_gmt":"2021-07-16T13:48:01","guid":{"rendered":"https:\/\/webs.uab.cat\/easit\/easy-summary-event-3-2\/"},"modified":"2021-07-19T13:11:28","modified_gmt":"2021-07-19T13:11:28","slug":"easy-summary-event-3-2","status":"publish","type":"page","link":"https:\/\/webs.uab.cat\/easit\/sl\/easy-summary-event-3-2\/","title":{"rendered":"Easy summary of Event 3"},"content":{"rendered":"<p>&nbsp;<\/p>\n<div id=\"EventEN\">\n<p><span style=\"font-size:20px;\"><span style=\"font-family:verdana,geneva,sans-serif;\"><strong>1. Kaj je bil cilj dogodka 3?<\/strong><\/span><\/span><\/p>\n<p><span style=\"font-size:20px;\"><span style=\"font-family:verdana,geneva,sans-serif;\">Dogodek 3 je bil 13. februarja 2020.<\/span><\/span><\/p>\n<p><span style=\"font-size:20px;\"><span style=\"font-family:verdana,geneva,sans-serif;\">Dogodek je bil v Hildesheimu v Nem\u010diji.<\/span><\/span><\/p>\n<p><span style=\"font-size:20px;\"><span style=\"font-family:verdana,geneva,sans-serif;\">Dogodek je organizirala Univerza iz Hildesheima.<\/span><\/span><\/p>\n<p>&nbsp;<\/p>\n<p><span style=\"font-size:20px;\"><span style=\"font-family:verdana,geneva,sans-serif;\">Cilj dogodka je bil predstavitev:<\/span><\/span><\/p>\n<ul>\n<li><span style=\"font-size:20px;\"><span style=\"font-family:verdana,geneva,sans-serif;\">seznamov ve\u0161\u010din, ki smo jih naredili pri projektu EASIT in<\/span><\/span><\/li>\n<li><span style=\"font-size:20px;\"><span style=\"font-family:verdana,geneva,sans-serif;\">kurikulov EASIT.<\/span><\/span><\/li>\n<\/ul>\n<p>&nbsp;<\/p>\n<p><span style=\"font-size:20px;\"><span style=\"font-family:verdana,geneva,sans-serif;\">Dogodka se je udele\u017eilo 86 oseb.<\/span><\/span><\/p>\n<p>&nbsp;<\/p>\n<p><span style=\"font-size:20px;\"><span style=\"font-family:verdana,geneva,sans-serif;\"><strong>2. Kaj smo na dogodku po\u010deli?<\/strong><\/span><\/span><\/p>\n<p>&nbsp;<\/p>\n<p><span style=\"font-size:20px;\"><span style=\"font-family:verdana,geneva,sans-serif;\">Na dogodku so bili razstavljeni plakati.<\/span><\/span><\/p>\n<p><span style=\"font-size:20px;\"><span style=\"font-family:verdana,geneva,sans-serif;\">Bilo je tudi 12 predstavitev:<\/span><\/span><\/p>\n<ul>\n<li><span style=\"font-size:20px;\"><span style=\"font-family:verdana,geneva,sans-serif;\">Christiane Maa\u00df in Sergio Hern\u00e1ndez Garrido sta govorila v uvodu.<\/span><\/span><\/li>\n<li><span style=\"font-size:20px;\"><span style=\"font-family:verdana,geneva,sans-serif;\">Irene Pieper je pozdravila vse udele\u017eence.<\/span><\/span><\/li>\n<li><span style=\"font-size:20px;\"><span style=\"font-family:verdana,geneva,sans-serif;\">Christiane Maa\u00df in Sergio Hern\u00e1ndez Garrido sta predstavila projekt EASIT.<\/span><\/span><\/li>\n<li><span style=\"font-size:20px;\"><span style=\"font-family:verdana,geneva,sans-serif;\">Jes\u00fas Meiri\u00f1o je predstavil sezname ve\u0161\u010din pri projektu EASIT.<\/span><\/span><\/li>\n<li><span style=\"font-size:20px;\"><span style=\"font-family:verdana,geneva,sans-serif;\">Christiane Maa\u00df in Sergio Hern\u00e1ndez Garrido sta predstavila kurikule EASIT.<\/span><\/span><\/li>\n<li><span style=\"font-size:20px;\"><span style=\"font-family:verdana,geneva,sans-serif;\">Alea Stephan je predstavil na\u010din dela s kon\u010dnimi uporabniki pri pripravi vsebin v lahko razumljivem jeziku.<\/span><\/span><\/li>\n<li><span style=\"font-size:20px;\"><span style=\"font-family:verdana,geneva,sans-serif;\">Leealaura Leskel\u00e4 je predstavila uporabo<br \/>\n\tlahko razumljivega jezika na Finskem.<\/span><\/span><\/li>\n<li><span style=\"font-size:20px;\"><span style=\"font-family:verdana,geneva,sans-serif;\">Raziskovalna skupina \u201cSimply complex \u2013 Easy Language\u201d<br \/>\n\tje predstavila svoj raziskovalni projekt.<\/span><\/span><\/li>\n<li><span style=\"font-size:20px;\"><span style=\"font-family:verdana,geneva,sans-serif;\">Xavier Moonen je predstavil uporabo lahko razumljivega jezika na Nizozemskem.<\/span><\/span><\/li>\n<li><span style=\"font-size:20px;\"><span style=\"font-family:verdana,geneva,sans-serif;\">Susanne Jekat je predstavila nov program dostopne komunikacije na univerzi uporabnih znanosti iz Z\u00fcricha v \u0160vici.<\/span><\/span><\/li>\n<li><span style=\"font-size:20px;\"><span style=\"font-family:verdana,geneva,sans-serif;\">Hov\u00e1rth P\u00e9ter L\u00e1szl\u00f3 in Sallai Illona sta predstavila delo s kon\u010dnimi uporabniki v Budimpe\u0161ti.<\/span><\/span><\/li>\n<li><span style=\"font-size:20px;\"><span style=\"font-family:verdana,geneva,sans-serif;\">Ulla Vanhatalo in Tiina Onikki-Rantaj\u00e4\u00e4sk\u00f6 sta predstavila podro\u010dje raziskovanja in izobra\u017eevanja v lahko razumljivem jeziku na Finskem.<\/span><\/span><\/li>\n<li><span style=\"font-size:20px;\"><span style=\"font-family:verdana,geneva,sans-serif;\">Christiane Maa\u00df in Sergio Hern\u00e1ndez Garrido sta govorila v zaklju\u010dku.<\/span><\/span><\/li>\n<\/ul>\n<p>&nbsp;<\/p>\n<p><span style=\"font-size:20px;\"><span style=\"font-family:verdana,geneva,sans-serif;\"><strong>3. Kje si lahko predstavitve ogledate?<\/strong><\/span><\/span><\/p>\n<p><span style=\"font-size:20px;\"><span style=\"font-family:verdana,geneva,sans-serif;\">Predstavitve si lahko prenesete s spletne strani projekta EASIT.<\/span><\/span><\/p>\n<p><span style=\"font-size:20px;\"><span style=\"font-family:verdana,geneva,sans-serif;\">Dostopne so tukaj:<\/span><\/span><\/p>\n<p><u><strong><span style=\"font-size:20px;\"><span style=\"font-family:verdana,geneva,sans-serif;\"><a href=\"https:\/\/pagines.uab.cat\/easit\/en\/content\/event-3-presentations\">Event 3 presentations | Easy Access for Social Inclusion Training (EASIT) (uab.cat)<\/a><\/span><\/span><\/strong><\/u><\/p>\n<p>&nbsp;<\/p>\n<p><span style=\"font-size:20px;\"><span style=\"font-family:verdana,geneva,sans-serif;\">Ali imete \u0161e kak\u0161na vpra\u0161anja?<\/span><\/span><\/p>\n<p><span style=\"font-size:20px;\"><span style=\"font-family:verdana,geneva,sans-serif;\">Pi\u0161ete lahko Sergiu Hern\u00e1ndezu Garridi na:<\/span><\/span><\/p>\n<p><span style=\"font-size:20px;\"><span style=\"font-family:verdana,geneva,sans-serif;\"><u><strong><a href=\"mailto:hernande@uni-hildesheim.de\">hernande@uni-hildesheim.de<\/a><\/strong><\/u>.<\/span><\/span><\/p>\n<\/div>\n","protected":false},"excerpt":{"rendered":"<p>&nbsp; 1. Kaj je bil cilj dogodka 3? Dogodek 3 je bil 13. februarja 2020. Dogodek je bil v Hildesheimu v Nem\u010diji. Dogodek je organizirala Univerza iz Hildesheima. &nbsp; Cilj dogodka je bil predstavitev: seznamov ve\u0161\u010din, ki smo jih naredili pri projektu EASIT in kurikulov EASIT. &nbsp; Dogodka se je udele\u017eilo 86 oseb. &nbsp; 2. [&hellip;]<\/p>\n","protected":false},"author":20,"featured_media":0,"parent":0,"menu_order":0,"comment_status":"closed","ping_status":"closed","template":"","meta":{"footnotes":""},"class_list":["post-406","page","type-page","status-publish","hentry"],"_links":{"self":[{"href":"https:\/\/webs.uab.cat\/easit\/sl\/wp-json\/wp\/v2\/pages\/406","targetHints":{"allow":["GET"]}}],"collection":[{"href":"https:\/\/webs.uab.cat\/easit\/sl\/wp-json\/wp\/v2\/pages"}],"about":[{"href":"https:\/\/webs.uab.cat\/easit\/sl\/wp-json\/wp\/v2\/types\/page"}],"author":[{"embeddable":true,"href":"https:\/\/webs.uab.cat\/easit\/sl\/wp-json\/wp\/v2\/users\/20"}],"replies":[{"embeddable":true,"href":"https:\/\/webs.uab.cat\/easit\/sl\/wp-json\/wp\/v2\/comments?post=406"}],"version-history":[{"count":0,"href":"https:\/\/webs.uab.cat\/easit\/sl\/wp-json\/wp\/v2\/pages\/406\/revisions"}],"wp:attachment":[{"href":"https:\/\/webs.uab.cat\/easit\/sl\/wp-json\/wp\/v2\/media?parent=406"}],"curies":[{"name":"wp","href":"https:\/\/api.w.org\/{rel}","templated":true}]}}