{"id":407,"date":"2021-06-22T12:40:46","date_gmt":"2021-06-22T12:40:46","guid":{"rendered":"https:\/\/webs.uab.cat\/easit\/easy-summary-event-4-2\/"},"modified":"2021-07-19T13:12:30","modified_gmt":"2021-07-19T13:12:30","slug":"easy-summary-event-4-2","status":"publish","type":"page","link":"https:\/\/webs.uab.cat\/easit\/sl\/easy-summary-event-4-2\/","title":{"rendered":"Easy summary of Event 4"},"content":{"rendered":"<p>&nbsp;<\/p>\n<div id=\"EventEN\">\n<p><span style=\"font-size:20px;\"><span style=\"font-family:verdana,geneva,sans-serif;\"><strong>1. Kaj je bil cilj Dogodka 4?<\/strong><\/span><\/span><\/p>\n<p><span style=\"font-size:20px;\"><span style=\"font-family:verdana,geneva,sans-serif;\">Dogodek 4 je bil 15. oktobra 2020.<\/span><\/span><\/p>\n<p><span style=\"font-size:20px;\"><span style=\"font-family:verdana,geneva,sans-serif;\">Dogodek je bil na spletu.<\/span><\/span><\/p>\n<p><span style=\"font-size:20px;\"><span style=\"font-family:verdana,geneva,sans-serif;\">Dogodek je organizirala Univerza iz Viga.<\/span><\/span><\/p>\n<p>&nbsp;<\/p>\n<p><span style=\"font-size:20px;\"><span style=\"font-family:verdana,geneva,sans-serif;\">Cilj dogodka je bila predstavitev<\/span><\/span><\/p>\n<p><span style=\"font-size:20px;\"><span style=\"font-family:verdana,geneva,sans-serif;\">u\u010dnih gradiv za izobra\u017eevanje EASIT.<\/span><\/span><\/p>\n<p>&nbsp;<\/p>\n<p><span style=\"font-size:20px;\"><span style=\"font-family:verdana,geneva,sans-serif;\">Dogodka se je udele\u017eilo 44 oseb.<\/span><\/span><\/p>\n<p>&nbsp;<\/p>\n<p><span style=\"font-size:20px;\"><span style=\"font-family:verdana,geneva,sans-serif;\"><strong>2. Kaj smo na dogodku po\u010deli?<\/strong><\/span><\/span><\/p>\n<p><span style=\"font-size:20px;\"><span style=\"font-family:verdana,geneva,sans-serif;\">Na dogodku je bilo:<\/span><\/span><\/p>\n<p><span style=\"font-size:20px;\"><span style=\"font-family:verdana,geneva,sans-serif;\">&#8211; 5 predstavitev in<\/span><\/span><\/p>\n<p><span style=\"font-size:20px;\"><span style=\"font-family:verdana,geneva,sans-serif;\">&#8211; 2 okrogli mizi s strokovnjaki za lahko razumljiv jezik:<\/span><\/span><\/p>\n<ul>\n<li><span style=\"font-size:20px;\"><span style=\"font-family:verdana,geneva,sans-serif;\">Pablo Romero-Fresco je udele\u017eence pozdravil,<\/span><\/span><\/li>\n<li><span style=\"font-size:20px;\"><span style=\"font-family:verdana,geneva,sans-serif;\">Carlo Eugeni je govoril o podnaslavljanju v \u017eivo in lahko razumljivem jeziku,<\/span><\/span><\/li>\n<li><span style=\"font-size:20px;\"><span style=\"font-family:verdana,geneva,sans-serif;\">\u00d3scar Garc\u00eda in Susanne Jekat sta debatirala o lahko razumljivem jeziku, podnaslavljanju in zvo\u010dnem opisovanju,<\/span><\/span><\/li>\n<li><span style=\"font-size:20px;\"><span style=\"font-family:verdana,geneva,sans-serif;\">Diego Chapela je govoril o prilagajanju knji\u017eevnosti v lahko razumljiv jezik,<\/span><\/span><\/li>\n<li><span style=\"font-size:20px;\"><span style=\"font-family:verdana,geneva,sans-serif;\">Pablo Romero-Fresco je govoril v zaklju\u010dku.<\/span><\/span><\/li>\n<\/ul>\n<p>&nbsp;<\/p>\n<p><span style=\"font-size:20px;\"><span style=\"font-family:verdana,geneva,sans-serif;\">Prikazali smo tudi 9 videov o projektu EASIT:<\/span><\/span><\/p>\n<ul>\n<li><span style=\"font-size:20px;\"><span style=\"font-family:verdana,geneva,sans-serif;\">splo\u0161ni video o projektu EASIT,<\/span><\/span><\/li>\n<li><span style=\"font-size:20px;\"><span style=\"font-family:verdana,geneva,sans-serif;\">video o rezultatih produkta 4,<\/span><\/span><\/li>\n<li><span style=\"font-size:20px;\"><span style=\"font-family:verdana,geneva,sans-serif;\">video o rezultatih produkta 5,<\/span><\/span><\/li>\n<li><span style=\"font-size:20px;\"><span style=\"font-family:verdana,geneva,sans-serif;\">video s kratko predstavitvijo vseh enot projekta:<\/span><\/span><\/li>\n<\/ul>\n<p><span style=\"font-size:20px;\"><span style=\"font-family:verdana,geneva,sans-serif;\">Enote 1, Enote 2, Enote 3A, Enote 3B, Enote 3C in Enote 4.<\/span><\/span><\/p>\n<p>&nbsp;<\/p>\n<p><span style=\"font-size:20px;\"><span style=\"font-family:verdana,geneva,sans-serif;\">Udele\u017eenci so si videe lahko ogledali med samim dogodkom.<\/span><\/span><\/p>\n<p><span style=\"font-size:20px;\"><span style=\"font-family:verdana,geneva,sans-serif;\">Posnetki so bili dostopni \u0161e teden dni po dogodku.<\/span><\/span><\/p>\n<p>&nbsp;<\/p>\n<p><span style=\"font-size:20px;\"><span style=\"font-family:verdana,geneva,sans-serif;\"><strong>3. Kje si lahko ogledate predstavitve in druge videe?<\/strong><\/span><\/span><\/p>\n<p><span style=\"font-size:20px;\"><span style=\"font-family:verdana,geneva,sans-serif;\">Predstavitve in druge videe<\/span><\/span><\/p>\n<p><span style=\"font-size:20px;\"><span style=\"font-family:verdana,geneva,sans-serif;\">si lahko ogledate na spletni strani projekta EASIT<\/span><\/span><\/p>\n<p><span style=\"font-size:20px;\"><span style=\"font-family:verdana,geneva,sans-serif;\">pod razdelkom Dogodki\/ Dogodek 4.<\/span><\/span><\/p>\n<p>&nbsp;<\/p>\n<p><span style=\"font-size:20px;\"><span style=\"font-family:verdana,geneva,sans-serif;\"><strong>Ali imate kak\u0161na vpra\u0161anja?<\/strong><\/span><\/span><\/p>\n<p><span style=\"font-size:20px;\"><span style=\"font-family:verdana,geneva,sans-serif;\">Pi\u0161ete lahko Pablu Romeru-Frescu na:<\/span><\/span><\/p>\n<p><span style=\"font-size:20px;\"><span style=\"font-family:verdana,geneva,sans-serif;\"><a href=\"mailto:promero@uvigo.es\"><strong>promero@uvigo.es<\/strong><\/a>.<\/span><\/span><\/p>\n<\/div>\n","protected":false},"excerpt":{"rendered":"<p>&nbsp; 1. Kaj je bil cilj Dogodka 4? Dogodek 4 je bil 15. oktobra 2020. Dogodek je bil na spletu. Dogodek je organizirala Univerza iz Viga. &nbsp; Cilj dogodka je bila predstavitev u\u010dnih gradiv za izobra\u017eevanje EASIT. &nbsp; Dogodka se je udele\u017eilo 44 oseb. &nbsp; 2. Kaj smo na dogodku po\u010deli? Na dogodku je bilo: [&hellip;]<\/p>\n","protected":false},"author":20,"featured_media":0,"parent":0,"menu_order":0,"comment_status":"closed","ping_status":"closed","template":"","meta":{"footnotes":""},"class_list":["post-407","page","type-page","status-publish","hentry"],"_links":{"self":[{"href":"https:\/\/webs.uab.cat\/easit\/sl\/wp-json\/wp\/v2\/pages\/407","targetHints":{"allow":["GET"]}}],"collection":[{"href":"https:\/\/webs.uab.cat\/easit\/sl\/wp-json\/wp\/v2\/pages"}],"about":[{"href":"https:\/\/webs.uab.cat\/easit\/sl\/wp-json\/wp\/v2\/types\/page"}],"author":[{"embeddable":true,"href":"https:\/\/webs.uab.cat\/easit\/sl\/wp-json\/wp\/v2\/users\/20"}],"replies":[{"embeddable":true,"href":"https:\/\/webs.uab.cat\/easit\/sl\/wp-json\/wp\/v2\/comments?post=407"}],"version-history":[{"count":0,"href":"https:\/\/webs.uab.cat\/easit\/sl\/wp-json\/wp\/v2\/pages\/407\/revisions"}],"wp:attachment":[{"href":"https:\/\/webs.uab.cat\/easit\/sl\/wp-json\/wp\/v2\/media?parent=407"}],"curies":[{"name":"wp","href":"https:\/\/api.w.org\/{rel}","templated":true}]}}