{"id":409,"date":"2021-07-16T12:27:47","date_gmt":"2021-07-16T12:27:47","guid":{"rendered":"https:\/\/webs.uab.cat\/easit\/easy-summary-event-6-2\/"},"modified":"2021-07-19T13:14:40","modified_gmt":"2021-07-19T13:14:40","slug":"easy-summary-event-6-2","status":"publish","type":"page","link":"https:\/\/webs.uab.cat\/easit\/sl\/easy-summary-event-6-2\/","title":{"rendered":"Easy summary of Event 6"},"content":{"rendered":"<p>&nbsp;<\/p>\n<div id=\"EventEN\">\n<p>&nbsp;<\/p>\n<p><span style=\"font-size:20px;\"><span style=\"font-family:verdana,geneva,sans-serif;\"><strong>1. Kaj je bil cilj dogodka 6?<\/strong><\/span><\/span><\/p>\n<p><span style=\"font-size:20px;\"><span style=\"font-family:verdana,geneva,sans-serif;\">Dogodek 6 je bil 14. junija 2021.<\/span><\/span><\/p>\n<p><span style=\"font-size:20px;\"><span style=\"font-family:verdana,geneva,sans-serif;\">Dogodek je bil na spletu.<\/span><\/span><\/p>\n<p><span style=\"font-size:20px;\"><span style=\"font-family:verdana,geneva,sans-serif;\">Dogodek je organizirala RTV Slovenija.<\/span><\/span><\/p>\n<p>&nbsp;<\/p>\n<p><span style=\"font-size:20px;\"><span style=\"font-family:verdana,geneva,sans-serif;\">Dogodek je bil namenjen<\/span><\/span><\/p>\n<p><span style=\"font-size:20px;\"><span style=\"font-family:verdana,geneva,sans-serif;\">avdiovizualnemu novinarstvu<\/span><\/span><\/p>\n<p><span style=\"font-size:20px;\"><span style=\"font-family:verdana,geneva,sans-serif;\">v lahko razumljivem jeziku.<\/span><\/span><\/p>\n<p><span style=\"font-size:20px;\"><span style=\"font-family:verdana,geneva,sans-serif;\">Predstavili smo tudi u\u010dna gradiva projekta EASIT.<\/span><\/span><\/p>\n<p>&nbsp;<\/p>\n<p><span style=\"font-size:20px;\"><span style=\"font-family:verdana,geneva,sans-serif;\">Dogodka se je udele\u017eilo 65 oseb.<\/span><\/span><\/p>\n<p>&nbsp;<\/p>\n<p><span style=\"font-size:20px;\"><span style=\"font-family:verdana,geneva,sans-serif;\"><strong>2. Kaj smo na dogodku 6 po\u010deli?<\/strong><\/span><\/span><\/p>\n<p><span style=\"font-size:20px;\"><span style=\"font-family:verdana,geneva,sans-serif;\">Ogledali smo si lahko 6 predstavitev:<\/span><\/span><\/p>\n<p><span style=\"font-size:20px;\"><span style=\"font-family:verdana,geneva,sans-serif;\">Veronika Rot je udele\u017eence nagovorila v uvodu,<\/span><\/span><\/p>\n<p><span style=\"font-size:20px;\"><span style=\"font-family:verdana,geneva,sans-serif;\">Anna Matamala je predstavila projekt EASIT,<\/span><\/span><\/p>\n<p><span style=\"font-size:20px;\"><span style=\"font-family:verdana,geneva,sans-serif;\">Miha Lobnik je spregovoril o tem,<br \/>\nda moramo imeti informacije vsi ljudje,<\/span><\/span><\/p>\n<p><span style=\"font-size:20px;\"><span style=\"font-family:verdana,geneva,sans-serif;\">Sekumady Conde je govoril o avdiovizualnem novinarstvu danes,<\/span><\/span><\/p>\n<p><span style=\"font-size:20px;\"><span style=\"font-family:verdana,geneva,sans-serif;\">Ilinka Todorovski je govorila o povezovanju<\/span><\/span><\/p>\n<p><span style=\"font-size:20px;\"><span style=\"font-family:verdana,geneva,sans-serif;\">med javno radiotelevizijo in ciljnimi uporabniki,<\/span><\/span><\/p>\n<p><span style=\"font-size:20px;\"><span style=\"font-family:verdana,geneva,sans-serif;\">Veronika Rot je imela kratek zaklju\u010dni nagovor.<\/span><\/span><\/p>\n<p>&nbsp;<\/p>\n<p><span style=\"font-size:20px;\"><span style=\"font-family:verdana,geneva,sans-serif;\">Ogledali smo si lahko 3 okrogle mize o:<\/span><\/span><\/p>\n<p><span style=\"font-size:20px;\"><span style=\"font-family:verdana,geneva,sans-serif;\">televizijskem novinarstvu v lahko razumljivem jeziku,<\/span><\/span><\/p>\n<p><span style=\"font-size:20px;\"><span style=\"font-family:verdana,geneva,sans-serif;\">informacijah, jeziku in potrebah uporabnikov s stali\u0161\u010da strokovnjakov,<\/span><\/span><\/p>\n<p><span style=\"font-size:20px;\"><span style=\"font-family:verdana,geneva,sans-serif;\">pomenu testnih bralcev-svetovalcev pri pripravi avdiovizualnih novic.<\/span><\/span><\/p>\n<p>&nbsp;<\/p>\n<p><span style=\"font-size:20px;\"><span style=\"font-family:verdana,geneva,sans-serif;\">Udele\u017eenci so si lahko ogledali<\/span><\/span><\/p>\n<p><span style=\"font-size:20px;\"><span style=\"font-family:verdana,geneva,sans-serif;\">izbor videov projekta EASIT.<\/span><\/span><\/p>\n<p>&nbsp;<\/p>\n<p><span style=\"font-size:20px;\"><span style=\"font-family:verdana,geneva,sans-serif;\"><strong>3. Kje si lahko videe ogledate?<\/strong><\/span><\/span><\/p>\n<p><span style=\"font-size:20px;\"><span style=\"font-family:verdana,geneva,sans-serif;\">Videe si lahko ogledate tudi na<\/span><\/span><\/p>\n<p><span style=\"font-size:20px;\"><span style=\"font-family:verdana,geneva,sans-serif;\">posebni EASIT podstrani.<\/span><\/span><\/p>\n<p><span style=\"font-size:20px;\"><span style=\"font-family:verdana,geneva,sans-serif;\">Tam so zbrana vsa u\u010dna gradiva projekta.<\/span><\/span><\/p>\n<p>&nbsp;<\/p>\n<p><span style=\"font-size:20px;\"><span style=\"font-family:verdana,geneva,sans-serif;\">\u010ce imate \u0161e kak\u0161no vpra\u0161anje,<\/span><\/span><\/p>\n<p><span style=\"font-size:20px;\"><span style=\"font-family:verdana,geneva,sans-serif;\">lahko pi\u0161ete Veroniki Rot na<\/span><\/span><\/p>\n<p><span style=\"font-size:20px;\"><span style=\"font-family:verdana,geneva,sans-serif;\"><strong><u><a href=\"mailto:Veronika.Rot@rtvslo.si\">Veronika.Rot@rtvslo.si<\/a><\/u><\/strong>.<\/span><\/span><\/p>\n<\/div>\n","protected":false},"excerpt":{"rendered":"<p>&nbsp; &nbsp; 1. Kaj je bil cilj dogodka 6? Dogodek 6 je bil 14. junija 2021. Dogodek je bil na spletu. Dogodek je organizirala RTV Slovenija. &nbsp; Dogodek je bil namenjen avdiovizualnemu novinarstvu v lahko razumljivem jeziku. Predstavili smo tudi u\u010dna gradiva projekta EASIT. &nbsp; Dogodka se je udele\u017eilo 65 oseb. &nbsp; 2. Kaj smo [&hellip;]<\/p>\n","protected":false},"author":20,"featured_media":0,"parent":0,"menu_order":0,"comment_status":"closed","ping_status":"closed","template":"","meta":{"footnotes":""},"class_list":["post-409","page","type-page","status-publish","hentry"],"_links":{"self":[{"href":"https:\/\/webs.uab.cat\/easit\/sl\/wp-json\/wp\/v2\/pages\/409","targetHints":{"allow":["GET"]}}],"collection":[{"href":"https:\/\/webs.uab.cat\/easit\/sl\/wp-json\/wp\/v2\/pages"}],"about":[{"href":"https:\/\/webs.uab.cat\/easit\/sl\/wp-json\/wp\/v2\/types\/page"}],"author":[{"embeddable":true,"href":"https:\/\/webs.uab.cat\/easit\/sl\/wp-json\/wp\/v2\/users\/20"}],"replies":[{"embeddable":true,"href":"https:\/\/webs.uab.cat\/easit\/sl\/wp-json\/wp\/v2\/comments?post=409"}],"version-history":[{"count":0,"href":"https:\/\/webs.uab.cat\/easit\/sl\/wp-json\/wp\/v2\/pages\/409\/revisions"}],"wp:attachment":[{"href":"https:\/\/webs.uab.cat\/easit\/sl\/wp-json\/wp\/v2\/media?parent=409"}],"curies":[{"name":"wp","href":"https:\/\/api.w.org\/{rel}","templated":true}]}}