{"id":287,"date":"2018-09-03T15:14:42","date_gmt":"2018-09-03T15:14:42","guid":{"rendered":"https:\/\/webs.uab.cat\/easit\/inici-2\/"},"modified":"2024-06-26T06:18:07","modified_gmt":"2024-06-26T06:18:07","slug":"inici-2","status":"publish","type":"page","link":"https:\/\/webs.uab.cat\/easit\/sv\/","title":{"rendered":"Home"},"content":{"rendered":"\n<script src=\"https:\/\/cdn-eu.readspeaker.com\/script\/10610\/webReader\/webReader.js?pids=wr\" type=\"text\/javascript\" id=\"rs_req_Init\"><\/script>\n\n<div class=\"rs_skip rsbtn rs_preserve\" id=\"readspeaker_button1\">\n  <a rel=\"nofollow\" class=\"rsbtn_play\" title=\"Lyssna p&aring; sidans text med ReadSpeaker webReader\" href=\"https:\/\/app-eu.readspeaker.com\/cgi-bin\/rsent?customerid=10610&amp;lang=sv_se&amp;readid=READIDeasitiniciSV&amp;url=https:\/\/webs.uab.cat\/easit\/sv\/\">\n        <span class=\"rsbtn_left rsimg rspart\"><span class=\"rsbtn_text\"><span>Lyssna<\/span><\/span><\/span>\n        <span class=\"rsbtn_right rsimg rsplay rspart\"><\/span>\n    <\/a>\n<\/div><p>&nbsp;<\/p>\n<div id=\"READIDeasitiniciSV\">\n<p>EASIT \u00e4r ett projekt<\/p>\n<p>f\u00f6r att g\u00f6ra information l\u00e4tt att f\u00f6rst\u00e5.<\/p>\n<p>Det kan vi g\u00f6ra genom att anv\u00e4nda<\/p>\n<p>l\u00e4ttl\u00e4st och klarspr\u00e5k.<\/p>\n<p>&nbsp;<\/p>\n<p>EASIT \u00e4r en f\u00f6rkortning av<\/p>\n<p>Easy Access for Social Inclusion Training.<\/p>\n<p>Projektet handlar om<\/p>\n<p>utbildning i tillg\u00e4nglig information.<\/p>\n<p>Projektet startade 1 september 2018<\/p>\n<p>och avslutas 31 augusti 2021.<\/p>\n<p>&nbsp;<\/p>\n<p>Denna webbplats anv\u00e4nder l\u00e4ttl\u00e4st text.<\/p>\n<p>L\u00e4ttl\u00e4st g\u00f6r informationen enkel att f\u00f6rst\u00e5.<\/p>\n<p>Men n\u00e5gra ord \u00e4r sv\u00e5ra att f\u00f6rst\u00e5.<\/p>\n<p>&nbsp;<\/p>\n<p>De \u00e4r\u00a0<strong>fetmarkerade<\/strong>.<\/p>\n<p>Vi f\u00f6rklarar de orden i texten.<\/p>\n<p>I projektet EASIT<\/p>\n<p>ska vi ta fram material<\/p>\n<p>f\u00f6r att utbilda kommunikat\u00f6rer<\/p>\n<p>i att g\u00f6ra information enkel att f\u00f6rst\u00e5.<\/p>\n<p>&nbsp;<\/p>\n<p>Det handlar b\u00e5de om text och film.<\/p>\n<p>I en film finns b\u00e5de ljud och bild.<\/p>\n<p>Det kallas\u00a0<strong>audio-visuell information<\/strong>.<\/p>\n<p>TV-program och Youtube-klipp \u00e4r exempel p\u00e5<\/p>\n<p>audio-visuell information.<\/p>\n<p>F\u00f6r att g\u00f6ra film enklare att f\u00f6rst\u00e5<\/p>\n<p>kan man anv\u00e4nda l\u00e4ttl\u00e4st\u00a0<strong>textremsa.<\/strong><\/p>\n<p>D\u00e4r st\u00e5r det vad personerna i filmen s\u00e4ger.<\/p>\n<p>Textremsan kan ocks\u00e5 beskriva ljud.<\/p>\n<p>&nbsp;<\/p>\n<p><strong>Syntolkningar<\/strong>\u00a0kan ocks\u00e5 g\u00f6ra en film l\u00e4ttare att f\u00f6rst\u00e5.<\/p>\n<p>D\u00e5 f\u00f6rklarar en ber\u00e4ttarr\u00f6st vad som h\u00e4nder i filmen.<\/p>\n<p>&nbsp;<\/p>\n<p>Hemsidan inneh\u00e5ller f\u00f6ljande information<\/p>\n<ul>\n  <li>Vi som arbetar i projektet<\/li>\n<\/ul>\n<ul>\n  <li>Projektets resultat<\/li>\n<\/ul>\n<ul>\n  <li>Projektets evenemang<\/li>\n<\/ul>\n<ul>\n  <li>Nyheter fr\u00e5n projektet<\/li>\n<\/ul>\n<ul>\n  <li>Hur du kontaktar oss<\/li>\n<\/ul>\n<p>Klicka p\u00e5 l\u00e4nkarna eller anv\u00e4nd menyn \u00f6verst p\u00e5 sidan.<\/p>\n<p>EASIT \u00e4r ett europeiskt projekt.<\/p>\n<p>&nbsp;<\/p>\n<p>V\u00e5rt projektnummer \u00e4r:<\/p>\n<p>2018\u20131-ES01-KA203-050275.<\/p>\n<p>Om du vill st\u00e4lla fr\u00e5gor om projektet<\/p>\n<p>kan du kontakta Anna Matamala.<\/p>\n<p>&nbsp;<\/p>\n<p>Hon \u00e4r ansvarig f\u00f6r EASIT.<\/p>\n<p>Annas e-post \u00e4r: <a href=\"mailto:anna.matamala@uab.cat\">anna.matamala@uab.cat<\/a><\/p>\n<\/div>\n","protected":false},"excerpt":{"rendered":"<p>Lyssna &nbsp; EASIT \u00e4r ett projekt f\u00f6r att g\u00f6ra information l\u00e4tt att f\u00f6rst\u00e5. Det kan vi g\u00f6ra genom att anv\u00e4nda l\u00e4ttl\u00e4st och klarspr\u00e5k. &nbsp; EASIT \u00e4r en f\u00f6rkortning av Easy Access for Social Inclusion Training. Projektet handlar om utbildning i tillg\u00e4nglig information. Projektet startade 1 september 2018 och avslutas 31 augusti 2021. &nbsp; Denna webbplats [&hellip;]<\/p>\n","protected":false},"author":20,"featured_media":0,"parent":0,"menu_order":0,"comment_status":"closed","ping_status":"closed","template":"","meta":{"footnotes":""},"class_list":["post-287","page","type-page","status-publish","hentry"],"_links":{"self":[{"href":"https:\/\/webs.uab.cat\/easit\/sv\/wp-json\/wp\/v2\/pages\/287","targetHints":{"allow":["GET"]}}],"collection":[{"href":"https:\/\/webs.uab.cat\/easit\/sv\/wp-json\/wp\/v2\/pages"}],"about":[{"href":"https:\/\/webs.uab.cat\/easit\/sv\/wp-json\/wp\/v2\/types\/page"}],"author":[{"embeddable":true,"href":"https:\/\/webs.uab.cat\/easit\/sv\/wp-json\/wp\/v2\/users\/20"}],"replies":[{"embeddable":true,"href":"https:\/\/webs.uab.cat\/easit\/sv\/wp-json\/wp\/v2\/comments?post=287"}],"version-history":[{"count":3,"href":"https:\/\/webs.uab.cat\/easit\/sv\/wp-json\/wp\/v2\/pages\/287\/revisions"}],"predecessor-version":[{"id":4355,"href":"https:\/\/webs.uab.cat\/easit\/sv\/wp-json\/wp\/v2\/pages\/287\/revisions\/4355"}],"wp:attachment":[{"href":"https:\/\/webs.uab.cat\/easit\/sv\/wp-json\/wp\/v2\/media?parent=287"}],"curies":[{"name":"wp","href":"https:\/\/api.w.org\/{rel}","templated":true}]}}