{"id":288,"date":"2018-09-03T15:16:03","date_gmt":"2018-09-03T15:16:03","guid":{"rendered":"https:\/\/webs.uab.cat\/easit\/partner\/"},"modified":"2024-06-26T06:19:05","modified_gmt":"2024-06-26T06:19:05","slug":"partner","status":"publish","type":"page","link":"https:\/\/webs.uab.cat\/easit\/sv\/partner\/","title":{"rendered":"Partner"},"content":{"rendered":"\n<script src=\"https:\/\/cdn-eu.readspeaker.com\/script\/10610\/webReader\/webReader.js?pids=wr\" type=\"text\/javascript\" id=\"rs_req_Init\"><\/script>\n\n<div class=\"rs_skip rsbtn rs_preserve\" id=\"readspeaker_button1\">\n  <a rel=\"nofollow\" class=\"rsbtn_play\" title=\"Lyssna p&aring; sidans text med ReadSpeaker webReader\" href=\"https:\/\/app-eu.readspeaker.com\/cgi-bin\/rsent?customerid=10610&amp;lang=sv_se&amp;readid=READIDpartnerSV&amp;url=https:\/\/webs.uab.cat\/easit\/sv\/partner\/\">\n        <span class=\"rsbtn_left rsimg rspart\"><span class=\"rsbtn_text\"><span>Lyssna<\/span><\/span><\/span>\n        <span class=\"rsbtn_right rsimg rsplay rspart\"><\/span>\n    <\/a>\n<\/div><p>&nbsp;<\/p>\n<div id=\"READIDpartnerSV\">\n<p>8 organisationer arbetar i EASIT projektet.<\/p>\n<p>De kallas f\u00f6r\u00a0<strong>partners.<\/strong><\/p>\n<p>Det \u00e4r:<\/p>\n<p>5 universitet<\/p>\n<p>1 TV-bolag<\/p>\n<p>2 brukarorganisationer<\/p>\n<p>\u00a0<\/p>\n<p>Partnerna heter:<\/p>\n<ul>\n  <li><a href=\"http:\/\/webs.uab.cat\/easit\/sv\/content\/dyslexif%C3%B6rbundet\">Dyslexif\u00f6rbundet<\/a><\/li>\n<\/ul>\n<ul>\n  <li><a href=\"http:\/\/webs.uab.cat\/easit\/sv\/content\/rtv-slovenija\">Radiotelevizija Slovenija Javni Zavod Ljubljana<\/a><\/li>\n<\/ul>\n<ul>\n  <li><a href=\"http:\/\/webs.uab.cat\/easit\/sv\/content\/universitetet-i-m%C3%BCnchen\">SDI M\u00fcnchen<\/a><\/li>\n<\/ul>\n<ul>\n  <li><a href=\"http:\/\/webs.uab.cat\/easit\/sv\/content\/stiftung-universit%C3%A4t-hildesheim\">Stiftung Universit\u00e4t Hildesheim<\/a><\/li>\n<\/ul>\n<ul>\n  <li><a href=\"http:\/\/webs.uab.cat\/easit\/sv\/content\/universitetet-i-vigo\">Universidade de Vigo<\/a><\/li>\n<\/ul>\n<ul>\n  <li><a href=\"http:\/\/webs.uab.cat\/easit\/sv\/content\/universitetet-i-trieste\">Universit\u00e0 degli Studi di Trieste<\/a><\/li>\n<\/ul>\n<ul>\n  <li><a href=\"http:\/\/webs.uab.cat\/easit\/sv\/content\/universitat-aut%C3%B2noma-de-barcelona\">Universitat Aut\u00f2noma de Barcelona<\/a><\/li>\n<\/ul>\n<ul>\n  <li><a href=\"https:\/\/pagines.uab.cat\/easit\/sv\/content\/zavod-risa\">Zavod RISA<\/a><\/li>\n<\/ul>\n<p>\u00a0<\/p>\n<p>Vill du l\u00e4sa mer om partnerna kan du:<\/p>\n<ul>\n  <li>anv\u00e4nda l\u00e4nkarna<\/li>\n<\/ul>\n<ul>\n  <li>anv\u00e4nda menyn i toppen av sidan<\/li>\n<\/ul>\n<\/div>\n","protected":false},"excerpt":{"rendered":"<p>Lyssna &nbsp; 8 organisationer arbetar i EASIT projektet. De kallas f\u00f6r\u00a0partners. Det \u00e4r: 5 universitet 1 TV-bolag 2 brukarorganisationer \u00a0 Partnerna heter: Dyslexif\u00f6rbundet Radiotelevizija Slovenija Javni Zavod Ljubljana SDI M\u00fcnchen Stiftung Universit\u00e4t Hildesheim Universidade de Vigo Universit\u00e0 degli Studi di Trieste Universitat Aut\u00f2noma de Barcelona Zavod RISA \u00a0 Vill du l\u00e4sa mer om partnerna kan [&hellip;]<\/p>\n","protected":false},"author":20,"featured_media":0,"parent":0,"menu_order":0,"comment_status":"closed","ping_status":"closed","template":"","meta":{"footnotes":""},"class_list":["post-288","page","type-page","status-publish","hentry"],"_links":{"self":[{"href":"https:\/\/webs.uab.cat\/easit\/sv\/wp-json\/wp\/v2\/pages\/288","targetHints":{"allow":["GET"]}}],"collection":[{"href":"https:\/\/webs.uab.cat\/easit\/sv\/wp-json\/wp\/v2\/pages"}],"about":[{"href":"https:\/\/webs.uab.cat\/easit\/sv\/wp-json\/wp\/v2\/types\/page"}],"author":[{"embeddable":true,"href":"https:\/\/webs.uab.cat\/easit\/sv\/wp-json\/wp\/v2\/users\/20"}],"replies":[{"embeddable":true,"href":"https:\/\/webs.uab.cat\/easit\/sv\/wp-json\/wp\/v2\/comments?post=288"}],"version-history":[{"count":2,"href":"https:\/\/webs.uab.cat\/easit\/sv\/wp-json\/wp\/v2\/pages\/288\/revisions"}],"predecessor-version":[{"id":4356,"href":"https:\/\/webs.uab.cat\/easit\/sv\/wp-json\/wp\/v2\/pages\/288\/revisions\/4356"}],"wp:attachment":[{"href":"https:\/\/webs.uab.cat\/easit\/sv\/wp-json\/wp\/v2\/media?parent=288"}],"curies":[{"name":"wp","href":"https:\/\/api.w.org\/{rel}","templated":true}]}}