{"id":289,"date":"2018-09-25T08:35:05","date_gmt":"2018-09-25T08:35:05","guid":{"rendered":"https:\/\/webs.uab.cat\/easit\/dyslexiforbundet-2\/"},"modified":"2024-05-16T06:03:23","modified_gmt":"2024-05-16T06:03:23","slug":"dyslexiforbundet-2","status":"publish","type":"page","link":"https:\/\/webs.uab.cat\/easit\/sv\/dyslexiforbundet-2\/","title":{"rendered":"Dyslexif\u00f6rbundet"},"content":{"rendered":"\n<p><\/p>\n\n\n\n<script src=\"https:\/\/cdn-eu.readspeaker.com\/script\/10610\/webReader\/webReader.js?pids=wr\" type=\"text\/javascript\" id=\"rs_req_Init\"><\/script>\n\n<div class=\"rs_skip rsbtn rs_preserve\" id=\"readspeaker_button1\">\n  <a rel=\"nofollow\" class=\"rsbtn_play\" title=\"Lyssna p&aring; sidans text med ReadSpeaker webReader\" href=\"https:\/\/app-eu.readspeaker.com\/cgi-bin\/rsent?customerid=10610&amp;lang=sv_se&amp;readid=READIDdyslexiforbundet2SV&amp;url=https:\/\/webs.uab.cat\/easit\/sv\/dyslexiforbundet-2\/\">\n        <span class=\"rsbtn_left rsimg rspart\"><span class=\"rsbtn_text\"><span>Lyssna<\/span><\/span><\/span>\n        <span class=\"rsbtn_right rsimg rsplay rspart\"><\/span>\n    <\/a>\n<\/div><p>&nbsp;<\/p>\n<div id=\"READIDdyslexiforbundet2SV\">\n<p><strong>Dyslexif\u00f6rbundet<\/strong><\/p>\n<p>Dyslexif\u00f6rbundet \u00e4r en svensk organisation<\/p>\n<p>f\u00f6r personer som har sv\u00e5rt<\/p>\n<p>att l\u00e4sa, skriva och r\u00e4kna.<\/p>\n<p>\u00a0<\/p>\n<p>V\u00e5r organisation ska inte tj\u00e4na pengar.<\/p>\n<p>Vi \u00e4r en\u00a0<strong>ideell organisation<\/strong>.<\/p>\n<p>\u00a0<\/p>\n<p>Dyslexif\u00f6rbundet arbetar med:<\/p>\n<ul>\n  <li>r\u00e5dgivning och st\u00f6d<\/li>\n<\/ul>\n<ul>\n  <li>information<\/li>\n<\/ul>\n<ul>\n  <li>utbildning<\/li>\n<\/ul>\n<ul>\n  <li>att p\u00e5verka politiker<\/li>\n<\/ul>\n<ul>\n  <li>evenemang<\/li>\n<\/ul>\n<ul>\n  <li>projekt<\/li>\n<\/ul>\n<p>\u00a0<\/p>\n<p><strong>Om l\u00e4s- och skrivsv\u00e5righeter<\/strong><\/p>\n<p>M\u00e5nga personer har sv\u00e5rt att l\u00e4sa och skriva.<\/p>\n<p>N\u00e5gra av dem har dyslexi.<\/p>\n<p>\u00a0<\/p>\n<p>Det finns fler orsaker till l\u00e4s- och skrivsv\u00e5righeter.<\/p>\n<p>Till exempel:<\/p>\n<ul>\n  <li>ovana vid b\u00f6cker<\/li>\n<\/ul>\n<ul>\n  <li>sv\u00e5rt att l\u00e4ra sig saker<\/li>\n<\/ul>\n<ul>\n  <li>l\u00e4tt att gl\u00f6mma saker.<\/li>\n<\/ul>\n<p>\u00a0<\/p>\n<p>Ungef\u00e4r 15 av 100 personer i Sverige har sv\u00e5rt att l\u00e4sa.<\/p>\n<p>\u00a0<\/p>\n<p>Skolan blir ofta sv\u00e5r<\/p>\n<p>f\u00f6r den som har sv\u00e5rt att l\u00e4sa och skriva.<\/p>\n<p>Barnet kan bli ledset och k\u00e4nna sig utanf\u00f6r.<\/p>\n<p>Det \u00e4r likadant f\u00f6r vuxna i arbetslivet.<\/p>\n<p>\u00a0<\/p>\n<p><u>Detta kan vi g\u00f6ra f\u00f6r att minska problemen:<\/u><\/p>\n<ul>\n  <li>Hitta de barn som har sv\u00e5rt att l\u00e4ra sig l\u00e4sa och skriva<\/li>\n<\/ul>\n<ul>\n  <li>Hj\u00e4lpa dem direkt<\/li>\n<\/ul>\n<ul>\n  <li>Erbjuda tr\u00e4ning<\/li>\n<\/ul>\n<ul>\n  <li>Till\u00e5ta hj\u00e4lpmedel<\/li>\n<\/ul>\n<ul>\n  <li>G\u00f6ra information l\u00e4tt att f\u00f6rst\u00e5 p\u00e5 olika s\u00e4tt<\/li>\n<\/ul>\n<p>till exempel genom uppl\u00e4st text, videofilmer och bilder<\/p>\n<ul>\n  <li>L\u00e4rare och kollegor ska visa f\u00f6rst\u00e5else f\u00f6r den<\/li>\n<\/ul>\n<p>som har sv\u00e5rt att l\u00e4sa och skriva<\/p>\n<p>\u00a0<\/p>\n<p>Dyslexif\u00f6rbundet driver olika projekt.<\/p>\n<p>Ett projekt heter Begriplig Text.<\/p>\n<p>D\u00e4r tar vi reda p\u00e5<\/p>\n<p>vad som g\u00f6r texter enkla att l\u00e4sa och f\u00f6rst\u00e5.<\/p>\n<p>\u00a0<\/p>\n<p><strong>Jag som skrivit denna text heter Ester Hedberg<\/strong><\/p>\n<p>Jag arbetar p\u00e5 Dyslexif\u00f6rbundet<\/p>\n<p>H\u00e4r \u00e4r v\u00e5r hemsida:\u00a0<a href=\"http:\/\/www.dyslexi.org\/\">www.dyslexi.org<\/a><\/p>\n<p>Jag \u00e4r projektledare f\u00f6r Begriplig Text,<\/p>\n<p>som du kan l\u00e4sa om h\u00e4r:\u00a0<a href=\"http:\/\/www.begripligtext.se\/\">www.begripligtext.se<\/a><\/p>\n<p>Om du har fr\u00e5gor kan du skicka e-post till mig <a href=\"mailto:ester.hedberg@dyslexi.org\">ester.hedberg@dyslexi.org<\/a><\/p>\n<\/div>\n","protected":false},"excerpt":{"rendered":"<p>Lyssna &nbsp; Dyslexif\u00f6rbundet Dyslexif\u00f6rbundet \u00e4r en svensk organisation f\u00f6r personer som har sv\u00e5rt att l\u00e4sa, skriva och r\u00e4kna. \u00a0 V\u00e5r organisation ska inte tj\u00e4na pengar. Vi \u00e4r en\u00a0ideell organisation. \u00a0 Dyslexif\u00f6rbundet arbetar med: r\u00e5dgivning och st\u00f6d information utbildning att p\u00e5verka politiker evenemang projekt \u00a0 Om l\u00e4s- och skrivsv\u00e5righeter M\u00e5nga personer har sv\u00e5rt att l\u00e4sa och [&hellip;]<\/p>\n","protected":false},"author":20,"featured_media":0,"parent":0,"menu_order":0,"comment_status":"closed","ping_status":"closed","template":"","meta":{"footnotes":""},"class_list":["post-289","page","type-page","status-publish","hentry"],"_links":{"self":[{"href":"https:\/\/webs.uab.cat\/easit\/sv\/wp-json\/wp\/v2\/pages\/289","targetHints":{"allow":["GET"]}}],"collection":[{"href":"https:\/\/webs.uab.cat\/easit\/sv\/wp-json\/wp\/v2\/pages"}],"about":[{"href":"https:\/\/webs.uab.cat\/easit\/sv\/wp-json\/wp\/v2\/types\/page"}],"author":[{"embeddable":true,"href":"https:\/\/webs.uab.cat\/easit\/sv\/wp-json\/wp\/v2\/users\/20"}],"replies":[{"embeddable":true,"href":"https:\/\/webs.uab.cat\/easit\/sv\/wp-json\/wp\/v2\/comments?post=289"}],"version-history":[{"count":2,"href":"https:\/\/webs.uab.cat\/easit\/sv\/wp-json\/wp\/v2\/pages\/289\/revisions"}],"predecessor-version":[{"id":3838,"href":"https:\/\/webs.uab.cat\/easit\/sv\/wp-json\/wp\/v2\/pages\/289\/revisions\/3838"}],"wp:attachment":[{"href":"https:\/\/webs.uab.cat\/easit\/sv\/wp-json\/wp\/v2\/media?parent=289"}],"curies":[{"name":"wp","href":"https:\/\/api.w.org\/{rel}","templated":true}]}}