{"id":291,"date":"2018-09-25T08:35:41","date_gmt":"2018-09-25T08:35:41","guid":{"rendered":"https:\/\/webs.uab.cat\/easit\/universitetet-i-munchen\/"},"modified":"2024-05-16T09:43:29","modified_gmt":"2024-05-16T09:43:29","slug":"universitetet-i-munchen","status":"publish","type":"page","link":"https:\/\/webs.uab.cat\/easit\/sv\/universitetet-i-munchen\/","title":{"rendered":"Universitetet i M\u00fcnchen"},"content":{"rendered":"\n<p><\/p>\n\n\n\n<script src=\"https:\/\/cdn-eu.readspeaker.com\/script\/10610\/webReader\/webReader.js?pids=wr\" type=\"text\/javascript\" id=\"rs_req_Init\"><\/script>\n\n<div class=\"rs_skip rsbtn rs_preserve\" id=\"readspeaker_button1\">\n  <a rel=\"nofollow\" class=\"rsbtn_play\" title=\"Lyssna p&aring; sidans text med ReadSpeaker webReader\" href=\"https:\/\/app-eu.readspeaker.com\/cgi-bin\/rsent?customerid=10610&amp;lang=sv_se&amp;readid=READIDuniversitetetSV&amp;url=https:\/\/webs.uab.cat\/easit\/sv\/universitetet-i-munchen\/\">\n        <span class=\"rsbtn_left rsimg rspart\"><span class=\"rsbtn_text\"><span>Lyssna<\/span><\/span><\/span>\n        <span class=\"rsbtn_right rsimg rsplay rspart\"><\/span>\n    <\/a>\n<\/div><p>&nbsp;<\/p>\n<div id=\"READIDuniversitetetSV\">\n<p><strong>Universitetet i M\u00fcnchen, Tyskland<\/strong><\/p>\n<p>I s\u00f6dra Tyskland ligger staden M\u00fcnchen.<\/p>\n<p>V\u00e5rt universitet heter SDI M\u00fcnchen<\/p>\n<p>Det \u00e4r ett universitet f\u00f6r spr\u00e5k och \u00f6vers\u00e4ttning.<\/p>\n<p>\u00a0<\/p>\n<p>P\u00e5 v\u00e5rt universitet l\u00e4r vi ut\u00a0<strong>kommunikation<\/strong>.<\/p>\n<p>Kommunikation handlar om att tala och skriva p\u00e5 olika spr\u00e5k.<\/p>\n<p>\u00a0<\/p>\n<p>Hos oss kan du studera:<\/p>\n<ul>\n  <li>spanska<\/li>\n<\/ul>\n<ul>\n  <li>franska<\/li>\n<\/ul>\n<ul>\n  <li>ryska<\/li>\n<\/ul>\n<ul>\n  <li>italienska<\/li>\n<\/ul>\n<ul>\n  <li>tyska<\/li>\n<\/ul>\n<ul>\n  <li>engelska<\/li>\n<\/ul>\n<p>\u00a0<\/p>\n<p>Kommunikation handlar ocks\u00e5 om:<\/p>\n<ul>\n  <li>att k\u00e4nna till l\u00e4nderna<\/li>\n<\/ul>\n<ul>\n  <li>att f\u00f6rst\u00e5 vad m\u00e4nniskorna tycker och t\u00e4nker<\/li>\n<\/ul>\n<ul>\n  <li>att k\u00e4nna till vad m\u00e4nniskorna i landet g\u00f6r.<\/li>\n<\/ul>\n<p>\u00a0<\/p>\n<p>Du kan l\u00e4ra dig om maten i l\u00e4nderna,<\/p>\n<p>v\u00e4dret, politiken och om berg och sj\u00f6ar i landet.<\/p>\n<p>\u00a0<\/p>\n<p><strong>Jag som skrivit denna text heter Roc\u00edo Bernab\u00e9.<\/strong><\/p>\n<p>Jag arbetar p\u00e5 Universitetet i M\u00fcnchen,<\/p>\n<p>som har denna hemsida:<\/p>\n<p><a href=\"http:\/\/www.sdi-muenchen.de\/\">www.sdi-muenchen.de<\/a><\/p>\n<p>Du kan skicka e-post till mig<\/p>\n<p>om du har fr\u00e5gor om universitetet.<\/p>\n<p><a href=\"mailto:Rocio.Bernabe@sdi-muenchen.de\">Rocio.Bernabe@sdi-muenchen.de<\/a>\u00a0<\/p>\n<\/div>\n","protected":false},"excerpt":{"rendered":"<p>Lyssna &nbsp; Universitetet i M\u00fcnchen, Tyskland I s\u00f6dra Tyskland ligger staden M\u00fcnchen. V\u00e5rt universitet heter SDI M\u00fcnchen Det \u00e4r ett universitet f\u00f6r spr\u00e5k och \u00f6vers\u00e4ttning. \u00a0 P\u00e5 v\u00e5rt universitet l\u00e4r vi ut\u00a0kommunikation. Kommunikation handlar om att tala och skriva p\u00e5 olika spr\u00e5k. \u00a0 Hos oss kan du studera: spanska franska ryska italienska tyska engelska \u00a0 [&hellip;]<\/p>\n","protected":false},"author":20,"featured_media":0,"parent":0,"menu_order":0,"comment_status":"closed","ping_status":"closed","template":"","meta":{"footnotes":""},"class_list":["post-291","page","type-page","status-publish","hentry"],"_links":{"self":[{"href":"https:\/\/webs.uab.cat\/easit\/sv\/wp-json\/wp\/v2\/pages\/291","targetHints":{"allow":["GET"]}}],"collection":[{"href":"https:\/\/webs.uab.cat\/easit\/sv\/wp-json\/wp\/v2\/pages"}],"about":[{"href":"https:\/\/webs.uab.cat\/easit\/sv\/wp-json\/wp\/v2\/types\/page"}],"author":[{"embeddable":true,"href":"https:\/\/webs.uab.cat\/easit\/sv\/wp-json\/wp\/v2\/users\/20"}],"replies":[{"embeddable":true,"href":"https:\/\/webs.uab.cat\/easit\/sv\/wp-json\/wp\/v2\/comments?post=291"}],"version-history":[{"count":1,"href":"https:\/\/webs.uab.cat\/easit\/sv\/wp-json\/wp\/v2\/pages\/291\/revisions"}],"predecessor-version":[{"id":3840,"href":"https:\/\/webs.uab.cat\/easit\/sv\/wp-json\/wp\/v2\/pages\/291\/revisions\/3840"}],"wp:attachment":[{"href":"https:\/\/webs.uab.cat\/easit\/sv\/wp-json\/wp\/v2\/media?parent=291"}],"curies":[{"name":"wp","href":"https:\/\/api.w.org\/{rel}","templated":true}]}}