{"id":292,"date":"2018-09-25T08:35:58","date_gmt":"2018-09-25T08:35:58","guid":{"rendered":"https:\/\/webs.uab.cat\/easit\/stiftung-universitat-hildesheim-2\/"},"modified":"2024-05-16T09:43:21","modified_gmt":"2024-05-16T09:43:21","slug":"stiftung-universitat-hildesheim-2","status":"publish","type":"page","link":"https:\/\/webs.uab.cat\/easit\/sv\/stiftung-universitat-hildesheim-2\/","title":{"rendered":"Stiftung Universit\u00e4t Hildesheim"},"content":{"rendered":"\n<script src=\"https:\/\/cdn-eu.readspeaker.com\/script\/10610\/webReader\/webReader.js?pids=wr\" type=\"text\/javascript\" id=\"rs_req_Init\"><\/script>\n\n<div class=\"rs_skip rsbtn rs_preserve\" id=\"readspeaker_button1\">\n  <a rel=\"nofollow\" class=\"rsbtn_play\" title=\"Lyssna p&aring; sidans text med ReadSpeaker webReader\" href=\"https:\/\/app-eu.readspeaker.com\/cgi-bin\/rsent?customerid=10610&amp;lang=sv_se&amp;readid=READIDstiftungSV&amp;url=https:\/\/webs.uab.cat\/easit\/sv\/stiftung-universitat-hildesheim-2\/\">\n        <span class=\"rsbtn_left rsimg rspart\"><span class=\"rsbtn_text\"><span>Lyssna<\/span><\/span><\/span>\n        <span class=\"rsbtn_right rsimg rsplay rspart\"><\/span>\n    <\/a>\n<\/div><p>&nbsp;<\/p>\n<div id=\"READIDstiftungSV\">\n<p><strong>Stiftung Universit\u00e4t Hildesheim<\/strong><\/p>\n<p>Vi \u00e4r ett universitet.<\/p>\n<p>V\u00e5rt namn \u00e4r SUH.<\/p>\n<p>Det \u00e4r en f\u00f6rkortning f\u00f6r Stiftung Universit\u00e4t Hildesheim.<\/p>\n<p>Det betyder Stiftelsen Universitetet i Hildesheim.<\/p>\n<p>Hildesheim \u00e4r en stad i norra Tyskland.<\/p>\n<p>\u00a0<\/p>\n<p>P\u00e5 SUH finns personer som forskar om l\u00e4ttl\u00e4st.<\/p>\n<p>De arbetar p\u00e5 ett centrum f\u00f6r forskning.<\/p>\n<p>Det heter Tysklands forskningscentrum f\u00f6r l\u00e4ttl\u00e4st.<\/p>\n<p>(Research Center on Easy-to Read German)<\/p>\n<p>\u00a0<\/p>\n<ul>\n  <li>Vi arbetar med l\u00e4ttl\u00e4st i Tyskland<\/li>\n<\/ul>\n<ul>\n  <li>Vi tar fram material f\u00f6r att utbilda \u00f6vers\u00e4ttare i l\u00e4ttl\u00e4st tyska<\/li>\n<\/ul>\n<ul>\n  <li>Vi sprider information om l\u00e4ttl\u00e4st.<\/li>\n<\/ul>\n<ul>\n  <li>Vi driver och deltar i projekt om l\u00e4ttl\u00e4st.<\/li>\n<\/ul>\n<p>\u00a0<\/p>\n<p>Vi \u00e4r med i EASIT.<\/p>\n<p>Tv\u00e5 personer fr\u00e5n SUH arbetar med EASIT:<\/p>\n<ol>\n  <li>Christiane Maa\u00df<br>\n  <\/li>\n  <li>Sergio Hern\u00e1ndez Garrido.<\/li>\n<\/ol>\n<p>\u00a0<\/p>\n<p>Christine Maa\u00df \u00e4r chef<\/p>\n<p>f\u00f6r Tysklands forskningscentrum f\u00f6r l\u00e4ttl\u00e4st.<\/p>\n<p>Sergio Hern\u00e1ndez Garrido \u00e4r en av forskarna.<\/p>\n<p>\u00a0<\/p>\n<p><strong>Jag som skrivit denna text heter\u00a0<\/strong><strong>Sergio Hern\u00e1ndez Garrido.<\/strong><\/p>\n<p>Jag arbetatar p\u00e5 SUH.<\/p>\n<p>Om du har fr\u00e5gor kan du skicka e-post till mig:<\/p>\n<p><a href=\"mailto:hernande@uni-hildesheim.de\">hernande@uni-hildesheim.de<\/a><\/p>\n<\/div>\n","protected":false},"excerpt":{"rendered":"<p>Lyssna &nbsp; Stiftung Universit\u00e4t Hildesheim Vi \u00e4r ett universitet. V\u00e5rt namn \u00e4r SUH. Det \u00e4r en f\u00f6rkortning f\u00f6r Stiftung Universit\u00e4t Hildesheim. Det betyder Stiftelsen Universitetet i Hildesheim. Hildesheim \u00e4r en stad i norra Tyskland. \u00a0 P\u00e5 SUH finns personer som forskar om l\u00e4ttl\u00e4st. De arbetar p\u00e5 ett centrum f\u00f6r forskning. Det heter Tysklands forskningscentrum f\u00f6r [&hellip;]<\/p>\n","protected":false},"author":20,"featured_media":0,"parent":0,"menu_order":0,"comment_status":"closed","ping_status":"closed","template":"","meta":{"footnotes":""},"class_list":["post-292","page","type-page","status-publish","hentry"],"_links":{"self":[{"href":"https:\/\/webs.uab.cat\/easit\/sv\/wp-json\/wp\/v2\/pages\/292","targetHints":{"allow":["GET"]}}],"collection":[{"href":"https:\/\/webs.uab.cat\/easit\/sv\/wp-json\/wp\/v2\/pages"}],"about":[{"href":"https:\/\/webs.uab.cat\/easit\/sv\/wp-json\/wp\/v2\/types\/page"}],"author":[{"embeddable":true,"href":"https:\/\/webs.uab.cat\/easit\/sv\/wp-json\/wp\/v2\/users\/20"}],"replies":[{"embeddable":true,"href":"https:\/\/webs.uab.cat\/easit\/sv\/wp-json\/wp\/v2\/comments?post=292"}],"version-history":[{"count":1,"href":"https:\/\/webs.uab.cat\/easit\/sv\/wp-json\/wp\/v2\/pages\/292\/revisions"}],"predecessor-version":[{"id":3841,"href":"https:\/\/webs.uab.cat\/easit\/sv\/wp-json\/wp\/v2\/pages\/292\/revisions\/3841"}],"wp:attachment":[{"href":"https:\/\/webs.uab.cat\/easit\/sv\/wp-json\/wp\/v2\/media?parent=292"}],"curies":[{"name":"wp","href":"https:\/\/api.w.org\/{rel}","templated":true}]}}