{"id":294,"date":"2018-09-25T08:36:39","date_gmt":"2018-09-25T08:36:39","guid":{"rendered":"https:\/\/webs.uab.cat\/easit\/universitetet-i-trieste\/"},"modified":"2024-05-16T09:43:01","modified_gmt":"2024-05-16T09:43:01","slug":"universitetet-i-trieste","status":"publish","type":"page","link":"https:\/\/webs.uab.cat\/easit\/sv\/universitetet-i-trieste\/","title":{"rendered":"Universitetet i Trieste"},"content":{"rendered":"\n<script src=\"https:\/\/cdn-eu.readspeaker.com\/script\/10610\/webReader\/webReader.js?pids=wr\" type=\"text\/javascript\" id=\"rs_req_Init\"><\/script>\n\n<div class=\"rs_skip rsbtn rs_preserve\" id=\"readspeaker_button1\">\n  <a rel=\"nofollow\" class=\"rsbtn_play\" title=\"Lyssna p&aring; sidans text med ReadSpeaker webReader\" href=\"https:\/\/app-eu.readspeaker.com\/cgi-bin\/rsent?customerid=10610&amp;lang=sv_se&amp;readid=READIDuniversitetettriesteSV&amp;url=https:\/\/webs.uab.cat\/easit\/sv\/universitetet-i-trieste\/\">\n        <span class=\"rsbtn_left rsimg rspart\"><span class=\"rsbtn_text\"><span>Lyssna<\/span><\/span><\/span>\n        <span class=\"rsbtn_right rsimg rsplay rspart\"><\/span>\n    <\/a>\n<\/div><p>&nbsp;<\/p>\n<div id=\"READIDuniversitetettriesteSV\">\n<p><strong>Universitetet i Trieste, Italien<\/strong><\/p>\n<p>\u00a0<\/p>\n<p>I norra Italien ligger staden Trieste.<\/p>\n<p>P\u00e5 italienska heter universitetet i Trieste<\/p>\n<p>Universit\u00e0 degli Studi di Trieste.<\/p>\n<p>\u00a0<\/p>\n<p>V\u00e5rt universitet har 10 avdelningar.<\/p>\n<p>Det \u00e4r ett stort universitet<\/p>\n<p>med m\u00e5nga utbildningar och forskning.<\/p>\n<p>\u00a0<\/p>\n<p>Vi har tv\u00e5 anst\u00e4llda som arbetar med EASIT:<\/p>\n<ol>\n  <li>Elisa Perego<br>\n  <\/li>\n  <li>Laura Simonin<\/li>\n<\/ol>\n<p>\u00a0<\/p>\n<p>Elisa Perego \u00e4r forskare.<\/p>\n<p>Hon ansvarar f\u00f6r resultaten<\/p>\n<p>i den f\u00f6rsta delen av EASIT, Output 1.<\/p>\n<p>\u00a0<\/p>\n<p>Laura Simonin administrerar projektet i Trieste.<\/p>\n<p>\u00a0<\/p>\n<p>P\u00e5 v\u00e5rt universitet finns en avdelning<\/p>\n<p>som specialiserat sig p\u00e5 \u00f6vers\u00e4ttning och tolkning.<\/p>\n<p>Den avdelningen heter SSLMIT.<\/p>\n<p>H\u00e4r forskar vi om hur man beskriver ljud och bild,<\/p>\n<p>genom textremsor och syntolkning.<\/p>\n<p>\u00a0<\/p>\n<p><strong>D\u00e4r arbetar jag Elisa Perego, som skrivit denna text.<\/strong><\/p>\n<p>Du kan skicka e-post till mig<\/p>\n<p>f\u00f6r att st\u00e4lla fr\u00e5gor om universitetet i Trieste.<\/p>\n<p>Min e-post \u00e4r:\u00a0<a href=\"mailto:eperego@units.it\">eperego@units.it<\/a><\/p>\n<\/div>\n","protected":false},"excerpt":{"rendered":"<p>Lyssna &nbsp; Universitetet i Trieste, Italien \u00a0 I norra Italien ligger staden Trieste. P\u00e5 italienska heter universitetet i Trieste Universit\u00e0 degli Studi di Trieste. \u00a0 V\u00e5rt universitet har 10 avdelningar. Det \u00e4r ett stort universitet med m\u00e5nga utbildningar och forskning. \u00a0 Vi har tv\u00e5 anst\u00e4llda som arbetar med EASIT: Elisa Perego Laura Simonin \u00a0 Elisa [&hellip;]<\/p>\n","protected":false},"author":20,"featured_media":0,"parent":0,"menu_order":0,"comment_status":"closed","ping_status":"closed","template":"","meta":{"footnotes":""},"class_list":["post-294","page","type-page","status-publish","hentry"],"_links":{"self":[{"href":"https:\/\/webs.uab.cat\/easit\/sv\/wp-json\/wp\/v2\/pages\/294","targetHints":{"allow":["GET"]}}],"collection":[{"href":"https:\/\/webs.uab.cat\/easit\/sv\/wp-json\/wp\/v2\/pages"}],"about":[{"href":"https:\/\/webs.uab.cat\/easit\/sv\/wp-json\/wp\/v2\/types\/page"}],"author":[{"embeddable":true,"href":"https:\/\/webs.uab.cat\/easit\/sv\/wp-json\/wp\/v2\/users\/20"}],"replies":[{"embeddable":true,"href":"https:\/\/webs.uab.cat\/easit\/sv\/wp-json\/wp\/v2\/comments?post=294"}],"version-history":[{"count":1,"href":"https:\/\/webs.uab.cat\/easit\/sv\/wp-json\/wp\/v2\/pages\/294\/revisions"}],"predecessor-version":[{"id":3843,"href":"https:\/\/webs.uab.cat\/easit\/sv\/wp-json\/wp\/v2\/pages\/294\/revisions\/3843"}],"wp:attachment":[{"href":"https:\/\/webs.uab.cat\/easit\/sv\/wp-json\/wp\/v2\/media?parent=294"}],"curies":[{"name":"wp","href":"https:\/\/api.w.org\/{rel}","templated":true}]}}