{"id":296,"date":"2018-09-25T08:36:54","date_gmt":"2018-09-25T08:36:54","guid":{"rendered":"https:\/\/webs.uab.cat\/easit\/zavod-risa-2\/"},"modified":"2024-05-16T09:42:40","modified_gmt":"2024-05-16T09:42:40","slug":"zavod-risa-2","status":"publish","type":"page","link":"https:\/\/webs.uab.cat\/easit\/sv\/zavod-risa-2\/","title":{"rendered":"Zavod RISA"},"content":{"rendered":"\n<script src=\"https:\/\/cdn-eu.readspeaker.com\/script\/10610\/webReader\/webReader.js?pids=wr\" type=\"text\/javascript\" id=\"rs_req_Init\"><\/script>\n\n<div class=\"rs_skip rsbtn rs_preserve\" id=\"readspeaker_button1\">\n  <a rel=\"nofollow\" class=\"rsbtn_play\" title=\"Lyssna p&aring; sidans text med ReadSpeaker webReader\" href=\"https:\/\/app-eu.readspeaker.com\/cgi-bin\/rsent?customerid=10610&amp;lang=sv_se&amp;readid=READIDuniversrisaSV&amp;url=https:\/\/webs.uab.cat\/easit\/sv\/zavod-risa-2\/\">\n        <span class=\"rsbtn_left rsimg rspart\"><span class=\"rsbtn_text\"><span>Lyssna<\/span><\/span><\/span>\n        <span class=\"rsbtn_right rsimg rsplay rspart\"><\/span>\n    <\/a>\n<\/div><p>&nbsp;<\/p>\n<div id=\"READIDuniversrisaSV\">\n<p><strong>Zavod RISA<\/strong><\/p>\n<p>RISA \u00e4r en organisation i landet Slovenien.<\/p>\n<p>RISA tar fram l\u00e4ttl\u00e4st information<\/p>\n<p>och ger ut l\u00e4ttl\u00e4sta b\u00f6cker.<\/p>\n<p>RISA har en nyhetstidning som heter 20 minuter.<\/p>\n<p>(20 MINUTES)<\/p>\n<p>Tidningen finns p\u00e5 internet och \u00e4r gratis.<\/p>\n<p>\u00a0<\/p>\n<p>P\u00e5 v\u00e5r hemsida kan du ladda ner l\u00e4ttl\u00e4sta b\u00f6cker.<\/p>\n<p>Det \u00e4r gratis.<\/p>\n<p>Till exempel boken Romeo och Julia<\/p>\n<p>p\u00e5 l\u00e4ttl\u00e4st slovenska.<\/p>\n<p>\u00a0<\/p>\n<p>RISA h\u00e5ller ocks\u00e5 kurser<\/p>\n<p>d\u00e4r vi l\u00e4r ut hur man skriver l\u00e4ttl\u00e4st.<\/p>\n<p>\u00a0<\/p>\n<p>\u00a0<\/p>\n<p><strong>Vem arbetar f\u00f6r RISA?<\/strong><\/p>\n<p>M\u00e5nga m\u00e4nniskor arbetar f\u00f6r RISA.<\/p>\n<p>N\u00e5gra har det som yrke<\/p>\n<p>till exempel l\u00e4rare och socialarbetare.<\/p>\n<p>\u00a0<\/p>\n<p>Andra \u00e4r experter p\u00e5 sina egna behov<\/p>\n<p>och sina r\u00e4ttigheter.<\/p>\n<p>De kan ber\u00e4tta vad de beh\u00f6ver<\/p>\n<p>f\u00f6r att l\u00e4ttare f\u00f6rst\u00e5 en text.<\/p>\n<p>N\u00e5gra av dem har sv\u00e5rt att l\u00e4ra sig saker.<\/p>\n<p>De beh\u00f6ver l\u00e4ttl\u00e4st information.<\/p>\n<p>De hj\u00e4lper ocks\u00e5 till att<\/p>\n<p>ta fram l\u00e4ttl\u00e4st information.\u00a0\u00a0<\/p>\n<p>\u00a0<\/p>\n<p>M\u00e5nga av v\u00e5ra medarbetare arbetar gratis.<\/p>\n<p>De arbetar f\u00f6r RISA p\u00e5 sin lediga tid.<\/p>\n<p>Vi kallar dem f\u00f6r\u00a0<strong>volont\u00e4rer<\/strong>.<\/p>\n<p>Volont\u00e4rer \u00e4r v\u00e4ldigt viktiga f\u00f6r RISA.<\/p>\n<p>\u00a0<\/p>\n<p><strong>Projekt<\/strong><\/p>\n<p>RISA samarbetar med m\u00e5nga organisationer<\/p>\n<p>till exempel olika universitet<\/p>\n<p>och Kulturdepartementet i Slovenien.<\/p>\n<p>\u00a0<\/p>\n<p>RISA deltar ocks\u00e5 i m\u00e5nga projekt.<\/p>\n<p>Ett av projekten heter<\/p>\n<p>DET \u00c4R L\u00c4TT ATT L\u00c4SA.<\/p>\n<p>D\u00e4r tar vi fram goda r\u00e5d, bilder och kurser\u00a0\u00a0\u00a0\u00a0<\/p>\n<p>om l\u00e4ttl\u00e4st i Slovenien.<\/p>\n<p>\u00a0<\/p>\n<p><strong>Jag har skrivit denna information heter Tatjana Knapp.<\/strong><\/p>\n<p>Du kan skicka e-post till mig<\/p>\n<p>om du har fr\u00e5gor om RISA.<\/p>\n<p>Min e-post \u00e4r:\u00a0<a href=\"mailto:tatjana@risa.si\">tatjana@risa.si<\/a><\/p>\n<\/div>\n","protected":false},"excerpt":{"rendered":"<p>Lyssna &nbsp; Zavod RISA RISA \u00e4r en organisation i landet Slovenien. RISA tar fram l\u00e4ttl\u00e4st information och ger ut l\u00e4ttl\u00e4sta b\u00f6cker. RISA har en nyhetstidning som heter 20 minuter. (20 MINUTES) Tidningen finns p\u00e5 internet och \u00e4r gratis. \u00a0 P\u00e5 v\u00e5r hemsida kan du ladda ner l\u00e4ttl\u00e4sta b\u00f6cker. Det \u00e4r gratis. Till exempel boken Romeo [&hellip;]<\/p>\n","protected":false},"author":20,"featured_media":0,"parent":0,"menu_order":0,"comment_status":"closed","ping_status":"closed","template":"","meta":{"footnotes":""},"class_list":["post-296","page","type-page","status-publish","hentry"],"_links":{"self":[{"href":"https:\/\/webs.uab.cat\/easit\/sv\/wp-json\/wp\/v2\/pages\/296","targetHints":{"allow":["GET"]}}],"collection":[{"href":"https:\/\/webs.uab.cat\/easit\/sv\/wp-json\/wp\/v2\/pages"}],"about":[{"href":"https:\/\/webs.uab.cat\/easit\/sv\/wp-json\/wp\/v2\/types\/page"}],"author":[{"embeddable":true,"href":"https:\/\/webs.uab.cat\/easit\/sv\/wp-json\/wp\/v2\/users\/20"}],"replies":[{"embeddable":true,"href":"https:\/\/webs.uab.cat\/easit\/sv\/wp-json\/wp\/v2\/comments?post=296"}],"version-history":[{"count":1,"href":"https:\/\/webs.uab.cat\/easit\/sv\/wp-json\/wp\/v2\/pages\/296\/revisions"}],"predecessor-version":[{"id":3845,"href":"https:\/\/webs.uab.cat\/easit\/sv\/wp-json\/wp\/v2\/pages\/296\/revisions\/3845"}],"wp:attachment":[{"href":"https:\/\/webs.uab.cat\/easit\/sv\/wp-json\/wp\/v2\/media?parent=296"}],"curies":[{"name":"wp","href":"https:\/\/api.w.org\/{rel}","templated":true}]}}