{"id":297,"date":"2018-09-03T15:16:19","date_gmt":"2018-09-03T15:16:19","guid":{"rendered":"https:\/\/webs.uab.cat\/easit\/resultat\/"},"modified":"2024-06-26T06:20:44","modified_gmt":"2024-06-26T06:20:44","slug":"resultat","status":"publish","type":"page","link":"https:\/\/webs.uab.cat\/easit\/sv\/resultat\/","title":{"rendered":"Resultat"},"content":{"rendered":"\n<script src=\"https:\/\/cdn-eu.readspeaker.com\/script\/10610\/webReader\/webReader.js?pids=wr\" type=\"text\/javascript\" id=\"rs_req_Init\"><\/script>\n\n\n<div class=\"rs_skip rsbtn rs_preserve\" id=\"readspeaker_button1\">\n  <a rel=\"nofollow\" class=\"rsbtn_play\" title=\"Escolteu aquesta plana utilitzant ReadSpeaker webReader\" href=\"https:\/\/app-eu.readspeaker.com\/cgi-bin\/rsent?customerid=10610&amp;lang=ca_es&amp;readid=READIcresultatenSV&amp;url=https:\/\/webs.uab.cat\/easit\/sv\/resultat\/\">\n  <span class=\"rsbtn_left rsimg rspart\"><span class=\"rsbtn_text\"><span>Escoltar<\/span><\/span><\/span>\n        <span class=\"rsbtn_right rsimg rsplay rspart\"><\/span>\n    <\/a>\n<\/div><p>&nbsp;<\/p>\n<div id=\"READIcresultatenSV\">\n<p>EASIT-projektet ska ge resultat.<\/p>\n<p>Vi kallar resultaten f\u00f6r\u00a0<strong>outputs<\/strong>.<\/p>\n<p>Dessa resultat \u00e4r viktiga f\u00f6r projektet.<\/p>\n<p>Resultaten kan se ut p\u00e5 olika s\u00e4tt.<\/p>\n<p>&nbsp;<\/p>\n<p>De kan till exempel vara:<\/p>\n<ul>\n  <li>dokument<\/li>\n<\/ul>\n<ul>\n  <li>videos<\/li>\n<\/ul>\n<ul>\n  <li>utbildningsmaterial<\/li>\n<\/ul>\n<p>\u00a0<\/p>\n<p>Partnerna i projektet skapar resultaten.<\/p>\n<p>De \u00e4r gratis<\/p>\n<p>och alla har r\u00e4tt att anv\u00e4nda dem.<\/p>\n<p>\u00a0<\/p>\n<p>Projektet ska ta fram 6 resultat:<\/p>\n<ul>\n  <li><a href=\"http:\/\/webs.uab.cat\/easit\/sv\/content\/resultat-1%C2%A0\">Kurser och utbildningar<\/a><\/li>\n<\/ul>\n<ul>\n  <li><a href=\"http:\/\/webs.uab.cat\/easit\/sv\/content\/resultat-2\">Rekommendationer f\u00f6r audiovisuell kommunikation<\/a><\/li>\n<\/ul>\n<ul>\n  <li><a href=\"http:\/\/webs.uab.cat\/easit\/sv\/content\/resultat-3\">Vad kommunikat\u00f6rer m\u00e5ste veta<\/a><\/li>\n<\/ul>\n<ul>\n  <li><a href=\"http:\/\/webs.uab.cat\/easit\/sv\/content\/resultat-4\">Vad kommunikat\u00f6rer m\u00e5ste studera\/utbildningsplan<\/a><\/li>\n<\/ul>\n<ul>\n  <li><a href=\"http:\/\/webs.uab.cat\/easit\/sv\/content\/resultat-5\">Undervisningsmaterial<\/a><\/li>\n<\/ul>\n<ul>\n  <li><a href=\"http:\/\/webs.uab.cat\/easit\/sv\/content\/resultat-6\">Certifiering<\/a><\/li>\n<\/ul>\n<\/div>\n","protected":false},"excerpt":{"rendered":"<p>Escoltar &nbsp; EASIT-projektet ska ge resultat. Vi kallar resultaten f\u00f6r\u00a0outputs. Dessa resultat \u00e4r viktiga f\u00f6r projektet. Resultaten kan se ut p\u00e5 olika s\u00e4tt. &nbsp; De kan till exempel vara: dokument videos utbildningsmaterial \u00a0 Partnerna i projektet skapar resultaten. De \u00e4r gratis och alla har r\u00e4tt att anv\u00e4nda dem. \u00a0 Projektet ska ta fram 6 resultat: [&hellip;]<\/p>\n","protected":false},"author":20,"featured_media":0,"parent":0,"menu_order":0,"comment_status":"closed","ping_status":"closed","template":"","meta":{"footnotes":""},"class_list":["post-297","page","type-page","status-publish","hentry"],"_links":{"self":[{"href":"https:\/\/webs.uab.cat\/easit\/sv\/wp-json\/wp\/v2\/pages\/297","targetHints":{"allow":["GET"]}}],"collection":[{"href":"https:\/\/webs.uab.cat\/easit\/sv\/wp-json\/wp\/v2\/pages"}],"about":[{"href":"https:\/\/webs.uab.cat\/easit\/sv\/wp-json\/wp\/v2\/types\/page"}],"author":[{"embeddable":true,"href":"https:\/\/webs.uab.cat\/easit\/sv\/wp-json\/wp\/v2\/users\/20"}],"replies":[{"embeddable":true,"href":"https:\/\/webs.uab.cat\/easit\/sv\/wp-json\/wp\/v2\/comments?post=297"}],"version-history":[{"count":3,"href":"https:\/\/webs.uab.cat\/easit\/sv\/wp-json\/wp\/v2\/pages\/297\/revisions"}],"predecessor-version":[{"id":4358,"href":"https:\/\/webs.uab.cat\/easit\/sv\/wp-json\/wp\/v2\/pages\/297\/revisions\/4358"}],"wp:attachment":[{"href":"https:\/\/webs.uab.cat\/easit\/sv\/wp-json\/wp\/v2\/media?parent=297"}],"curies":[{"name":"wp","href":"https:\/\/api.w.org\/{rel}","templated":true}]}}