{"id":298,"date":"2018-09-25T08:42:20","date_gmt":"2018-09-25T08:42:20","guid":{"rendered":"https:\/\/webs.uab.cat\/easit\/resultat-1-2\/"},"modified":"2024-06-26T06:21:31","modified_gmt":"2024-06-26T06:21:31","slug":"resultat-1-2","status":"publish","type":"page","link":"https:\/\/webs.uab.cat\/easit\/sv\/resultat-1-2\/","title":{"rendered":"Resultat 1\u00a0"},"content":{"rendered":"\n<script src=\"https:\/\/cdn-eu.readspeaker.com\/script\/10610\/webReader\/webReader.js?pids=wr\" type=\"text\/javascript\" id=\"rs_req_Init\"><\/script>\n\n<div class=\"rs_skip rsbtn rs_preserve\" id=\"readspeaker_button1\">\n  <a rel=\"nofollow\" class=\"rsbtn_play\" title=\"Lyssna p&aring; sidans text med ReadSpeaker webReader\" href=\"https:\/\/app-eu.readspeaker.com\/cgi-bin\/rsent?customerid=10610&amp;lang=sv_se&amp;readid=READIDresultat12SV&amp;url=https:\/\/webs.uab.cat\/easit\/sv\/resultat-1-2\/\">\n        <span class=\"rsbtn_left rsimg rspart\"><span class=\"rsbtn_text\"><span>Lyssna<\/span><\/span><\/span>\n        <span class=\"rsbtn_right rsimg rsplay rspart\"><\/span>\n    <\/a>\n<\/div><p>&nbsp;<\/p>\n<div id=\"READIDresultat12SV\">\n<p>Ladda ner Resultat 1\u00a0<u><strong><a href=\"https:\/\/ddd.uab.cat\/record\/203967\">h\u00e4r<\/a><\/strong><\/u>.<\/p>\n<p>\u00a0<\/p>\n<p>Huvudm\u00e5lgrupp:<\/p>\n<p>Akademiker och yrkesverksamma<\/p>\n<p>som studerar eller skapar<\/p>\n<p>inneh\u00e5ll p\u00e5 begripligt spr\u00e5k.<\/p>\n<p>\u00a0<\/p>\n<p><br>\n  <a href=\"https:\/\/webs.uab.cat\/easit\/wp-content\/uploads\/sites\/159\/2022\/09\/easit_website_results_1_sv.mp3\"><img loading=\"lazy\" decoding=\"async\" alt=\"Ladda ner MP3\" height=\"60\" src=\"https:\/\/webs.uab.cat\/easit\/wp-content\/uploads\/sites\/159\/2018\/09\/file-music-download-audio-mp3-sound-44525_1-e1662452321417.png\" width=\"60\" srcset=\"https:\/\/webs.uab.cat\/easit\/wp-content\/uploads\/sites\/159\/2018\/09\/file-music-download-audio-mp3-sound-44525_1-e1662452321417.png 256w, https:\/\/webs.uab.cat\/easit\/wp-content\/uploads\/sites\/159\/2018\/09\/file-music-download-audio-mp3-sound-44525_1-150x150.png 150w\" sizes=\"auto, (max-width: 60px) 100vw, 60px\"><\/a><\/p>\n<p>\u00a0<\/p>\n<p><strong>Resultat 1\u00a0<\/strong><\/p>\n<p><strong>Kurser och utbildningar<\/strong><\/p>\n<p>\u00a0<\/p>\n<p>Det finns f\u00f6r f\u00e5 kurser<\/p>\n<p>f\u00f6r att l\u00e4ra sig<\/p>\n<p>att g\u00f6ra information l\u00e4tt att f\u00f6rst\u00e5.<\/p>\n<p>Den sortens kurser \u00e4r viktiga.<\/p>\n<p>\u00a0<\/p>\n<p>Vi ska ta reda p\u00e5 mer om<\/p>\n<p>hur dessa kurser och utbildningar<\/p>\n<p>ser ut i olika europeiska l\u00e4nder.<\/p>\n<p>\u00a0<\/p>\n<p>Vi ska tala med m\u00e4nniskor som<\/p>\n<ul>\n  <li>tar fram information som \u00e4r l\u00e4tt att f\u00f6rst\u00e5<\/li>\n<\/ul>\n<ul>\n  <li>\u00f6vers\u00e4tter eller anpassar information<\/li>\n<\/ul>\n<ul>\n  <li>kontrollerar att informationen verkligen blev enklare<\/li>\n<\/ul>\n<ul>\n  <li>utbildar i hur man skapar information<\/li>\n<\/ul>\n<ul>\n  <li>som \u00e4r l\u00e4tt att f\u00f6rst\u00e5.<\/li>\n<\/ul>\n<p>\u00a0<\/p>\n<p>Det resultatet blir ett dokument,<\/p>\n<p>som EASIT kallar Output 1.<\/p>\n<p>Output \u00e4r engelska och betyder ungef\u00e4r resultat.<\/p>\n<p>\u00a0<\/p>\n<p>Resultat 1 blir gratis att anv\u00e4nda<\/p>\n<p>f\u00f6r alla som \u00e4r intresserade av dessa fr\u00e5gor.<\/p>\n<p>\u00a0<\/p>\n<p>\u00a0<\/p>\n<p><strong>Om du vill veta mer kan du fr\u00e5ga mig Elisa Perego.<\/strong><\/p>\n<p>Jag har ansvar f\u00f6r Resultat 1 och jag har skrivit denna text.<\/p>\n<p>E-post:\u00a0<u><strong><a href=\"mailto:eperego@units.it\">eperego@units.it<\/a><\/strong><\/u><\/p>\n<\/div>\n","protected":false},"excerpt":{"rendered":"<p>Lyssna &nbsp; Ladda ner Resultat 1\u00a0h\u00e4r. \u00a0 Huvudm\u00e5lgrupp: Akademiker och yrkesverksamma som studerar eller skapar inneh\u00e5ll p\u00e5 begripligt spr\u00e5k. \u00a0 \u00a0 Resultat 1\u00a0 Kurser och utbildningar \u00a0 Det finns f\u00f6r f\u00e5 kurser f\u00f6r att l\u00e4ra sig att g\u00f6ra information l\u00e4tt att f\u00f6rst\u00e5. Den sortens kurser \u00e4r viktiga. \u00a0 Vi ska ta reda p\u00e5 mer om [&hellip;]<\/p>\n","protected":false},"author":20,"featured_media":0,"parent":0,"menu_order":0,"comment_status":"closed","ping_status":"closed","template":"","meta":{"footnotes":""},"class_list":["post-298","page","type-page","status-publish","hentry"],"_links":{"self":[{"href":"https:\/\/webs.uab.cat\/easit\/sv\/wp-json\/wp\/v2\/pages\/298","targetHints":{"allow":["GET"]}}],"collection":[{"href":"https:\/\/webs.uab.cat\/easit\/sv\/wp-json\/wp\/v2\/pages"}],"about":[{"href":"https:\/\/webs.uab.cat\/easit\/sv\/wp-json\/wp\/v2\/types\/page"}],"author":[{"embeddable":true,"href":"https:\/\/webs.uab.cat\/easit\/sv\/wp-json\/wp\/v2\/users\/20"}],"replies":[{"embeddable":true,"href":"https:\/\/webs.uab.cat\/easit\/sv\/wp-json\/wp\/v2\/comments?post=298"}],"version-history":[{"count":3,"href":"https:\/\/webs.uab.cat\/easit\/sv\/wp-json\/wp\/v2\/pages\/298\/revisions"}],"predecessor-version":[{"id":4359,"href":"https:\/\/webs.uab.cat\/easit\/sv\/wp-json\/wp\/v2\/pages\/298\/revisions\/4359"}],"wp:attachment":[{"href":"https:\/\/webs.uab.cat\/easit\/sv\/wp-json\/wp\/v2\/media?parent=298"}],"curies":[{"name":"wp","href":"https:\/\/api.w.org\/{rel}","templated":true}]}}