{"id":299,"date":"2018-09-25T08:42:29","date_gmt":"2018-09-25T08:42:29","guid":{"rendered":"https:\/\/webs.uab.cat\/easit\/resultat-2-2\/"},"modified":"2024-06-26T06:22:16","modified_gmt":"2024-06-26T06:22:16","slug":"resultat-2-2","status":"publish","type":"page","link":"https:\/\/webs.uab.cat\/easit\/sv\/resultat-2-2\/","title":{"rendered":"Resultat 2"},"content":{"rendered":"\n<script src=\"https:\/\/cdn-eu.readspeaker.com\/script\/10610\/webReader\/webReader.js?pids=wr\" type=\"text\/javascript\" id=\"rs_req_Init\"><\/script>\n\n<div class=\"rs_skip rsbtn rs_preserve\" id=\"readspeaker_button1\">\n  <a rel=\"nofollow\" class=\"rsbtn_play\" title=\"Lyssna p&aring; sidans text med ReadSpeaker webReader\" href=\"https:\/\/app-eu.readspeaker.com\/cgi-bin\/rsent?customerid=10610&amp;lang=sv_se&amp;readid=READIDresultat22SV&amp;url=https:\/\/webs.uab.cat\/easit\/sv\/resultat-2-2\/\">\n        <span class=\"rsbtn_left rsimg rspart\"><span class=\"rsbtn_text\"><span>Lyssna<\/span><\/span><\/span>\n        <span class=\"rsbtn_right rsimg rsplay rspart\"><\/span>\n    <\/a>\n<\/div><p>&nbsp;<\/p>\n<div id=\"READIDresultat22SV\">\n<p>Ladda ner Resultat 2\u00a0<u><strong><a href=\"https:\/\/ddd.uab.cat\/record\/204739\">h\u00e4r<\/a><\/strong><\/u>.<\/p>\n<p>\u00a0<\/p>\n<p>Huvudm\u00e5lgrupp:<\/p>\n<p>Akademiker och yrkesverksamma<\/p>\n<p>som studerar eller skapar<\/p>\n<p>inneh\u00e5ll p\u00e5 begripligt spr\u00e5k.<\/p>\n<p>\u00a0<\/p>\n<p><br>\n  <a href=\"https:\/\/webs.uab.cat\/easit\/wp-content\/uploads\/sites\/159\/2022\/09\/easit_website_results_2_sv.mp3\"><img loading=\"lazy\" decoding=\"async\" alt=\"Ladda ner MP3\" height=\"60\" src=\"https:\/\/webs.uab.cat\/easit\/wp-content\/uploads\/sites\/159\/2018\/09\/file-music-download-audio-mp3-sound-44525_1-e1662452321417.png\" width=\"60\" srcset=\"https:\/\/webs.uab.cat\/easit\/wp-content\/uploads\/sites\/159\/2018\/09\/file-music-download-audio-mp3-sound-44525_1-e1662452321417.png 256w, https:\/\/webs.uab.cat\/easit\/wp-content\/uploads\/sites\/159\/2018\/09\/file-music-download-audio-mp3-sound-44525_1-150x150.png 150w\" sizes=\"auto, (max-width: 60px) 100vw, 60px\"><\/a><\/p>\n<p>\u00a0<\/p>\n<p><strong>Resultat 2<\/strong><\/p>\n<p><strong>Rekommendationer f\u00f6r audiovisuell information<\/strong><\/p>\n<p>\u00a0<\/p>\n<p><strong>Rekommendationer<\/strong>\u00a0\u00e4r en lista med goda r\u00e5d.<\/p>\n<p>De hj\u00e4lper m\u00e4nniskor att g\u00f6ra saker<\/p>\n<p>p\u00e5 samma s\u00e4tt<\/p>\n<p>och p\u00e5 r\u00e4tt s\u00e4tt.<\/p>\n<p>\u00a0<\/p>\n<p>Ibland kan rekommendationer vara sv\u00e5ra att f\u00f6rst\u00e5.<\/p>\n<p>Vissa m\u00e4nniskor kan beh\u00f6va hj\u00e4lp av en st\u00f6dperson<\/p>\n<p>n\u00e4r de l\u00e4ser rekommendationer<\/p>\n<p>f\u00f6r f\u00f6rsta g\u00e5ngen.<\/p>\n<p>\u00a0<\/p>\n<p>De som tar fram rekommendationerna kallas\u00a0<strong>experter<\/strong>.<\/p>\n<p>En expert \u00e4r en person som vet mycket om ett \u00e4mne.<\/p>\n<p>Till exempel finns det experter<\/p>\n<p>som vet hur man g\u00f6r information l\u00e4tt att f\u00f6rst\u00e5.<\/p>\n<p>Vi ska intervjua dem<\/p>\n<p>om hur man g\u00f6r film och videoklipp enkla att f\u00f6rst\u00e5.<\/p>\n<p>\u00a0<\/p>\n<p>EASIT ska samla deras goda r\u00e5d fr\u00e5n hela Europa.<\/p>\n<p>Sedan ska vi sprida dem<\/p>\n<p>s\u00e5 att fler f\u00e5r ta del av allas tips och rekommendationer.<\/p>\n<p>\u00a0<\/p>\n<p>Alla ska kunna anv\u00e4nda EASIT:s rekommendationer<\/p>\n<p>f\u00f6r att g\u00f6ra\u00a0<strong>audio-visuell information<\/strong><\/p>\n<p>enkel att f\u00f6rst\u00e5.<\/p>\n<p>\u00a0<\/p>\n<p>Audio-visuell information\u00a0\u00e4r<\/p>\n<p>information som du b\u00e5de kan se och lyssna p\u00e5 samtidigt.<\/p>\n<p>TV-program och Youtube-klipp \u00e4r exempel p\u00e5 detta.<\/p>\n<p>\u00a0<\/p>\n<p><strong>Om du vill veta mer kan du fr\u00e5ga mig Roc\u00edo Bernab\u00e9.<\/strong><\/p>\n<p>Jag har ansvar f\u00f6r Resultat 2 och jag har skrivit denna text.<\/p>\n<p>E-post:\u00a0<u><strong><a href=\"mailto:Rocio.bernabe@sdi-muenchen.de\">Rocio.bernabe@sdi-muenchen.de<\/a><\/strong><\/u><\/p>\n<\/div>\n","protected":false},"excerpt":{"rendered":"<p>Lyssna &nbsp; Ladda ner Resultat 2\u00a0h\u00e4r. \u00a0 Huvudm\u00e5lgrupp: Akademiker och yrkesverksamma som studerar eller skapar inneh\u00e5ll p\u00e5 begripligt spr\u00e5k. \u00a0 \u00a0 Resultat 2 Rekommendationer f\u00f6r audiovisuell information \u00a0 Rekommendationer\u00a0\u00e4r en lista med goda r\u00e5d. De hj\u00e4lper m\u00e4nniskor att g\u00f6ra saker p\u00e5 samma s\u00e4tt och p\u00e5 r\u00e4tt s\u00e4tt. \u00a0 Ibland kan rekommendationer vara sv\u00e5ra att f\u00f6rst\u00e5. [&hellip;]<\/p>\n","protected":false},"author":20,"featured_media":0,"parent":0,"menu_order":0,"comment_status":"closed","ping_status":"closed","template":"","meta":{"footnotes":""},"class_list":["post-299","page","type-page","status-publish","hentry"],"_links":{"self":[{"href":"https:\/\/webs.uab.cat\/easit\/sv\/wp-json\/wp\/v2\/pages\/299","targetHints":{"allow":["GET"]}}],"collection":[{"href":"https:\/\/webs.uab.cat\/easit\/sv\/wp-json\/wp\/v2\/pages"}],"about":[{"href":"https:\/\/webs.uab.cat\/easit\/sv\/wp-json\/wp\/v2\/types\/page"}],"author":[{"embeddable":true,"href":"https:\/\/webs.uab.cat\/easit\/sv\/wp-json\/wp\/v2\/users\/20"}],"replies":[{"embeddable":true,"href":"https:\/\/webs.uab.cat\/easit\/sv\/wp-json\/wp\/v2\/comments?post=299"}],"version-history":[{"count":3,"href":"https:\/\/webs.uab.cat\/easit\/sv\/wp-json\/wp\/v2\/pages\/299\/revisions"}],"predecessor-version":[{"id":4360,"href":"https:\/\/webs.uab.cat\/easit\/sv\/wp-json\/wp\/v2\/pages\/299\/revisions\/4360"}],"wp:attachment":[{"href":"https:\/\/webs.uab.cat\/easit\/sv\/wp-json\/wp\/v2\/media?parent=299"}],"curies":[{"name":"wp","href":"https:\/\/api.w.org\/{rel}","templated":true}]}}