{"id":300,"date":"2018-09-25T08:42:45","date_gmt":"2018-09-25T08:42:45","guid":{"rendered":"https:\/\/webs.uab.cat\/easit\/resultat-3-2\/"},"modified":"2024-06-26T06:23:10","modified_gmt":"2024-06-26T06:23:10","slug":"resultat-3-2","status":"publish","type":"page","link":"https:\/\/webs.uab.cat\/easit\/sv\/resultat-3-2\/","title":{"rendered":"Resultat 3"},"content":{"rendered":"\n<script src=\"https:\/\/cdn-eu.readspeaker.com\/script\/10610\/webReader\/webReader.js?pids=wr\" type=\"text\/javascript\" id=\"rs_req_Init\"><\/script>\n\n<div class=\"rs_skip rsbtn rs_preserve\" id=\"readspeaker_button1\">\n  <a rel=\"nofollow\" class=\"rsbtn_play\" title=\"Lyssna p&aring; sidans text med ReadSpeaker webReader\" href=\"https:\/\/app-eu.readspeaker.com\/cgi-bin\/rsent?customerid=10610&amp;lang=sv_se&amp;readid=READIDresultat32SV&amp;url=https:\/\/webs.uab.cat\/easit\/sv\/resultat-3-2\/\">\n        <span class=\"rsbtn_left rsimg rspart\"><span class=\"rsbtn_text\"><span>Lyssna<\/span><\/span><\/span>\n        <span class=\"rsbtn_right rsimg rsplay rspart\"><\/span>\n    <\/a>\n<\/div><p>&nbsp;<\/p>\n<div id=\"READIDresultat32SV\">\n<p>Ladda ner Resultat 3\u00a0<u><strong><a href=\"https:\/\/ddd.uab.cat\/record\/213085\">h\u00e4r<\/a><\/strong><\/u>.<\/p>\n<p>\u00a0<\/p>\n<p>Huvudm\u00e5lgrupp:<\/p>\n<p>Akademiker och yrkesverksamma<\/p>\n<p>som studerar eller skapar<\/p>\n<p>inneh\u00e5ll p\u00e5 begripligt spr\u00e5k.<\/p>\n<p><br>\n  <a href=\"https:\/\/webs.uab.cat\/easit\/wp-content\/uploads\/sites\/159\/2022\/09\/easit_website_results_3_sv.mp3\"><img loading=\"lazy\" decoding=\"async\" alt=\"Ladda ner MP3\" height=\"33\" src=\"https:\/\/webs.uab.cat\/easit\/wp-content\/uploads\/sites\/159\/2018\/09\/file-music-download-audio-mp3-sound-44525_1-e1662452321417.png\" width=\"37\" srcset=\"https:\/\/webs.uab.cat\/easit\/wp-content\/uploads\/sites\/159\/2018\/09\/file-music-download-audio-mp3-sound-44525_1-e1662452321417.png 256w, https:\/\/webs.uab.cat\/easit\/wp-content\/uploads\/sites\/159\/2018\/09\/file-music-download-audio-mp3-sound-44525_1-150x150.png 150w\" sizes=\"auto, (max-width: 60px) 100vw, 60px\"><\/a><\/p>\n<p>\u00a0<\/p>\n<p><strong>Resultat 3<\/strong><\/p>\n<p><strong>Vad kommunikat\u00f6rer m\u00e5ste veta<\/strong><\/p>\n<p>\u00a0<\/p>\n<p>I den h\u00e4r delen av projektet<\/p>\n<p>ska vi ta fram en lista \u00f6ver den yrkesskicklighet som kr\u00e4vs<\/p>\n<p>f\u00f6r att skapa information som \u00e4r l\u00e4tt att f\u00f6rst\u00e5<\/p>\n<p>i b\u00e5de text och audio-visuella medier.<\/p>\n<p>\u00a0<\/p>\n<p>Vad \u00e4r det f\u00f6r f\u00e4rdighet och skicklighet<\/p>\n<p>som beh\u00f6vs f\u00f6r detta?<\/p>\n<p>Vilken kunskap beh\u00f6vs?<\/p>\n<p>Det ska vi ta reda p\u00e5 till Resultat 3.<\/p>\n<p>\u00a0<\/p>\n<p>Vi ska ta reda p\u00e5 om en och samma yrkesgrupp<\/p>\n<p>kan arbeta med information som \u00e4r l\u00e4tt att f\u00f6rst\u00e5<\/p>\n<p>i b\u00e5de text och audio-visuella medier.<\/p>\n<p>Kanske beh\u00f6vs olika yrkesgrupper?<\/p>\n<p>Vi ska arbeta tillsammans med<\/p>\n<p>dem som g\u00f6r syntolkningar<\/p>\n<p>och dem som skriver textremsor.<\/p>\n<p>\u00a0<\/p>\n<p><strong>Om du vill veta mer<\/strong><\/p>\n<p><strong>kan du fr\u00e5ga mig Pablo Romero Fresco.<\/strong><\/p>\n<p>Jag har ansvar f\u00f6r Resultat 3<\/p>\n<p>och jag har skrivit denna text.<\/p>\n<p>E-post:\u00a0<strong><u><a href=\"mailto:promero@uvigo.es\">promero@uvigo.es<\/a><\/u><\/strong><\/p>\n<\/div>\n","protected":false},"excerpt":{"rendered":"<p>Lyssna &nbsp; Ladda ner Resultat 3\u00a0h\u00e4r. \u00a0 Huvudm\u00e5lgrupp: Akademiker och yrkesverksamma som studerar eller skapar inneh\u00e5ll p\u00e5 begripligt spr\u00e5k. \u00a0 Resultat 3 Vad kommunikat\u00f6rer m\u00e5ste veta \u00a0 I den h\u00e4r delen av projektet ska vi ta fram en lista \u00f6ver den yrkesskicklighet som kr\u00e4vs f\u00f6r att skapa information som \u00e4r l\u00e4tt att f\u00f6rst\u00e5 i b\u00e5de [&hellip;]<\/p>\n","protected":false},"author":20,"featured_media":0,"parent":0,"menu_order":0,"comment_status":"closed","ping_status":"closed","template":"","meta":{"footnotes":""},"class_list":["post-300","page","type-page","status-publish","hentry"],"_links":{"self":[{"href":"https:\/\/webs.uab.cat\/easit\/sv\/wp-json\/wp\/v2\/pages\/300","targetHints":{"allow":["GET"]}}],"collection":[{"href":"https:\/\/webs.uab.cat\/easit\/sv\/wp-json\/wp\/v2\/pages"}],"about":[{"href":"https:\/\/webs.uab.cat\/easit\/sv\/wp-json\/wp\/v2\/types\/page"}],"author":[{"embeddable":true,"href":"https:\/\/webs.uab.cat\/easit\/sv\/wp-json\/wp\/v2\/users\/20"}],"replies":[{"embeddable":true,"href":"https:\/\/webs.uab.cat\/easit\/sv\/wp-json\/wp\/v2\/comments?post=300"}],"version-history":[{"count":5,"href":"https:\/\/webs.uab.cat\/easit\/sv\/wp-json\/wp\/v2\/pages\/300\/revisions"}],"predecessor-version":[{"id":4361,"href":"https:\/\/webs.uab.cat\/easit\/sv\/wp-json\/wp\/v2\/pages\/300\/revisions\/4361"}],"wp:attachment":[{"href":"https:\/\/webs.uab.cat\/easit\/sv\/wp-json\/wp\/v2\/media?parent=300"}],"curies":[{"name":"wp","href":"https:\/\/api.w.org\/{rel}","templated":true}]}}