{"id":302,"date":"2018-09-25T08:42:53","date_gmt":"2018-09-25T08:42:53","guid":{"rendered":"https:\/\/webs.uab.cat\/easit\/resultat-5-2\/"},"modified":"2024-06-26T06:26:04","modified_gmt":"2024-06-26T06:26:04","slug":"resultat-5-2","status":"publish","type":"page","link":"https:\/\/webs.uab.cat\/easit\/sv\/resultat-5-2\/","title":{"rendered":"Resultat 5"},"content":{"rendered":"\n<script src=\"https:\/\/cdn-eu.readspeaker.com\/script\/10610\/webReader\/webReader.js?pids=wr\" type=\"text\/javascript\" id=\"rs_req_Init\"><\/script>\n\n<div class=\"rs_skip rsbtn rs_preserve\" id=\"readspeaker_button1\">\n  <a rel=\"nofollow\" class=\"rsbtn_play\" title=\"Lyssna p&aring; sidans text med ReadSpeaker webReader\" href=\"https:\/\/app-eu.readspeaker.com\/cgi-bin\/rsent?customerid=10610&amp;lang=sv_se&amp;readid=READIDresultat52SV&amp;url=https:\/\/webs.uab.cat\/easit\/sv\/resultat-5-2\/\">\n        <span class=\"rsbtn_left rsimg rspart\"><span class=\"rsbtn_text\"><span>Lyssna<\/span><\/span><\/span>\n        <span class=\"rsbtn_right rsimg rsplay rspart\"><\/span>\n    <\/a>\n<\/div><p>&nbsp;<\/p>\n<div id=\"READIDresultat52SV\">\n<p>Ladda ner resultat 5\u00a0<strong><u><a href=\"https:\/\/ddd.uab.cat\/record\/248286\">h\u00e4r<\/a><\/u><\/strong>.<\/p>\n<p>\u00a0<\/p>\n<p>Huvudm\u00e5lgrupp: Utbildare.<\/p>\n<p>Inneh\u00e5llet i utbildningen<\/p>\n<p>kan ocks\u00e5 vara relevant f\u00f6r praktiker<\/p>\n<p>och personer som studerar p\u00e5 egen hand.<\/p>\n<p><br>\n  <a href=\"https:\/\/webs.uab.cat\/easit\/wp-content\/uploads\/sites\/159\/2022\/09\/easit_website_results_5_sv.mp3\"><img loading=\"lazy\" decoding=\"async\" alt=\"Ladda ner MP3\" height=\"34\" src=\"https:\/\/webs.uab.cat\/easit\/wp-content\/uploads\/sites\/159\/2018\/09\/file-music-download-audio-mp3-sound-44525_1-e1662452321417.png\" width=\"35\" srcset=\"https:\/\/webs.uab.cat\/easit\/wp-content\/uploads\/sites\/159\/2018\/09\/file-music-download-audio-mp3-sound-44525_1-e1662452321417.png 256w, https:\/\/webs.uab.cat\/easit\/wp-content\/uploads\/sites\/159\/2018\/09\/file-music-download-audio-mp3-sound-44525_1-150x150.png 150w\" sizes=\"auto, (max-width: 60px) 100vw, 60px\"><\/a><\/p>\n<p>\u00a0<\/p>\n<p><strong>Resultat 5<\/strong><\/p>\n<p><strong>Undervisningsmaterial<\/strong><\/p>\n<p>\u00a0<\/p>\n<p>EASIT ska ta fram\u00a0<strong>undervisningsmaterial<\/strong>.<\/p>\n<p>Det kan vara videos eller skrivna dokument<\/p>\n<p>som till exempel pappersh\u00e4ften.<\/p>\n<p>Materialet ska l\u00e4ra ut<\/p>\n<p>hur man skriver<\/p>\n<p>och hur man anpassar<\/p>\n<p>s\u00e5 att inneh\u00e5llet blir enkelt att f\u00f6rst\u00e5.<\/p>\n<p>\u00a0<\/p>\n<p>Undervisningsmaterialet ska finnas p\u00e5 olika spr\u00e5k.<\/p>\n<p>Till exempel: svenska, engelska italienska,<\/p>\n<p>galiciska, tyska, spanska,<\/p>\n<p>katalan och slovenska.<\/p>\n<p>\u00a0<\/p>\n<p>Materialet ska vara gratis.<\/p>\n<p>Alla ska f\u00e5 anv\u00e4nda det.<\/p>\n<p>Till exempel ska det kunna anv\u00e4ndas p\u00e5<\/p>\n<ul>\n  <li>en kurs p\u00e5 ett universitet<\/li>\n<\/ul>\n<ul>\n  <li>en kurs hos en organisation<\/li>\n<\/ul>\n<ul>\n  <li>hemma.<\/li>\n<\/ul>\n<p>\u00a0<\/p>\n<p><strong>Om du vill veta mer om undervisningsmaterialet<\/strong><\/p>\n<p><strong>kan du fr\u00e5ga mig, Anna Matamala.<\/strong><\/p>\n<p>Det \u00e4r jag som skrivit denna information.<\/p>\n<p>Jag ansvarar f\u00f6r Resultat 5.<\/p>\n<p>E-post:\u00a0<strong><u><a href=\"mailto:anna.matamala@uab.cat\">anna.matamala@uab.cat<\/a><\/u><\/strong><\/p>\n<\/div>\n","protected":false},"excerpt":{"rendered":"<p>Lyssna &nbsp; Ladda ner resultat 5\u00a0h\u00e4r. \u00a0 Huvudm\u00e5lgrupp: Utbildare. Inneh\u00e5llet i utbildningen kan ocks\u00e5 vara relevant f\u00f6r praktiker och personer som studerar p\u00e5 egen hand. \u00a0 Resultat 5 Undervisningsmaterial \u00a0 EASIT ska ta fram\u00a0undervisningsmaterial. Det kan vara videos eller skrivna dokument som till exempel pappersh\u00e4ften. Materialet ska l\u00e4ra ut hur man skriver och hur man [&hellip;]<\/p>\n","protected":false},"author":20,"featured_media":0,"parent":0,"menu_order":0,"comment_status":"closed","ping_status":"closed","template":"","meta":{"footnotes":""},"class_list":["post-302","page","type-page","status-publish","hentry"],"_links":{"self":[{"href":"https:\/\/webs.uab.cat\/easit\/sv\/wp-json\/wp\/v2\/pages\/302","targetHints":{"allow":["GET"]}}],"collection":[{"href":"https:\/\/webs.uab.cat\/easit\/sv\/wp-json\/wp\/v2\/pages"}],"about":[{"href":"https:\/\/webs.uab.cat\/easit\/sv\/wp-json\/wp\/v2\/types\/page"}],"author":[{"embeddable":true,"href":"https:\/\/webs.uab.cat\/easit\/sv\/wp-json\/wp\/v2\/users\/20"}],"replies":[{"embeddable":true,"href":"https:\/\/webs.uab.cat\/easit\/sv\/wp-json\/wp\/v2\/comments?post=302"}],"version-history":[{"count":3,"href":"https:\/\/webs.uab.cat\/easit\/sv\/wp-json\/wp\/v2\/pages\/302\/revisions"}],"predecessor-version":[{"id":4363,"href":"https:\/\/webs.uab.cat\/easit\/sv\/wp-json\/wp\/v2\/pages\/302\/revisions\/4363"}],"wp:attachment":[{"href":"https:\/\/webs.uab.cat\/easit\/sv\/wp-json\/wp\/v2\/media?parent=302"}],"curies":[{"name":"wp","href":"https:\/\/api.w.org\/{rel}","templated":true}]}}