{"id":303,"date":"2018-09-25T08:42:59","date_gmt":"2018-09-25T08:42:59","guid":{"rendered":"https:\/\/webs.uab.cat\/easit\/resultat-6-2\/"},"modified":"2024-06-26T06:27:35","modified_gmt":"2024-06-26T06:27:35","slug":"resultat-6-2","status":"publish","type":"page","link":"https:\/\/webs.uab.cat\/easit\/sv\/resultat-6-2\/","title":{"rendered":"Resultat 6"},"content":{"rendered":"\n<script src=\"https:\/\/cdn-eu.readspeaker.com\/script\/10610\/webReader\/webReader.js?pids=wr\" type=\"text\/javascript\" id=\"rs_req_Init\"><\/script>\n\n<div class=\"rs_skip rsbtn rs_preserve\" id=\"readspeaker_button1\">\n  <a rel=\"nofollow\" class=\"rsbtn_play\" title=\"Lyssna p&aring; sidans text med ReadSpeaker webReader\" href=\"https:\/\/app-eu.readspeaker.com\/cgi-bin\/rsent?customerid=10610&amp;lang=sv_se&amp;readid=READIDresultat62SV&amp;url=https:\/\/webs.uab.cat\/easit\/sv\/resultat-6-2\/\">\n        <span class=\"rsbtn_left rsimg rspart\"><span class=\"rsbtn_text\"><span>Lyssna<\/span><\/span><\/span>\n        <span class=\"rsbtn_right rsimg rsplay rspart\"><\/span>\n    <\/a>\n<\/div><p>&nbsp;<\/p>\n<div id=\"READIDresultat62SV\">\n<p>Ladda ner resultat 6\u00a0<strong><u><a href=\"http:\/\/ddd.uab.cat\/record\/248864\">h\u00e4r<\/a><\/u><\/strong>.<\/p>\n<p>\u00a0<\/p>\n<p>Huvudm\u00e5lgrupp: Alla som \u00e4r intresserade<\/p>\n<p>av en certifierad utbildning.<\/p>\n<p><br>\n  <a href=\"https:\/\/webs.uab.cat\/easit\/wp-content\/uploads\/sites\/159\/2022\/09\/easit_website_results_6_sv.mp3\"><img loading=\"lazy\" decoding=\"async\" alt=\"Ladda ner MP3\" height=\"30\" src=\"https:\/\/webs.uab.cat\/easit\/wp-content\/uploads\/sites\/159\/2018\/09\/file-music-download-audio-mp3-sound-44525_1-e1662452321417.png\" width=\"32\" srcset=\"https:\/\/webs.uab.cat\/easit\/wp-content\/uploads\/sites\/159\/2018\/09\/file-music-download-audio-mp3-sound-44525_1-e1662452321417.png 256w, https:\/\/webs.uab.cat\/easit\/wp-content\/uploads\/sites\/159\/2018\/09\/file-music-download-audio-mp3-sound-44525_1-150x150.png 150w\" sizes=\"auto, (max-width: 60px) 100vw, 60px\"><\/a><\/p>\n<p>\u00a0<\/p>\n<p><strong>Resultat 6<\/strong><\/p>\n<p><strong>Certifiering<\/strong><\/p>\n<p>\u00a0<\/p>\n<p>EASIT ska f\u00f6resl\u00e5<\/p>\n<p>hur en\u00a0<strong>certifierng<\/strong>\u00a0kan g\u00e5 till.<\/p>\n<p>Att certifiera betyder<\/p>\n<p>att lova att n\u00e5gon kan n\u00e5got.<\/p>\n<p>\u00a0<\/p>\n<p>Det kan man g\u00f6ra genom ett skriftligt intyg<\/p>\n<p>till exempel ett diplom<\/p>\n<p>som ett bevis p\u00e5 att n\u00e5gon kan en sak riktigt bra.<\/p>\n<p>Till exempel att du kan skriva information<\/p>\n<p>s\u00e5 att alla f\u00f6rst\u00e5r.<\/p>\n<p>Eller att du kan ta fram videofilmer<\/p>\n<p>som alla kan f\u00f6rst\u00e5.<\/p>\n<p>\u00a0<\/p>\n<p>EASIT ska ta reda p\u00e5 hur andra projekt<\/p>\n<p>g\u00f6r s\u00e5dana certifieringar.<\/p>\n<p>Men vi ska inte dela ut certifieringar.<\/p>\n<p>Vi ska bara ta fram ett f\u00f6rslag<\/p>\n<p>f\u00f6r vad som b\u00f6r ing\u00e5 i ett s\u00e5dant dokument.<\/p>\n<p>\u00a0<\/p>\n<p><strong>Om du vill veta mer om certifieringen<\/strong><\/p>\n<p><strong>kan du fr\u00e5ga Anna Matamala.<\/strong><\/p>\n<p>Det \u00e4r jag Anna som skrivit denna information.<\/p>\n<p>Jag ansvarar f\u00f6r Resultat 6.<\/p>\n<p>E-post:\u00a0<strong><u><a href=\"mailto:anna.matamala@uab.cat\">anna.matamala@uab.cat<\/a><\/u><\/strong><\/p>\n<\/div>\n","protected":false},"excerpt":{"rendered":"<p>Lyssna &nbsp; Ladda ner resultat 6\u00a0h\u00e4r. \u00a0 Huvudm\u00e5lgrupp: Alla som \u00e4r intresserade av en certifierad utbildning. \u00a0 Resultat 6 Certifiering \u00a0 EASIT ska f\u00f6resl\u00e5 hur en\u00a0certifierng\u00a0kan g\u00e5 till. Att certifiera betyder att lova att n\u00e5gon kan n\u00e5got. \u00a0 Det kan man g\u00f6ra genom ett skriftligt intyg till exempel ett diplom som ett bevis p\u00e5 att [&hellip;]<\/p>\n","protected":false},"author":20,"featured_media":0,"parent":0,"menu_order":0,"comment_status":"closed","ping_status":"closed","template":"","meta":{"footnotes":""},"class_list":["post-303","page","type-page","status-publish","hentry"],"_links":{"self":[{"href":"https:\/\/webs.uab.cat\/easit\/sv\/wp-json\/wp\/v2\/pages\/303","targetHints":{"allow":["GET"]}}],"collection":[{"href":"https:\/\/webs.uab.cat\/easit\/sv\/wp-json\/wp\/v2\/pages"}],"about":[{"href":"https:\/\/webs.uab.cat\/easit\/sv\/wp-json\/wp\/v2\/types\/page"}],"author":[{"embeddable":true,"href":"https:\/\/webs.uab.cat\/easit\/sv\/wp-json\/wp\/v2\/users\/20"}],"replies":[{"embeddable":true,"href":"https:\/\/webs.uab.cat\/easit\/sv\/wp-json\/wp\/v2\/comments?post=303"}],"version-history":[{"count":4,"href":"https:\/\/webs.uab.cat\/easit\/sv\/wp-json\/wp\/v2\/pages\/303\/revisions"}],"predecessor-version":[{"id":4365,"href":"https:\/\/webs.uab.cat\/easit\/sv\/wp-json\/wp\/v2\/pages\/303\/revisions\/4365"}],"wp:attachment":[{"href":"https:\/\/webs.uab.cat\/easit\/sv\/wp-json\/wp\/v2\/media?parent=303"}],"curies":[{"name":"wp","href":"https:\/\/api.w.org\/{rel}","templated":true}]}}