{"id":304,"date":"2018-09-03T15:16:37","date_gmt":"2018-09-03T15:16:37","guid":{"rendered":"https:\/\/webs.uab.cat\/easit\/evenemang\/"},"modified":"2024-06-26T06:28:16","modified_gmt":"2024-06-26T06:28:16","slug":"evenemang","status":"publish","type":"page","link":"https:\/\/webs.uab.cat\/easit\/sv\/evenemang\/","title":{"rendered":"Evenemang"},"content":{"rendered":"\n<script src=\"https:\/\/cdn-eu.readspeaker.com\/script\/10610\/webReader\/webReader.js?pids=wr\" type=\"text\/javascript\" id=\"rs_req_Init\"><\/script>\n\n<div class=\"rs_skip rsbtn rs_preserve\" id=\"readspeaker_button1\">\n  <a rel=\"nofollow\" class=\"rsbtn_play\" title=\"Lyssna p&aring; sidans text med ReadSpeaker webReader\" href=\"https:\/\/app-eu.readspeaker.com\/cgi-bin\/rsent?customerid=10610&amp;lang=sv_se&amp;readid=READIDevenemangSV&amp;url=https:\/\/webs.uab.cat\/easit\/sv\/evenemang\/\">\n        <span class=\"rsbtn_left rsimg rspart\"><span class=\"rsbtn_text\"><span>Lyssna<\/span><\/span><\/span>\n        <span class=\"rsbtn_right rsimg rsplay rspart\"><\/span>\n    <\/a>\n<\/div><p>&nbsp;<\/p>\n<div id=\"READIDevenemangSV\">\n<p>EASIT arrangerar evenemang<\/p>\n<p>d\u00e4r vi f\u00f6rklarar projektet<\/p>\n<p>och v\u00e5ra resultat.<\/p>\n<p>Resultaten kallar vi f\u00f6r outputs.<\/p>\n<p>\u00a0<\/p>\n<p>Vi ska ha 6 evenemang.<\/p>\n<p>Vi kallar dem events.<\/p>\n<p>\u00a0<\/p>\n<ul>\n  <li><a href=\"http:\/\/webs.uab.cat\/easit\/sv\/content\/event-1\">Event i M\u00fcnchen<\/a>, i Tyskland<\/li>\n<\/ul>\n<ul>\n  <li><a href=\"http:\/\/webs.uab.cat\/easit\/sv\/content\/event-2\">Event i Stockholm<\/a>, in Sverige<\/li>\n<\/ul>\n<ul>\n  <li><a href=\"http:\/\/webs.uab.cat\/easit\/sv\/content\/event-3\">Event i Hildesheim,<\/a>\u00a0in Tyskland<\/li>\n<\/ul>\n<ul>\n  <li><a href=\"http:\/\/webs.uab.cat\/easit\/sv\/content\/event-4\">Event i Vigo<\/a>, i Spanien<\/li>\n<\/ul>\n<ul>\n  <li><a href=\"http:\/\/webs.uab.cat\/easit\/sv\/content\/event-5\">Event i Barcelona<\/a>, i Spanien<\/li>\n<\/ul>\n<ul>\n  <li><a href=\"http:\/\/webs.uab.cat\/easit\/sv\/content\/event-6\">Event i Ljubljana<\/a>,\u00a0i Slovenien<\/li>\n<\/ul>\n<\/div>\n","protected":false},"excerpt":{"rendered":"<p>Lyssna &nbsp; EASIT arrangerar evenemang d\u00e4r vi f\u00f6rklarar projektet och v\u00e5ra resultat. Resultaten kallar vi f\u00f6r outputs. \u00a0 Vi ska ha 6 evenemang. Vi kallar dem events. \u00a0 Event i M\u00fcnchen, i Tyskland Event i Stockholm, in Sverige Event i Hildesheim,\u00a0in Tyskland Event i Vigo, i Spanien Event i Barcelona, i Spanien Event i Ljubljana,\u00a0i [&hellip;]<\/p>\n","protected":false},"author":20,"featured_media":0,"parent":0,"menu_order":0,"comment_status":"closed","ping_status":"closed","template":"","meta":{"footnotes":""},"class_list":["post-304","page","type-page","status-publish","hentry"],"_links":{"self":[{"href":"https:\/\/webs.uab.cat\/easit\/sv\/wp-json\/wp\/v2\/pages\/304","targetHints":{"allow":["GET"]}}],"collection":[{"href":"https:\/\/webs.uab.cat\/easit\/sv\/wp-json\/wp\/v2\/pages"}],"about":[{"href":"https:\/\/webs.uab.cat\/easit\/sv\/wp-json\/wp\/v2\/types\/page"}],"author":[{"embeddable":true,"href":"https:\/\/webs.uab.cat\/easit\/sv\/wp-json\/wp\/v2\/users\/20"}],"replies":[{"embeddable":true,"href":"https:\/\/webs.uab.cat\/easit\/sv\/wp-json\/wp\/v2\/comments?post=304"}],"version-history":[{"count":4,"href":"https:\/\/webs.uab.cat\/easit\/sv\/wp-json\/wp\/v2\/pages\/304\/revisions"}],"predecessor-version":[{"id":4366,"href":"https:\/\/webs.uab.cat\/easit\/sv\/wp-json\/wp\/v2\/pages\/304\/revisions\/4366"}],"wp:attachment":[{"href":"https:\/\/webs.uab.cat\/easit\/sv\/wp-json\/wp\/v2\/media?parent=304"}],"curies":[{"name":"wp","href":"https:\/\/api.w.org\/{rel}","templated":true}]}}