{"id":305,"date":"2018-09-25T08:44:26","date_gmt":"2018-09-25T08:44:26","guid":{"rendered":"https:\/\/webs.uab.cat\/easit\/event-1\/"},"modified":"2024-06-26T06:29:06","modified_gmt":"2024-06-26T06:29:06","slug":"event-1","status":"publish","type":"page","link":"https:\/\/webs.uab.cat\/easit\/sv\/event-1\/","title":{"rendered":"Event 1"},"content":{"rendered":"\n<script src=\"https:\/\/cdn-eu.readspeaker.com\/script\/10610\/webReader\/webReader.js?pids=wr\" type=\"text\/javascript\" id=\"rs_req_Init\"><\/script>\n\n<div class=\"rs_skip rsbtn rs_preserve\" id=\"readspeaker_button1\">\n  <a rel=\"nofollow\" class=\"rsbtn_play\" title=\"Lyssna p&aring; sidans text med ReadSpeaker webReader\" href=\"https:\/\/app-eu.readspeaker.com\/cgi-bin\/rsent?customerid=10610&amp;lang=sv_se&amp;readid=READIDevent1SV&amp;url=https:\/\/webs.uab.cat\/easit\/sv\/event-1\/\">\n        <span class=\"rsbtn_left rsimg rspart\"><span class=\"rsbtn_text\"><span>Lyssna<\/span><\/span><\/span>\n        <span class=\"rsbtn_right rsimg rsplay rspart\"><\/span>\n    <\/a>\n<\/div><p>&nbsp;<\/p>\n<div id=\"READIDevent1SV\">\n<p>Ladda ner programmet\u00a0<a href=\"https:\/\/webs.uab.cat\/easit\/wp-content\/uploads\/sites\/159\/2018\/09\/easit_sdi_e1_agenda_savedate.pdf\">h\u00e4r<\/a>.<\/p>\n<p>Ladda ner presentationerna\u00a0<a href=\"http:\/\/webs.uab.cat\/easit\/en\/content\/event-1-presentations\">h\u00e4r<\/a>.<\/p>\n<p>Ladda ner rapporten\u00a0<a href=\"https:\/\/ddd.uab.cat\/record\/204069\">h\u00e4r<\/a>.<\/p>\n<p><br>\n  <a href=\"https:\/\/webs.uab.cat\/easit\/wp-content\/uploads\/sites\/159\/2022\/09\/easit_website_event_1_sv.mp3\"><img loading=\"lazy\" decoding=\"async\" alt=\"Ladda ner MP3\" height=\"26\" src=\"https:\/\/webs.uab.cat\/easit\/wp-content\/uploads\/sites\/159\/2018\/09\/file-music-download-audio-mp3-sound-44525_1-e1662452321417.png\" width=\"28\" srcset=\"https:\/\/webs.uab.cat\/easit\/wp-content\/uploads\/sites\/159\/2018\/09\/file-music-download-audio-mp3-sound-44525_1-e1662452321417.png 256w, https:\/\/webs.uab.cat\/easit\/wp-content\/uploads\/sites\/159\/2018\/09\/file-music-download-audio-mp3-sound-44525_1-150x150.png 150w\" sizes=\"auto, (max-width: 60px) 100vw, 60px\"><\/a><\/p>\n<p>&nbsp;<\/p>\n<p><strong>Event 1<\/strong><\/p>\n<p>Det f\u00f6rsta eventet h\u00e5lls p\u00e5 universitetet i M\u00fcnchen<\/p>\n<p>i Tyskland 7 mars 2019.<\/p>\n<p>\u00a0<\/p>\n<p><strong>Vem kommer dit?<\/strong><\/p>\n<p>Alla EASIT:s partners kommer dit.<\/p>\n<p>Vi kommer ocks\u00e5 att bjuda in g\u00e4ster<\/p>\n<p>som \u00e4r intresserade av att g\u00f6ra inneh\u00e5ll<\/p>\n<p>som \u00e4r enkelt att f\u00f6rst\u00e5.<\/p>\n<p>\u00a0<\/p>\n<p><strong>Vad ska vi g\u00f6ra d\u00e4r?<\/strong><\/p>\n<p>EASIT ska presentera Resultat 1.<\/p>\n<p>Vi ska prata om Resultat 1.<\/p>\n<p>Du kan l\u00e4sa mer om Resultat 1\u00a0<a href=\"http:\/\/webs.uab.cat\/easit\/sv\/content\/resultat-1%C2%A0\">h\u00e4r<\/a>.<\/p>\n<p>\u00a0<\/p>\n<p><strong>Om du vill veta mer om evenemanget i M\u00fcnchen<\/strong><\/p>\n<p>kan du fr\u00e5ga Roc\u00edo Bernab\u00e9.<\/p>\n<p>Roc\u00edo har skrivit denna information<\/p>\n<p>och hon \u00e4r ansvarig f\u00f6r eventet.<\/p>\n<p>E-post:\u00a0<a href=\"mailto:Rocio.Bernabe@sdi-muenchen.de\">Rocio.Bernabe@sdi-muenchen.de<\/a><\/p>\n<\/div>\n","protected":false},"excerpt":{"rendered":"<p>Lyssna &nbsp; Ladda ner programmet\u00a0h\u00e4r. Ladda ner presentationerna\u00a0h\u00e4r. Ladda ner rapporten\u00a0h\u00e4r. &nbsp; Event 1 Det f\u00f6rsta eventet h\u00e5lls p\u00e5 universitetet i M\u00fcnchen i Tyskland 7 mars 2019. \u00a0 Vem kommer dit? Alla EASIT:s partners kommer dit. Vi kommer ocks\u00e5 att bjuda in g\u00e4ster som \u00e4r intresserade av att g\u00f6ra inneh\u00e5ll som \u00e4r enkelt att f\u00f6rst\u00e5. [&hellip;]<\/p>\n","protected":false},"author":20,"featured_media":0,"parent":0,"menu_order":0,"comment_status":"closed","ping_status":"closed","template":"","meta":{"footnotes":""},"class_list":["post-305","page","type-page","status-publish","hentry"],"_links":{"self":[{"href":"https:\/\/webs.uab.cat\/easit\/sv\/wp-json\/wp\/v2\/pages\/305","targetHints":{"allow":["GET"]}}],"collection":[{"href":"https:\/\/webs.uab.cat\/easit\/sv\/wp-json\/wp\/v2\/pages"}],"about":[{"href":"https:\/\/webs.uab.cat\/easit\/sv\/wp-json\/wp\/v2\/types\/page"}],"author":[{"embeddable":true,"href":"https:\/\/webs.uab.cat\/easit\/sv\/wp-json\/wp\/v2\/users\/20"}],"replies":[{"embeddable":true,"href":"https:\/\/webs.uab.cat\/easit\/sv\/wp-json\/wp\/v2\/comments?post=305"}],"version-history":[{"count":6,"href":"https:\/\/webs.uab.cat\/easit\/sv\/wp-json\/wp\/v2\/pages\/305\/revisions"}],"predecessor-version":[{"id":4367,"href":"https:\/\/webs.uab.cat\/easit\/sv\/wp-json\/wp\/v2\/pages\/305\/revisions\/4367"}],"wp:attachment":[{"href":"https:\/\/webs.uab.cat\/easit\/sv\/wp-json\/wp\/v2\/media?parent=305"}],"curies":[{"name":"wp","href":"https:\/\/api.w.org\/{rel}","templated":true}]}}