{"id":307,"date":"2018-09-25T08:44:38","date_gmt":"2018-09-25T08:44:38","guid":{"rendered":"https:\/\/webs.uab.cat\/easit\/event-3\/"},"modified":"2024-06-26T06:32:01","modified_gmt":"2024-06-26T06:32:01","slug":"event-3","status":"publish","type":"page","link":"https:\/\/webs.uab.cat\/easit\/sv\/event-3\/","title":{"rendered":"Event 3"},"content":{"rendered":"\n<script src=\"https:\/\/cdn-eu.readspeaker.com\/script\/10610\/webReader\/webReader.js?pids=wr\" type=\"text\/javascript\" id=\"rs_req_Init\"><\/script>\n\n<div class=\"rs_skip rsbtn rs_preserve\" id=\"readspeaker_button1\">\n  <a rel=\"nofollow\" class=\"rsbtn_play\" title=\"Lyssna p&aring; sidans text med ReadSpeaker webReader\" href=\"https:\/\/app-eu.readspeaker.com\/cgi-bin\/rsent?customerid=10610&amp;lang=sv_se&amp;readid=READIDevent3SV&amp;url=https:\/\/webs.uab.cat\/easit\/sv\/event-3\/\">\n        <span class=\"rsbtn_left rsimg rspart\"><span class=\"rsbtn_text\"><span>Lyssna<\/span><\/span><\/span>\n        <span class=\"rsbtn_right rsimg rsplay rspart\"><\/span>\n    <\/a>\n<\/div><p>&nbsp;<\/p>\n<div id=\"READIDevent3SV\">\n<p>Ladda ner programmet\u00a0<u><strong><a href=\"https:\/\/webs.uab.cat\/easit\/wp-content\/uploads\/sites\/159\/2022\/09\/easit_suh_e3_agenda_hildesheim_final.pdf\">h\u00e4r<\/a><\/strong><\/u>.<\/p>\n<p>Ladda ner presentationerna\u00a0<strong><u><a href=\"https:\/\/webs.uab.cat\/easit\/en\/content\/event-3-presentations\">h\u00e4r<\/a><\/u><\/strong>.<\/p>\n<p>Ladda ner rapporten\u00a0<u><strong><a href=\"https:\/\/ddd.uab.cat\/record\/221161\">h\u00e4r<\/a><\/strong><\/u>.<\/p>\n<p><br>\n  <a href=\"https:\/\/webs.uab.cat\/easit\/wp-content\/uploads\/sites\/159\/2022\/09\/easit_website_event_3_sv.mp3\"><img loading=\"lazy\" decoding=\"async\" alt=\"Ladda ner MP3\" height=\"25\" src=\"https:\/\/webs.uab.cat\/easit\/wp-content\/uploads\/sites\/159\/2018\/09\/file-music-download-audio-mp3-sound-44525_1-e1662452321417.png\" width=\"26\" srcset=\"https:\/\/webs.uab.cat\/easit\/wp-content\/uploads\/sites\/159\/2018\/09\/file-music-download-audio-mp3-sound-44525_1-e1662452321417.png 256w, https:\/\/webs.uab.cat\/easit\/wp-content\/uploads\/sites\/159\/2018\/09\/file-music-download-audio-mp3-sound-44525_1-150x150.png 150w\" sizes=\"auto, (max-width: 60px) 100vw, 60px\"><\/a><\/p>\n<p>&nbsp;<\/p>\n<p><strong>Event 3<\/strong><\/p>\n<p>Event 3 ska vara I Hildesheim i Tyskland.<\/p>\n<p>3 februari 2020.<\/p>\n<p>Det ska arrangeras av universitetet i Hildesheim.<\/p>\n<p>\u00a0<\/p>\n<p><strong>Vem kommer dit?<\/strong><\/p>\n<p>Alla EASIT:s partners kommer dit.<\/p>\n<p>Vi kommer ocks\u00e5 att bjuda in g\u00e4ster<\/p>\n<p>som \u00e4r intresserade av att g\u00f6ra inneh\u00e5ll<\/p>\n<p>som \u00e4r enkelt att f\u00f6rst\u00e5.<\/p>\n<p>\u00a0<\/p>\n<p><strong>Vad ska vi g\u00f6ra d\u00e4r?<\/strong><\/p>\n<p>EASIT ska presentera Resultat 3.<\/p>\n<p>Vi ska prata om Resultat 3.<\/p>\n<p>Du kan l\u00e4sa mer om Resultat 3\u00a0<u><strong><a href=\"https:\/\/webs.uab.cat\/easit\/sv\/content\/resultat-3\" target=\"_blank\" rel=\"noopener\">h\u00e4r<\/a><\/strong><\/u>.<\/p>\n<p>\u00a0<\/p>\n<p><strong>Om du vill veta mer om evenemanget i Hildesheim<\/strong><\/p>\n<p>kan du fr\u00e5ga Sergio Hern\u00e1ndez.<\/p>\n<p>Sergio har skrivit denna information<\/p>\n<p>och han \u00e4r ansvarig f\u00f6r eventet.<\/p>\n<p>E-post:\u00a0<u><strong><a href=\"mailto:hernande@uni-hildesheim.de\">hernande@uni-hildesheim.de<\/a><\/strong><\/u><\/p>\n<\/div>\n","protected":false},"excerpt":{"rendered":"<p>Lyssna &nbsp; Ladda ner programmet\u00a0h\u00e4r. Ladda ner presentationerna\u00a0h\u00e4r. Ladda ner rapporten\u00a0h\u00e4r. &nbsp; Event 3 Event 3 ska vara I Hildesheim i Tyskland. 3 februari 2020. Det ska arrangeras av universitetet i Hildesheim. \u00a0 Vem kommer dit? Alla EASIT:s partners kommer dit. Vi kommer ocks\u00e5 att bjuda in g\u00e4ster som \u00e4r intresserade av att g\u00f6ra inneh\u00e5ll [&hellip;]<\/p>\n","protected":false},"author":20,"featured_media":0,"parent":0,"menu_order":0,"comment_status":"closed","ping_status":"closed","template":"","meta":{"footnotes":""},"class_list":["post-307","page","type-page","status-publish","hentry"],"_links":{"self":[{"href":"https:\/\/webs.uab.cat\/easit\/sv\/wp-json\/wp\/v2\/pages\/307","targetHints":{"allow":["GET"]}}],"collection":[{"href":"https:\/\/webs.uab.cat\/easit\/sv\/wp-json\/wp\/v2\/pages"}],"about":[{"href":"https:\/\/webs.uab.cat\/easit\/sv\/wp-json\/wp\/v2\/types\/page"}],"author":[{"embeddable":true,"href":"https:\/\/webs.uab.cat\/easit\/sv\/wp-json\/wp\/v2\/users\/20"}],"replies":[{"embeddable":true,"href":"https:\/\/webs.uab.cat\/easit\/sv\/wp-json\/wp\/v2\/comments?post=307"}],"version-history":[{"count":4,"href":"https:\/\/webs.uab.cat\/easit\/sv\/wp-json\/wp\/v2\/pages\/307\/revisions"}],"predecessor-version":[{"id":4369,"href":"https:\/\/webs.uab.cat\/easit\/sv\/wp-json\/wp\/v2\/pages\/307\/revisions\/4369"}],"wp:attachment":[{"href":"https:\/\/webs.uab.cat\/easit\/sv\/wp-json\/wp\/v2\/media?parent=307"}],"curies":[{"name":"wp","href":"https:\/\/api.w.org\/{rel}","templated":true}]}}