{"id":310,"date":"2018-09-25T10:04:49","date_gmt":"2018-09-25T10:04:49","guid":{"rendered":"https:\/\/webs.uab.cat\/easit\/event-6\/"},"modified":"2024-06-26T06:35:10","modified_gmt":"2024-06-26T06:35:10","slug":"event-6","status":"publish","type":"page","link":"https:\/\/webs.uab.cat\/easit\/sv\/event-6\/","title":{"rendered":"Event 6"},"content":{"rendered":"\n<script src=\"https:\/\/cdn-eu.readspeaker.com\/script\/10610\/webReader\/webReader.js?pids=wr\" type=\"text\/javascript\" id=\"rs_req_Init\"><\/script>\n\n<div class=\"rs_skip rsbtn rs_preserve\" id=\"readspeaker_button1\">\n  <a rel=\"nofollow\" class=\"rsbtn_play\" title=\"Lyssna p&aring; sidans text med ReadSpeaker webReader\" href=\"https:\/\/app-eu.readspeaker.com\/cgi-bin\/rsent?customerid=10610&amp;lang=sv_se&amp;readid=READIDevent6SV&amp;url=https:\/\/webs.uab.cat\/easit\/sv\/event-6\/\">\n        <span class=\"rsbtn_left rsimg rspart\"><span class=\"rsbtn_text\"><span>Lyssna<\/span><\/span><\/span>\n        <span class=\"rsbtn_right rsimg rsplay rspart\"><\/span>\n    <\/a>\n<\/div><p>&nbsp;<\/p>\n<div id=\"READIDevent6SV\">\n<p>Ladda ner programmet\u00a0<strong><u><a href=\"https:\/\/webs.uab.cat\/easit\/wp-content\/uploads\/sites\/159\/2018\/09\/easit_rtv_slo_me_6_ljubljana-final-18062021.pdf\">h\u00e4r<\/a><\/u><\/strong>.<\/p>\n<p>Ladda ner presentationerna\u00a0<strong><u><a href=\"https:\/\/webs.uab.cat\/easit\/en\/content\/event-6-presentations\">h\u00e4r<\/a><\/u><\/strong>.<\/p>\n<p>Ladda ner rapporten\u00a0<a href=\"https:\/\/ddd.uab.cat\/record\/247605\"><strong><u>h\u00e4r<\/u><\/strong><\/a>.<\/p>\n<p><br>\n  <a href=\"https:\/\/webs.uab.cat\/easit\/wp-content\/uploads\/sites\/159\/2022\/09\/easit_website_event_6_sv.mp3\"><img loading=\"lazy\" decoding=\"async\" alt=\"Ladda ner MP3\" height=\"27\" src=\"https:\/\/webs.uab.cat\/easit\/wp-content\/uploads\/sites\/159\/2018\/09\/file-music-download-audio-mp3-sound-44525_1-e1662452321417.png\" width=\"27\" srcset=\"https:\/\/webs.uab.cat\/easit\/wp-content\/uploads\/sites\/159\/2018\/09\/file-music-download-audio-mp3-sound-44525_1-e1662452321417.png 256w, https:\/\/webs.uab.cat\/easit\/wp-content\/uploads\/sites\/159\/2018\/09\/file-music-download-audio-mp3-sound-44525_1-150x150.png 150w\" sizes=\"auto, (max-width: 60px) 100vw, 60px\"><\/a><\/p>\n<p>&nbsp;<\/p>\n<p><strong>Event 6<\/strong><\/p>\n<p>Event 6 blir i Ljubljana i Slovenien i juni 2021.<\/p>\n<p>RTV Slovenija ska arrangera.<\/p>\n<p>\u00a0<\/p>\n<p><strong>Vem kommer dit?<\/strong><\/p>\n<p>Alla EASIT:s partners kommer dit.<\/p>\n<p>Vi kommer ocks\u00e5 att bjuda in g\u00e4ster<\/p>\n<p>som \u00e4r intresserade av att g\u00f6ra inneh\u00e5ll<\/p>\n<p>som \u00e4r enkelt att f\u00f6rst\u00e5.<\/p>\n<p>\u00a0<\/p>\n<p><strong>Vad ska vi g\u00f6ra d\u00e4r?<\/strong><\/p>\n<p>EASIT ska presentera Resultat 5 och Resultat 6.<\/p>\n<p>Vi ska prata om Resultat 5 och Resultat 6.<\/p>\n<p>Du kan l\u00e4sa mer om Resultat 5\u00a0<strong><u><a href=\"https:\/\/webs.uab.cat\/easit\/sv\/content\/resultat-5\" target=\"_blank\" rel=\"noopener\">h\u00e4r<\/a><\/u><\/strong>.<\/p>\n<p>Du kan l\u00e4sa mer om Resultat 6\u00a0<strong><u><a href=\"https:\/\/webs.uab.cat\/easit\/sv\/content\/resultat-6\">h\u00e4r<\/a><\/u><\/strong>.<\/p>\n<p>\u00a0<\/p>\n<p><strong>Om du vill veta mer om evenemanget i Ljubliana<\/strong><\/p>\n<p>kan du fr\u00e5ga Veronka Rot.<\/p>\n<p>Veronika har skrivit denna information.<\/p>\n<p>E-post:\u00a0<strong><u><a href=\"mailto:Veronika.Rot@rtvslo.si\">Veronika.Rot@rtvslo.si<\/a><\/u><\/strong><\/p>\n<\/div>\n","protected":false},"excerpt":{"rendered":"<p>Lyssna &nbsp; Ladda ner programmet\u00a0h\u00e4r. Ladda ner presentationerna\u00a0h\u00e4r. Ladda ner rapporten\u00a0h\u00e4r. &nbsp; Event 6 Event 6 blir i Ljubljana i Slovenien i juni 2021. RTV Slovenija ska arrangera. \u00a0 Vem kommer dit? Alla EASIT:s partners kommer dit. Vi kommer ocks\u00e5 att bjuda in g\u00e4ster som \u00e4r intresserade av att g\u00f6ra inneh\u00e5ll som \u00e4r enkelt att [&hellip;]<\/p>\n","protected":false},"author":20,"featured_media":0,"parent":0,"menu_order":0,"comment_status":"closed","ping_status":"closed","template":"","meta":{"footnotes":""},"class_list":["post-310","page","type-page","status-publish","hentry"],"_links":{"self":[{"href":"https:\/\/webs.uab.cat\/easit\/sv\/wp-json\/wp\/v2\/pages\/310","targetHints":{"allow":["GET"]}}],"collection":[{"href":"https:\/\/webs.uab.cat\/easit\/sv\/wp-json\/wp\/v2\/pages"}],"about":[{"href":"https:\/\/webs.uab.cat\/easit\/sv\/wp-json\/wp\/v2\/types\/page"}],"author":[{"embeddable":true,"href":"https:\/\/webs.uab.cat\/easit\/sv\/wp-json\/wp\/v2\/users\/20"}],"replies":[{"embeddable":true,"href":"https:\/\/webs.uab.cat\/easit\/sv\/wp-json\/wp\/v2\/comments?post=310"}],"version-history":[{"count":4,"href":"https:\/\/webs.uab.cat\/easit\/sv\/wp-json\/wp\/v2\/pages\/310\/revisions"}],"predecessor-version":[{"id":4372,"href":"https:\/\/webs.uab.cat\/easit\/sv\/wp-json\/wp\/v2\/pages\/310\/revisions\/4372"}],"wp:attachment":[{"href":"https:\/\/webs.uab.cat\/easit\/sv\/wp-json\/wp\/v2\/media?parent=310"}],"curies":[{"name":"wp","href":"https:\/\/api.w.org\/{rel}","templated":true}]}}