{"id":311,"date":"2018-09-03T15:17:02","date_gmt":"2018-09-03T15:17:02","guid":{"rendered":"https:\/\/webs.uab.cat\/easit\/kontakt\/"},"modified":"2024-05-16T06:25:56","modified_gmt":"2024-05-16T06:25:56","slug":"kontakt","status":"publish","type":"page","link":"https:\/\/webs.uab.cat\/easit\/sv\/kontakt\/","title":{"rendered":"Kontakt"},"content":{"rendered":"\n<script src=\"https:\/\/cdn-eu.readspeaker.com\/script\/10610\/webReader\/webReader.js?pids=wr\" type=\"text\/javascript\" id=\"rs_req_Init\"><\/script>\n\n<div class=\"rs_skip rsbtn rs_preserve\" id=\"readspeaker_button1\">\n  <a rel=\"nofollow\" class=\"rsbtn_play\" title=\"Lyssna p&aring; sidans text med ReadSpeaker webReader\" href=\"https:\/\/app-eu.readspeaker.com\/cgi-bin\/rsent?customerid=10610&amp;lang=sv_se&amp;readid=READIDkontaktSV&amp;url=https:\/\/webs.uab.cat\/easit\/sv\/kontakt\/\">\n        <span class=\"rsbtn_left rsimg rspart\"><span class=\"rsbtn_text\"><span>Lyssna<\/span><\/span><\/span>\n        <span class=\"rsbtn_right rsimg rsplay rspart\"><\/span>\n    <\/a>\n<\/div><p>&nbsp;<\/p>\n<div id=\"READIDkontaktSV\">\n  <table border=\"3\" cellpadding=\"1\" cellspacing=\"1\">\n    <tbody>\n      <tr>\n        <td><p>Om du vill veta mer om projektet EASIT,\u00a0<\/p>\n          <p>kan du fr\u00e5ga Anna Matamala.<\/p>\n          <p>Anna Matamala \u00e4r projektledare.<\/p>\n          <p>Hennes e-post \u00e4r:\u00a0<a href=\"mailto:anna.matamala@uab.cat\">anna.matamala@uab.cat<\/a><\/p><\/td>\n      <\/tr>\n    <\/tbody>\n  <\/table>\n  <p>\u00a0<\/p>\n  <p><strong>Hur hanterar vi uppgifter om dig?<\/strong><\/p>\n  <p>\u00a0<\/p>\n  <p>Om du kontaktar oss,<\/p>\n  <p>sparar vi<\/p>\n  <p>ditt namn och din epost.<\/p>\n  <p>\u00a0<\/p>\n  <p>Vi sparar dina uppgifter<\/p>\n  <p>f\u00f6r att kunna<\/p>\n  <p>ber\u00e4tta f\u00f6r dig<\/p>\n  <p>om vad som h\u00e4nder i EASIT projektet.<\/p>\n  <p>\u00a0<\/p>\n  <p>Vi kommer inte<\/p>\n  <p>ge bort<\/p>\n  <p>ditt namn och din epost<\/p>\n  <p>till n\u00e5gon annan.<\/p>\n  <p>\u00a0<\/p>\n  <p>Du kan be oss:<\/p>\n  <p>om en kopia av dina uppgifter<\/p>\n  <p>att ta bort dina uppgifter<\/p>\n  <p>att \u00e4ndra dina uppgifter<\/p>\n  <p>\u00a0<\/p>\n  <p><strong>Skicka din fr\u00e5ga till Anna Matamala.<\/strong><\/p>\n  <p>Hon har ansvar f\u00f6r projektet.<\/p>\n  <p>E-post:\u00a0<a href=\"mailto:anna.matamala@uab.cat\">anna.matamala@uab.cat<\/a><\/p>\n  <p>\u00a0<\/p>\n  <p>Om du inte \u00e4r n\u00f6jd<\/p>\n  <p>kan du kontakta<\/p>\n  <p>Myndigheten f\u00f6r dataskydd i Katalonien:<\/p>\n  <p><a href=\"http:\/\/apdcat.gencat.cat\/\" target=\"_blank\" rel=\"noopener\">Catalan Authority for Data Protection<\/a>.<\/p>\n  <p>\u00a0<\/p>\n  <p>\u00a0<\/p>\n  <p>EASITs hemsida tillh\u00f6r Barcelonas autonoma universitet.<\/p>\n  <p>Om du har n\u00e5gra fr\u00e5gor<\/p>\n  <p>kan du skicka epost<\/p>\n  <p>till personen som har ansvar f\u00f6r hemsidan.<\/p>\n  <p>E-post:\u00a0<a href=\"mailto:proteccio.dades@uab.cat\">proteccio.dades@uab.cat<\/a><\/p>\n  <p>\u00a0<\/p>\n  <p>Du kan l\u00e4sa mer p\u00e5 den h\u00e4r\u00a0<a href=\"http:\/\/www.uab.cat\/web\/about-the-uab\/itineraries\/proteccio-de-dades-1345672265358.html\">hemsidan<\/a>.<\/p>\n  <p>Hemsidan f\u00f6rklarar<\/p>\n  <p>hur dina uppgifter skyddas.<\/p>\n  <p>Sidan \u00e4r p\u00e5 spanska och katalanska.<\/p>\n  <p>\u00a0<\/p>\n  <p>Vill du ha hj\u00e4lp<\/p>\n  <p>att kontakta universitetet<\/p>\n  <p>eller<\/p>\n  <p>den som ansvarar f\u00f6r EASIT projektet?<\/p>\n  <p>D\u00e5 kan du skicka epost till<\/p>\n  <p>Ester Hedberg p\u00e5 Dyslexif\u00f6rbundet.<\/p>\n  <p>E-post:\u00a0<a href=\"mailto:ester.hedberg@dyslexi.org\">ester.hedberg@dyslexi.org<\/a>  <\/p>\n  <p>\u00a0<\/p>\n  <p>Den svenska texten p\u00e5 hemsidan \u00e4r \u00f6versatt till l\u00e4ttl\u00e4st svenska<\/p>\n  <p>av Ylva Bjelle,\u00a0Bjelle Media AB,<\/p>\n  <p>och Ester Hedberg, Dyslexif\u00f6rbundet<\/p>\n  <p>&nbsp;<\/p>\n<\/div>\n","protected":false},"excerpt":{"rendered":"<p>Lyssna &nbsp; Om du vill veta mer om projektet EASIT,\u00a0 kan du fr\u00e5ga Anna Matamala. Anna Matamala \u00e4r projektledare. Hennes e-post \u00e4r:\u00a0anna.matamala@uab.cat \u00a0 Hur hanterar vi uppgifter om dig? \u00a0 Om du kontaktar oss, sparar vi ditt namn och din epost. \u00a0 Vi sparar dina uppgifter f\u00f6r att kunna ber\u00e4tta f\u00f6r dig om vad som [&hellip;]<\/p>\n","protected":false},"author":20,"featured_media":0,"parent":0,"menu_order":0,"comment_status":"closed","ping_status":"closed","template":"","meta":{"footnotes":""},"class_list":["post-311","page","type-page","status-publish","hentry"],"_links":{"self":[{"href":"https:\/\/webs.uab.cat\/easit\/sv\/wp-json\/wp\/v2\/pages\/311","targetHints":{"allow":["GET"]}}],"collection":[{"href":"https:\/\/webs.uab.cat\/easit\/sv\/wp-json\/wp\/v2\/pages"}],"about":[{"href":"https:\/\/webs.uab.cat\/easit\/sv\/wp-json\/wp\/v2\/types\/page"}],"author":[{"embeddable":true,"href":"https:\/\/webs.uab.cat\/easit\/sv\/wp-json\/wp\/v2\/users\/20"}],"replies":[{"embeddable":true,"href":"https:\/\/webs.uab.cat\/easit\/sv\/wp-json\/wp\/v2\/comments?post=311"}],"version-history":[{"count":1,"href":"https:\/\/webs.uab.cat\/easit\/sv\/wp-json\/wp\/v2\/pages\/311\/revisions"}],"predecessor-version":[{"id":3880,"href":"https:\/\/webs.uab.cat\/easit\/sv\/wp-json\/wp\/v2\/pages\/311\/revisions\/3880"}],"wp:attachment":[{"href":"https:\/\/webs.uab.cat\/easit\/sv\/wp-json\/wp\/v2\/media?parent=311"}],"curies":[{"name":"wp","href":"https:\/\/api.w.org\/{rel}","templated":true}]}}