{"id":314,"date":"2018-12-11T12:45:03","date_gmt":"2018-12-11T12:45:03","guid":{"rendered":"https:\/\/webs.uab.cat\/easit\/radgivare\/"},"modified":"2024-05-16T09:42:22","modified_gmt":"2024-05-16T09:42:22","slug":"radgivare","status":"publish","type":"page","link":"https:\/\/webs.uab.cat\/easit\/sv\/radgivare\/","title":{"rendered":"R\u00e5dgivare"},"content":{"rendered":"\n<script src=\"https:\/\/cdn-eu.readspeaker.com\/script\/10610\/webReader\/webReader.js?pids=wr\" type=\"text\/javascript\" id=\"rs_req_Init\"><\/script>\n\n<div class=\"rs_skip rsbtn rs_preserve\" id=\"readspeaker_button1\">\n  <a rel=\"nofollow\" class=\"rsbtn_play\" title=\"Lyssna p&aring; sidans text med ReadSpeaker webReader\" href=\"https:\/\/app-eu.readspeaker.com\/cgi-bin\/rsent?customerid=10610&amp;lang=sv_se&amp;readid=READIDradgivareSV&amp;url=https:\/\/webs.uab.cat\/easit\/sv\/radgivare\/\">\n        <span class=\"rsbtn_left rsimg rspart\"><span class=\"rsbtn_text\"><span>Lyssna<\/span><\/span><\/span>\n        <span class=\"rsbtn_right rsimg rsplay rspart\"><\/span>\n    <\/a>\n<\/div><p>&nbsp;<\/p>\n<div id=\"READIDradgivareSV\">\n<p><strong>R\u00e5dgivare<\/strong><\/p>\n<p>6\u00a0<strong>r\u00e5dgivare\u00a0<\/strong>hj\u00e4lper till i EASIT projektet.<\/p>\n<p>R\u00e5dgivarna arbetar inte i projektet.<\/p>\n<p>De f\u00f6ljer projektet och<\/p>\n<p>ger synpunkter p\u00e5 arbetet.<\/p>\n<p>\u00a0<\/p>\n<p>R\u00e5dgivarna \u00e4r:<\/p>\n<ul>\n  <li>\u00c5sa Wengelin, fr\u00e5n G\u00f6teborgs universitet i Sverige<\/li>\n  <li>Carlo Eugeni, fr\u00e5n SSML-Pisa i Italien<\/li>\n  <li>Clara Delgado Santos, fr\u00e5n CEAPAT-IMSERSO i Spanien<\/li>\n  <li>Iwona Mazur, fr\u00e5n Adam Mickiewicz Universitetet i Polen<\/li>\n  <li>Leealaura Leskel\u00e4, fr\u00e5n Selkokeskus i Finland<\/li>\n  <li>\u00d3scar Garc\u00eda Mu\u00f1oz, fr\u00e5n Plena Inclusi\u00f3n Madrid i Spanien<\/li>\n<\/ul>\n<p>\u00a0<\/p>\n<p>Anna Matamala har skrivit denna text.<\/p>\n<p>Om du vill veta mer om r\u00e5dgivarna,<\/p>\n<p>Kan du fr\u00e5ga Anna Matamala.<\/p>\n<p>Hennes\u00a0e-post:\u00a0<a href=\"mailto:anna.matamala@uab.cat\">anna.matamala@uab.cat<\/a><\/p>\n<\/div>\n","protected":false},"excerpt":{"rendered":"<p>Lyssna &nbsp; R\u00e5dgivare 6\u00a0r\u00e5dgivare\u00a0hj\u00e4lper till i EASIT projektet. R\u00e5dgivarna arbetar inte i projektet. De f\u00f6ljer projektet och ger synpunkter p\u00e5 arbetet. \u00a0 R\u00e5dgivarna \u00e4r: \u00c5sa Wengelin, fr\u00e5n G\u00f6teborgs universitet i Sverige Carlo Eugeni, fr\u00e5n SSML-Pisa i Italien Clara Delgado Santos, fr\u00e5n CEAPAT-IMSERSO i Spanien Iwona Mazur, fr\u00e5n Adam Mickiewicz Universitetet i Polen Leealaura Leskel\u00e4, fr\u00e5n [&hellip;]<\/p>\n","protected":false},"author":20,"featured_media":0,"parent":0,"menu_order":0,"comment_status":"closed","ping_status":"closed","template":"","meta":{"footnotes":""},"class_list":["post-314","page","type-page","status-publish","hentry"],"_links":{"self":[{"href":"https:\/\/webs.uab.cat\/easit\/sv\/wp-json\/wp\/v2\/pages\/314","targetHints":{"allow":["GET"]}}],"collection":[{"href":"https:\/\/webs.uab.cat\/easit\/sv\/wp-json\/wp\/v2\/pages"}],"about":[{"href":"https:\/\/webs.uab.cat\/easit\/sv\/wp-json\/wp\/v2\/types\/page"}],"author":[{"embeddable":true,"href":"https:\/\/webs.uab.cat\/easit\/sv\/wp-json\/wp\/v2\/users\/20"}],"replies":[{"embeddable":true,"href":"https:\/\/webs.uab.cat\/easit\/sv\/wp-json\/wp\/v2\/comments?post=314"}],"version-history":[{"count":1,"href":"https:\/\/webs.uab.cat\/easit\/sv\/wp-json\/wp\/v2\/pages\/314\/revisions"}],"predecessor-version":[{"id":3846,"href":"https:\/\/webs.uab.cat\/easit\/sv\/wp-json\/wp\/v2\/pages\/314\/revisions\/3846"}],"wp:attachment":[{"href":"https:\/\/webs.uab.cat\/easit\/sv\/wp-json\/wp\/v2\/media?parent=314"}],"curies":[{"name":"wp","href":"https:\/\/api.w.org\/{rel}","templated":true}]}}