{"id":114,"date":"2018-09-03T15:16:03","date_gmt":"2018-09-03T15:16:03","guid":{"rendered":"https:\/\/webs.uab.cat\/easit\/socis\/"},"modified":"2024-06-19T11:06:34","modified_gmt":"2024-06-19T11:06:34","slug":"socis","status":"publish","type":"page","link":"https:\/\/webs.uab.cat\/easit\/socis\/","title":{"rendered":"Socis"},"content":{"rendered":"\n<script src=\"https:\/\/cdn-eu.readspeaker.com\/script\/10610\/webReader\/webReader.js?pids=wr\" type=\"text\/javascript\" id=\"rs_req_Init\"><\/script>\n\n\n<div class=\"rs_skip rsbtn rs_preserve\" id=\"readspeaker_button1\">\n  <a rel=\"nofollow\" class=\"rsbtn_play\" title=\"Escolteu aquesta plana utilitzant ReadSpeaker webReader\" href=\"https:\/\/app-eu.readspeaker.com\/cgi-bin\/rsent?customerid=10610&amp;lang=ca_es&amp;readid=READIDsocisiCA&amp;url=https:\/\/webs.uab.cat\/easit\/socis\/\">\n        <span class=\"rsbtn_left rsimg rspart\"><span class=\"rsbtn_text\"><span>Escoltar<\/span><\/span><\/span>\n        <span class=\"rsbtn_right rsimg rsplay rspart\"><\/span>\n    <\/a>\n<\/div><p>&nbsp;<\/p>\n<div id=\"READIDsocisiCA\">\n<p>8 organitzacions treballen al projecte EASIT.<\/p>\n<p>S&rsquo;anomenen\u00a0<strong>socis<\/strong>.<\/p>\n<p>Els socis s\u00f3n:<\/p>\n<ul>\n  <li>5 universitats<\/li>\n<\/ul>\n<ul>\n  <li>1 radiotelevisi\u00f3<\/li>\n<\/ul>\n<ul>\n  <li>2 associacions d&rsquo;usuaris<\/li>\n<\/ul>\n<p>\u00a0<\/p>\n<p>Els seus noms\u00a0s\u00f3n:<\/p>\n<ul>\n  <li><a href=\"https:\/\/webs.uab.cat\/easit\/dyslexiforbundet\/\">Dyslexif\u00f6rbundet<\/a><\/li>\n<\/ul>\n<ul>\n  <li><a href=\"https:\/\/webs.uab.cat\/easit\/rtv-slovenija\/\">Radiotelevizija Slovenija Javni Zavod Ljubljana<\/a><\/li>\n<\/ul>\n<ul>\n  <li><a href=\"https:\/\/webs.uab.cat\/easit\/sdi-munchen\/\">SDI M\u00fcnchen<\/a><\/li>\n<\/ul>\n<ul>\n  <li><a href=\"https:\/\/webs.uab.cat\/easit\/stiftung-universitat-hildesheim\/\">Stiftung Universit\u00e4t Hildesheim<\/a><\/li>\n<\/ul>\n<ul>\n  <li><a href=\"https:\/\/webs.uab.cat\/easit\/universidade-de-vigo\/\">Universidade de Vigo<\/a><\/li>\n<\/ul>\n<ul>\n  <li><a href=\"https:\/\/webs.uab.cat\/easit\/universita-degli-studi-di-trieste\/\">Universit\u00e0 degli Studi di Trieste<\/a><\/li>\n<\/ul>\n<ul>\n  <li><a href=\"https:\/\/webs.uab.cat\/easit\/universitat-autonoma-de-barcelona\/\">Universitat Aut\u00f2noma de Barcelona<\/a><\/li>\n<\/ul>\n<ul>\n  <li><a href=\"https:\/\/webs.uab.cat\/easit\/zavod-risa\/\">Zavod RISA<\/a><\/li>\n<\/ul>\n<p>\u00a0<\/p>\n<p>Per\u00a0accedir a la informaci\u00f3 pots:<\/p>\n<ul>\n  <li>fer servir els enlla\u00e7os<\/li>\n<\/ul>\n<ul>\n  <li>fer servir el men\u00fa de dalt de la p\u00e0gina<\/li>\n<\/ul>\n<\/div>\n","protected":false},"excerpt":{"rendered":"<p>Escoltar &nbsp; 8 organitzacions treballen al projecte EASIT. S&rsquo;anomenen\u00a0socis. Els socis s\u00f3n: 5 universitats 1 radiotelevisi\u00f3 2 associacions d&rsquo;usuaris \u00a0 Els seus noms\u00a0s\u00f3n: Dyslexif\u00f6rbundet Radiotelevizija Slovenija Javni Zavod Ljubljana SDI M\u00fcnchen Stiftung Universit\u00e4t Hildesheim Universidade de Vigo Universit\u00e0 degli Studi di Trieste Universitat Aut\u00f2noma de Barcelona Zavod RISA \u00a0 Per\u00a0accedir a la informaci\u00f3 pots: fer [&hellip;]<\/p>\n","protected":false},"author":20,"featured_media":0,"parent":0,"menu_order":0,"comment_status":"closed","ping_status":"closed","template":"","meta":{"footnotes":""},"class_list":["post-114","page","type-page","status-publish","hentry"],"_links":{"self":[{"href":"https:\/\/webs.uab.cat\/easit\/wp-json\/wp\/v2\/pages\/114","targetHints":{"allow":["GET"]}}],"collection":[{"href":"https:\/\/webs.uab.cat\/easit\/wp-json\/wp\/v2\/pages"}],"about":[{"href":"https:\/\/webs.uab.cat\/easit\/wp-json\/wp\/v2\/types\/page"}],"author":[{"embeddable":true,"href":"https:\/\/webs.uab.cat\/easit\/wp-json\/wp\/v2\/users\/20"}],"replies":[{"embeddable":true,"href":"https:\/\/webs.uab.cat\/easit\/wp-json\/wp\/v2\/comments?post=114"}],"version-history":[{"count":3,"href":"https:\/\/webs.uab.cat\/easit\/wp-json\/wp\/v2\/pages\/114\/revisions"}],"predecessor-version":[{"id":4123,"href":"https:\/\/webs.uab.cat\/easit\/wp-json\/wp\/v2\/pages\/114\/revisions\/4123"}],"wp:attachment":[{"href":"https:\/\/webs.uab.cat\/easit\/wp-json\/wp\/v2\/media?parent=114"}],"curies":[{"name":"wp","href":"https:\/\/api.w.org\/{rel}","templated":true}]}}