{"id":115,"date":"2018-09-25T08:35:05","date_gmt":"2018-09-25T08:35:05","guid":{"rendered":"https:\/\/webs.uab.cat\/easit\/dyslexiforbundet\/"},"modified":"2024-06-25T06:55:24","modified_gmt":"2024-06-25T06:55:24","slug":"dyslexiforbundet","status":"publish","type":"page","link":"https:\/\/webs.uab.cat\/easit\/dyslexiforbundet\/","title":{"rendered":"Dyslexif\u00f6rbundet"},"content":{"rendered":"\n<script src=\"https:\/\/cdn-eu.readspeaker.com\/script\/10610\/webReader\/webReader.js?pids=wr\" type=\"text\/javascript\" id=\"rs_req_Init\"><\/script>\n\n\n<div class=\"rs_skip rsbtn rs_preserve\" id=\"readspeaker_button1\">\n  <a rel=\"nofollow\" class=\"rsbtn_play\" title=\"Escolteu aquesta plana utilitzant ReadSpeaker webReader\" href=\"https:\/\/app-eu.readspeaker.com\/cgi-bin\/rsent?customerid=10610&amp;lang=ca_es&amp;readid=READIDdyslexiforbundetCA&amp;url=https:\/\/webs.uab.cat\/easit\/dyslexiforbundet\/\">\n  <span class=\"rsbtn_left rsimg rspart\"><span class=\"rsbtn_text\"><span>Escoltar<\/span><\/span><\/span>\n        <span class=\"rsbtn_right rsimg rsplay rspart\"><\/span>\n    <\/a>\n<\/div><p>&nbsp;<\/p>\n<div id=\"READIDdyslexiforbundetCA\">\n<p><strong>Dyslexif\u00f6rbundet<\/strong><\/p>\n<p>Dyslexif\u00f6rbundet \u00e9s una associaci\u00f3 sueca<\/p>\n<p>de persones amb discapacitat.<\/p>\n<p>Som una organitzaci\u00f3 sense \u00e0nim de lucre.\u00a0<\/p>\n<p>Incloem\u00a0persones que tenen dificultats<\/p>\n<p>a l&rsquo;hora\u00a0llegir, escriure i calcular.<\/p><p>&nbsp;<\/p>\n<p>Fem tasques de:<\/p>\n<ul>\n  <li>guia i suport<\/li>\n<\/ul>\n<ul>\n  <li>activitats d&rsquo;informaci\u00f3\u00a0<\/li>\n<\/ul>\n<ul>\n  <li>educaci\u00f3<\/li>\n<\/ul>\n<ul>\n  <li>defensa dels interessos<\/li>\n<\/ul>\n<ul>\n  <li>actes socials<\/li>\n<\/ul>\n<ul>\n  <li>projectes\u00a0<\/li>\n<\/ul>\n<p>\u00a0<\/p>\n<p><strong>Sobre la disl\u00e8xia<\/strong><\/p>\n<p>La disl\u00e8xia sol causar dificultats<\/p>\n<p>a l&rsquo;hora de llegir i d&rsquo;escriure.<\/p>\n<p>Altres motius tamb\u00e9 poden causar<\/p>\n<p>dificultats per llegir i escriure.<\/p>\n<p>Per exemple:<\/p>\n<p>les persones que tenen dificultats<\/p>\n<p>per comprendre,\u00a0aprendre i recordar,<\/p>\n<p>tamb\u00e9 poden tenir\u00a0dificultats per llegir i escriure.<\/p>\n<p>\u00a0<\/p>\n<p>A Su\u00e8cia el nombre de persones amb disl\u00e8xia<\/p>\n<p>est\u00e0 entre el 5 i el\u00a08 per cent.<\/p>\n<p>Aix\u00f2 vol dir que de cada\u00a0100 persones,<\/p>\n<p>entre 5 i\u00a08 persones tenen disl\u00e8xia.<\/p>\n<p>\u00a0<\/p>\n<p>El nombre de persones amb dificultats<\/p>\n<p>per llegir i escriure \u00e9s m\u00e9s alt.<\/p>\n<p>En total, 1 persona de cada 5 persones que viuen a Su\u00e8cia<\/p>\n<p>tenen dificultats per llegir.<\/p>\n<p>\u00a0<\/p>\n<p>Les dificultats per llegir i escriure\u00a0<\/p>\n<p>poden provocar frac\u00e0s a l&rsquo;escola i a la feina.<\/p>\n<p>Tamb\u00e9 poden provocar l&rsquo;exclusi\u00f3<\/p>\n<p>i\u00a0la manca de confian\u00e7a en un\u00a0mateix.<br>\n<\/p><p>&nbsp;<\/p>\n<p>Qu\u00e8 podem fer per prevenir els\u00a0problemes?<\/p>\n<ul>\n  <li>buscar nens que estiguin en risc de tenir dificultats per llegir i escriure<\/li>\n<\/ul>\n<ul>\n  <li>actuar de seguida, no esperar a veure qu\u00e8 passa<\/li>\n<\/ul>\n<ul>\n  <li>formar\u00a0amb m\u00e8todes provats<\/li>\n<\/ul>\n<ul>\n  <li>proporcionar tecnologia de suport\u00a0<\/li>\n<\/ul>\n<ul>\n  <li>utilitzar\u00a0modalitats diferents per fer que el contingut sigui f\u00e0cil de comprendre\u00a0(els lectors, les imatges i els v\u00eddeos en s\u00f3n alguns exemples)<\/li>\n<\/ul>\n<ul>\n  <li>generar un ambient de comprensi\u00f3<\/li>\n<\/ul>\n<p>\u00a0<\/p>\n<p><strong>Projectes<\/strong><\/p>\n<p>Dyslexif\u00f6rbundet forma part de diferents projectes.<\/p>\n<p>Begriplig text \u00e9s un d&rsquo;aquests\u00a0projectes.<\/p>\n<p>La paraula sueca Begriplig\u00a0vol dir\u00a0comprensible.<\/p>\n<p>Begriplig text estudia qu\u00e8 fa que els textos<\/p>\n<p>siguin f\u00e0cils de llegir i d&rsquo;entendre.<\/p>\n<p>\u00a0<\/p>\n<p><strong>Qui ha escrit aquesta\u00a0informaci\u00f3?<\/strong><\/p>\n<p>Ester Hedberg ha escrit aquest text.<\/p>\n<p>Ester Hedberg treballa a Dyslexif\u00f6rbundet.<\/p>\n<p>Pots enviar-li un correu electr\u00f2nic<\/p>\n<p>si tens preguntes. <\/p>\n<p>\u00a0<\/p>\n<p>\u00a0La seva adre\u00e7a de correu electr\u00f2nic \u00e9s:\u00a0<a href=\"mailto:ester.hedberg@dyslexi.org\">ester.hedberg@dyslexi.org<\/a><\/p>\n<p>El lloc\u00a0web de\u00a0Dyslexif\u00f6rbundet \u00e9s:\u00a0<a href=\"http:\/\/www.dyslexi.org\/\">www.dyslexi.org<\/a><\/p>\n<p>El lloc\u00a0web del projecte Begriplig text \u00e9s:\u00a0<a href=\"http:\/\/www.begripligtext.se\/\">www.begripligtext.se<\/a><\/p>\n<\/div>\n","protected":false},"excerpt":{"rendered":"<p>Escoltar &nbsp; Dyslexif\u00f6rbundet Dyslexif\u00f6rbundet \u00e9s una associaci\u00f3 sueca de persones amb discapacitat. Som una organitzaci\u00f3 sense \u00e0nim de lucre.\u00a0 Incloem\u00a0persones que tenen dificultats a l&rsquo;hora\u00a0llegir, escriure i calcular. &nbsp; Fem tasques de: guia i suport activitats d&rsquo;informaci\u00f3\u00a0 educaci\u00f3 defensa dels interessos actes socials projectes\u00a0 \u00a0 Sobre la disl\u00e8xia La disl\u00e8xia sol causar dificultats a l&rsquo;hora [&hellip;]<\/p>\n","protected":false},"author":20,"featured_media":0,"parent":0,"menu_order":0,"comment_status":"closed","ping_status":"closed","template":"","meta":{"footnotes":""},"class_list":["post-115","page","type-page","status-publish","hentry"],"_links":{"self":[{"href":"https:\/\/webs.uab.cat\/easit\/wp-json\/wp\/v2\/pages\/115","targetHints":{"allow":["GET"]}}],"collection":[{"href":"https:\/\/webs.uab.cat\/easit\/wp-json\/wp\/v2\/pages"}],"about":[{"href":"https:\/\/webs.uab.cat\/easit\/wp-json\/wp\/v2\/types\/page"}],"author":[{"embeddable":true,"href":"https:\/\/webs.uab.cat\/easit\/wp-json\/wp\/v2\/users\/20"}],"replies":[{"embeddable":true,"href":"https:\/\/webs.uab.cat\/easit\/wp-json\/wp\/v2\/comments?post=115"}],"version-history":[{"count":4,"href":"https:\/\/webs.uab.cat\/easit\/wp-json\/wp\/v2\/pages\/115\/revisions"}],"predecessor-version":[{"id":4156,"href":"https:\/\/webs.uab.cat\/easit\/wp-json\/wp\/v2\/pages\/115\/revisions\/4156"}],"wp:attachment":[{"href":"https:\/\/webs.uab.cat\/easit\/wp-json\/wp\/v2\/media?parent=115"}],"curies":[{"name":"wp","href":"https:\/\/api.w.org\/{rel}","templated":true}]}}