{"id":116,"date":"2018-09-25T08:35:27","date_gmt":"2018-09-25T08:35:27","guid":{"rendered":"https:\/\/webs.uab.cat\/easit\/rtv-slovenija\/"},"modified":"2024-05-16T08:47:16","modified_gmt":"2024-05-16T08:47:16","slug":"rtv-slovenija","status":"publish","type":"page","link":"https:\/\/webs.uab.cat\/easit\/rtv-slovenija\/","title":{"rendered":"RTV Slovenija"},"content":{"rendered":"\n<script src=\"https:\/\/cdn-eu.readspeaker.com\/script\/10610\/webReader\/webReader.js?pids=wr\" type=\"text\/javascript\" id=\"rs_req_Init\"><\/script>\n\n\n<div class=\"rs_skip rsbtn rs_preserve\" id=\"readspeaker_button1\">\n  <a rel=\"nofollow\" class=\"rsbtn_play\" title=\"Escolteu aquesta plana utilitzant ReadSpeaker webReader\" href=\"https:\/\/app-eu.readspeaker.com\/cgi-bin\/rsent?customerid=10610&amp;lang=ca_es&amp;readid=READIDdysslovenijatCA&amp;url=https:\/\/webs.uab.cat\/easit\/rtv-slovenija\/\">\n  <span class=\"rsbtn_left rsimg rspart\"><span class=\"rsbtn_text\"><span>Escoltar<\/span><\/span><\/span>\n        <span class=\"rsbtn_right rsimg rsplay rspart\"><\/span>\n    <\/a>\n<\/div><p>&nbsp;<\/p>\n<div id=\"READIDdysslovenijatCA\">\n<p><strong>RTV Slovenija<\/strong><\/p>\n<p><strong>Hist\u00f2ria<\/strong><\/p>\n<p>RTV Slovenija \u00e9s una instituci\u00f3 molt\u00a0important.<\/p>\n<p>RTV significa\u00a0<strong>r<\/strong>\u00e0dio i\u00a0<strong>t<\/strong>ele<strong>v<\/strong>isi\u00f3.<\/p>\n<p>RTV Slovenija \u00e9s molt\u00a0important per a Eslov\u00e8nia\u00a0i per a la seva cultura.<\/p>\n<p>\u00c9s una instituci\u00f3 antiga.<\/p>\n<p>Els oients van comen\u00e7ar a escoltar Radio Slovenija fa 90 anys.<\/p>\n<p>Els espectadors van comen\u00e7ar a veure<\/p>\n<p>els programes de Television Slovenija fa\u00a060 anys.<\/p>\n<p>Llavors RTV Slovenija s&rsquo;anomenava\u00a0RTV Ljubljana.<\/p>\n<p>Ljubljana \u00e9s la\u00a0capital d&rsquo;Eslov\u00e8nia.<\/p>\n<p>\u00a0<\/p>\n<p><strong>Canals<\/strong><\/p>\n<p>RTV Slovenija t\u00e9 8 canals\u00a0de r\u00e0dio<\/p>\n<p>i 5 canals\u00a0de televisi\u00f3.<\/p>\n<p>3 canals\u00a0de televisi\u00f3 s\u00f3n nacionals.<\/p>\n<p>Aix\u00f2 vol dir que s\u00f3n per a tots els ciutadans d&rsquo;Eslov\u00e8nia.<\/p>\n<p>1 canal \u00e9s en itali\u00e0.<\/p>\n<p>Aquest\u00a0canal \u00e9s per als italians que viuen a\u00a0Eslov\u00e8nia.<\/p>\n<p>1 canal \u00e9s en hongar\u00e8s.<\/p>\n<p>Aquest\u00a0canal \u00e9s per als hongaresos que viuen a\u00a0Eslov\u00e8nia.<\/p>\n<p>Els italians i els\u00a0hongaresos que viuen a Eslov\u00e8nia<\/p>\n<p>s&rsquo;anomenen minories.<\/p>\n<p>\u00a0<\/p>\n<p><strong>Teletext<\/strong><\/p>\n<p>RTV Slovenija tamb\u00e9\u00a0t\u00e9\u00a0<strong>teletext<\/strong>.<\/p>\n<p>El teletext s&rsquo;assembla una mica a Internet.<\/p>\n<p>\u00c9s informaci\u00f3 que pots obtenir a la pantalla de la televisi\u00f3.<\/p>\n<p>El teletext et mostra les not\u00edcies, el temps,<\/p>\n<p>la programaci\u00f3 de la televisi\u00f3 i altres\u00a0informacions.<\/p>\n<p>Els espectadors tamb\u00e9 poden posar els subt\u00edtols dels\u00a0programes amb el teletext.<\/p>\n<p>El teletext ja fa temps que existeix.<\/p>\n<p>\u00a0<\/p>\n<p><strong>Informaci\u00f3 accessible<\/strong><\/p>\n<p>El Centre\u00a0Multim\u00e8dia de RTV Slovenija tamb\u00e9 \u00e9s \u00fatil.<\/p>\n<p>El Centre Multim\u00e8dia est\u00e0 a\u00a0Internet.<\/p>\n<p>T\u00e9 moltes aplicacions.<\/p>\n<p>Algunes de les aplicacions ajuden les persones\u00a0amb discapacitats.\u00a0<\/p>\n<p>Les persones amb discapacitats tamb\u00e9 miren la televisi\u00f3.\u00a0<\/p>\n<p>Tenen el dret d&rsquo;acc\u00e9s a la informaci\u00f3.<\/p>\n<p>\u00a0<\/p>\n<p>Les persones sordes o que no hi senten b\u00e9<\/p>\n<p>poden fer servir els subt\u00edtols.<\/p>\n<p>Els subt\u00edtols s\u00f3n textos escrits a la pantalla<\/p>\n<p>que expliquen el que s&rsquo;hi diu i els sons que hi ha.\u00a0<\/p>\n<p>La majoria dels programes tenen subt\u00edtols.<\/p>\n<p>M\u00e9s d&rsquo;1 hora al dia,<\/p>\n<p>el canal s&rsquo;interpreta amb llenguatge\u00a0de signes eslov\u00e8.<\/p>\n<p>Aix\u00f2 vol dir que una persona apareix a la pantalla<\/p>\n<p>traduint en\u00a0signes el que se sent.\u00a0<\/p>\n<p>\u00a0<\/p>\n<p>Per a les persones cegues o que no hi veuen b\u00e9,<\/p>\n<p>RTV Slovenija t\u00e9 un\u00a0canal amb\u00a0audiodescripci\u00f3.<\/p>\n<p>Hi ha un canal d&rsquo;\u00e0udio especial per a les persones<\/p>\n<p>cegues o que no hi veuen b\u00e9.<\/p>\n<p>Les persones poden connectar el canal d&rsquo;\u00e0udio a les seves televisions.<\/p>\n<p>\u00a0<\/p>\n<p>Tamb\u00e9 poden escoltar els audiosubt\u00edtols\u00a0<\/p>\n<p>i les audiodescripcions d&rsquo;algunes pel\u00b7l\u00edcules.<\/p>\n<p>\u00a0<\/p>\n<p>RTV Slovenija tamb\u00e9 t\u00e9 un servei especial<\/p>\n<p>d&rsquo;accessibilitat dels programes de r\u00e0dio i de televisi\u00f3.<\/p>\n<p>\u00a0<\/p>\n<p>RTV Slovenija \u00e9s part de<\/p>\n<p>2 projectes Erasmus+ d&rsquo;accessibilitat.<\/p>\n<p>Un projecte es diu\u00a0ADLAB PRO<\/p>\n<p>(Audiodescripci\u00f3:<\/p>\n<p>un\u00a0<strong>lab<\/strong>oratori per al desenvolupament\u00a0d&rsquo;un nou perfil\u00a0<strong>pro<\/strong>fessional).<\/p>\n<p>ADLAB PRO va comen\u00e7ar l&rsquo;any 2016<\/p>\n<p>i s&rsquo;acabar\u00e0 el\u00a02019.<\/p>\n<p>L&rsquo;altre projecte \u00e9s EASIT.<\/p>\n<p>EASIT \u00e9s la forma abreujada<\/p>\n<p>d&rsquo;<strong>E<\/strong>asy\u00a0<strong>A<\/strong>ccess for\u00a0<strong>S<\/strong>ocial\u00a0<strong>I<\/strong>nclusion\u00a0<strong>T<\/strong>raining,<\/p>\n<p>que vol dir Formaci\u00f3 en Acc\u00e9s F\u00e0cil per a la\u00a0Inclusi\u00f3 Social.<\/p>\n<p>El projecte ha comen\u00e7at\u00a0el 2018<\/p>\n<p>i s&rsquo;acabar\u00e0 el 2021.<\/p>\n<p>\u00a0<\/p>\n<p><strong>Treball\u00a0en equip<\/strong><\/p>\n<p>RTV Slovenija \u00e9s membre de l&rsquo;EBU.<\/p>\n<p>EBU \u00e9s la forma abreujada\u00a0de<\/p>\n<p><strong>E<\/strong>uropean\u00a0<strong>B<\/strong>roadcasting\u00a0<strong>U<\/strong>nion,<\/p>\n<p>que vol dir Uni\u00f3 Europea de Radiodifusi\u00f3.<\/p>\n<p>Aix\u00f2 vol dir que RTV Slovenija treballa<\/p>\n<p>amb altres r\u00e0dios i televisions europees,<\/p>\n<p>productors independents,<\/p>\n<p>Universitats i altres\u00a0organitzacions.<\/p>\n<p>\u00a0<\/p>\n<p><strong>Qui ha escrit aquesta informaci\u00f3?<\/strong><\/p>\n<p>Veronika Rot\u00a0ha escrit\u00a0aquest\u00a0text.<\/p>\n<p>Veronika Rot treballa\u00a0a\u00a0RTV Slovenija.<\/p>\n<p>Pots enviar-li un correu electr\u00f2nic<\/p>\n<p>si tens preguntes sobre RTV Slovenija.<\/p>\n<p>La seva adre\u00e7a de correu electr\u00f2nic \u00e9s:\u00a0<a href=\"mailto:Veronika.Rot@rtvslo.si\">Veronika.Rot@rtvslo.si<\/a><\/p>\n<\/div>\n","protected":false},"excerpt":{"rendered":"<p>Escoltar &nbsp; RTV Slovenija Hist\u00f2ria RTV Slovenija \u00e9s una instituci\u00f3 molt\u00a0important. RTV significa\u00a0r\u00e0dio i\u00a0televisi\u00f3. RTV Slovenija \u00e9s molt\u00a0important per a Eslov\u00e8nia\u00a0i per a la seva cultura. \u00c9s una instituci\u00f3 antiga. Els oients van comen\u00e7ar a escoltar Radio Slovenija fa 90 anys. Els espectadors van comen\u00e7ar a veure els programes de Television Slovenija fa\u00a060 anys. Llavors [&hellip;]<\/p>\n","protected":false},"author":20,"featured_media":0,"parent":0,"menu_order":0,"comment_status":"closed","ping_status":"closed","template":"","meta":{"footnotes":""},"class_list":["post-116","page","type-page","status-publish","hentry"],"_links":{"self":[{"href":"https:\/\/webs.uab.cat\/easit\/wp-json\/wp\/v2\/pages\/116","targetHints":{"allow":["GET"]}}],"collection":[{"href":"https:\/\/webs.uab.cat\/easit\/wp-json\/wp\/v2\/pages"}],"about":[{"href":"https:\/\/webs.uab.cat\/easit\/wp-json\/wp\/v2\/types\/page"}],"author":[{"embeddable":true,"href":"https:\/\/webs.uab.cat\/easit\/wp-json\/wp\/v2\/users\/20"}],"replies":[{"embeddable":true,"href":"https:\/\/webs.uab.cat\/easit\/wp-json\/wp\/v2\/comments?post=116"}],"version-history":[{"count":1,"href":"https:\/\/webs.uab.cat\/easit\/wp-json\/wp\/v2\/pages\/116\/revisions"}],"predecessor-version":[{"id":4032,"href":"https:\/\/webs.uab.cat\/easit\/wp-json\/wp\/v2\/pages\/116\/revisions\/4032"}],"wp:attachment":[{"href":"https:\/\/webs.uab.cat\/easit\/wp-json\/wp\/v2\/media?parent=116"}],"curies":[{"name":"wp","href":"https:\/\/api.w.org\/{rel}","templated":true}]}}