{"id":125,"date":"2018-09-03T15:17:02","date_gmt":"2018-09-03T15:17:02","guid":{"rendered":"https:\/\/webs.uab.cat\/easit\/contacte\/"},"modified":"2024-05-16T09:34:22","modified_gmt":"2024-05-16T09:34:22","slug":"contacte","status":"publish","type":"page","link":"https:\/\/webs.uab.cat\/easit\/contacte\/","title":{"rendered":"Contacte"},"content":{"rendered":"\n<script src=\"https:\/\/cdn-eu.readspeaker.com\/script\/10610\/webReader\/webReader.js?pids=wr\" type=\"text\/javascript\" id=\"rs_req_Init\"><\/script>\n\n\n<div class=\"rs_skip rsbtn rs_preserve\" id=\"readspeaker_button1\">\n  <a rel=\"nofollow\" class=\"rsbtn_play\" title=\"Escolteu aquesta plana utilitzant ReadSpeaker webReader\" href=\"https:\/\/app-eu.readspeaker.com\/cgi-bin\/rsent?customerid=10610&amp;lang=ca_es&amp;readid=READIcontactenCA&amp;url=https:\/\/webs.uab.cat\/easit\/contacte\/\">\n  <span class=\"rsbtn_left rsimg rspart\"><span class=\"rsbtn_text\"><span>Escoltar<\/span><\/span><\/span>\n        <span class=\"rsbtn_right rsimg rsplay rspart\"><\/span>\n    <\/a>\n<\/div><p>&nbsp;<\/p>\n<div id=\"READIcontactenCA\">\n  <table border=\"3\" cellpadding=\"1\" cellspacing=\"1\">\n    <tbody>\n      <tr>\n        <td><p>Si voleu tenir m\u00e9s informaci\u00f3 sobre el\u00a0projecte,\u00a0<\/p>\n          <p>podeu enviar-li un correu electr\u00f2nic a Anna Matamala.<\/p>\n          <p>Anna Matamala est\u00e0 al c\u00e0rrec del projecte EASIT.<\/p>\n          <p>La seva adre\u00e7a de correu electr\u00f2nic \u00e9s:\u00a0<a href=\"mailto:anna.matamala@uab.cat\">anna.matamala@uab.cat<\/a><\/p><\/td>\n      <\/tr>\n    <\/tbody>\n  <\/table>\n  <p>\u00a0<\/p>\n  <p><strong>Pol\u00edtica de dades<\/strong><\/p>\n  <p>Si et poses en contacte amb nosaltres,<\/p>\n  <p>Anna Matamala guardar\u00e0 les teves<strong>\u00a0dades personals<\/strong><\/p>\n  <p>per informar-te sobre el projecte\u00a0EASIT.<\/p>\n  <p>Les<strong>\u00a0dades personals<\/strong>\u00a0s\u00f3n el teu nom<\/p>\n  <p>i la teva adre\u00e7a de correu electr\u00f2nic.<\/p>\n  <p>\u00a0<\/p>\n  <p>No donarem les teves dades personals<\/p>\n  <p>a cap altra persona, empresa\u00a0o\u00a0organitzaci\u00f3.<\/p>\n  <p>Pots demanar-nos:<\/p>\n  <ul>\n    <li>una c\u00f2pia de les teves dades\u00a0personals<\/li>\n  <\/ul>\n  <ul>\n    <li>que esborrem les teves dades\u00a0personals\u00a0<\/li>\n  <\/ul>\n  <ul>\n    <li>que canviem les teves dades personals<\/li>\n  <\/ul>\n  <p>\u00a0<\/p>\n  <p>Si tens cap queixa,<\/p>\n  <p>pots posar-te en contacte amb l&rsquo;<a href=\"http:\/\/apdcat.gencat.cat\/\" target=\"_blank\" rel=\"noopener\">Autoritat Catalana de Protecci\u00f3 de\u00a0Dades<\/a>.<\/p>\n  <p>\u00a0<\/p>\n  <p>El lloc web d&rsquo;EASIT pertany a la Universitat Aut\u00f2noma de Barcelona.<\/p>\n  <p>Si tens cap pregunta,\u00a0<\/p>\n  <p>pots enviar-li un correu electr\u00f2nic a la\u00a0persona<\/p>\n  <p>al c\u00e0rrec de les dades personals\u00a0de la Universitat Aut\u00f2noma de Barcelona.<\/p>\n  <p>\u00a0<\/p>\n  <p>La\u00a0seva adre\u00e7a de\u00a0correu electr\u00f2nic \u00e9s:\u00a0<a href=\"mailto:proteccio.dades@uab.cat\">proteccio.dades@uab.cat<\/a><\/p>\n  <p>Tamb\u00e9 pots trobar m\u00e9s informaci\u00f3 a aquest\u00a0<a href=\"http:\/\/www.uab.cat\/web\/about-the-uab\/itineraries\/proteccio-de-dades-1345672265358.html\" target=\"_blank\" rel=\"noopener\">lloc web<\/a>.<\/p>\n  <p>Aquest lloc web explica\u00a0com protegir les teves dades\u00a0personals.<\/p>\n  <p>&nbsp;<\/p>\n<\/div>\n","protected":false},"excerpt":{"rendered":"<p>Escoltar &nbsp; Si voleu tenir m\u00e9s informaci\u00f3 sobre el\u00a0projecte,\u00a0 podeu enviar-li un correu electr\u00f2nic a Anna Matamala. Anna Matamala est\u00e0 al c\u00e0rrec del projecte EASIT. La seva adre\u00e7a de correu electr\u00f2nic \u00e9s:\u00a0anna.matamala@uab.cat \u00a0 Pol\u00edtica de dades Si et poses en contacte amb nosaltres, Anna Matamala guardar\u00e0 les teves\u00a0dades personals per informar-te sobre el projecte\u00a0EASIT. Les\u00a0dades [&hellip;]<\/p>\n","protected":false},"author":20,"featured_media":0,"parent":0,"menu_order":0,"comment_status":"closed","ping_status":"closed","template":"","meta":{"footnotes":""},"class_list":["post-125","page","type-page","status-publish","hentry"],"_links":{"self":[{"href":"https:\/\/webs.uab.cat\/easit\/wp-json\/wp\/v2\/pages\/125","targetHints":{"allow":["GET"]}}],"collection":[{"href":"https:\/\/webs.uab.cat\/easit\/wp-json\/wp\/v2\/pages"}],"about":[{"href":"https:\/\/webs.uab.cat\/easit\/wp-json\/wp\/v2\/types\/page"}],"author":[{"embeddable":true,"href":"https:\/\/webs.uab.cat\/easit\/wp-json\/wp\/v2\/users\/20"}],"replies":[{"embeddable":true,"href":"https:\/\/webs.uab.cat\/easit\/wp-json\/wp\/v2\/comments?post=125"}],"version-history":[{"count":1,"href":"https:\/\/webs.uab.cat\/easit\/wp-json\/wp\/v2\/pages\/125\/revisions"}],"predecessor-version":[{"id":4071,"href":"https:\/\/webs.uab.cat\/easit\/wp-json\/wp\/v2\/pages\/125\/revisions\/4071"}],"wp:attachment":[{"href":"https:\/\/webs.uab.cat\/easit\/wp-json\/wp\/v2\/media?parent=125"}],"curies":[{"name":"wp","href":"https:\/\/api.w.org\/{rel}","templated":true}]}}