{"id":126,"date":"2018-09-25T08:35:58","date_gmt":"2018-09-25T08:35:58","guid":{"rendered":"https:\/\/webs.uab.cat\/easit\/stiftung-universitat-hildesheim\/"},"modified":"2024-05-16T08:54:13","modified_gmt":"2024-05-16T08:54:13","slug":"stiftung-universitat-hildesheim","status":"publish","type":"page","link":"https:\/\/webs.uab.cat\/easit\/stiftung-universitat-hildesheim\/","title":{"rendered":"Stiftung Universit\u00e4t Hildesheim"},"content":{"rendered":"\n<script src=\"https:\/\/cdn-eu.readspeaker.com\/script\/10610\/webReader\/webReader.js?pids=wr\" type=\"text\/javascript\" id=\"rs_req_Init\"><\/script>\n\n\n<div class=\"rs_skip rsbtn rs_preserve\" id=\"readspeaker_button1\">\n  <a rel=\"nofollow\" class=\"rsbtn_play\" title=\"Escolteu aquesta plana utilitzant ReadSpeaker webReader\" href=\"https:\/\/app-eu.readspeaker.com\/cgi-bin\/rsent?customerid=10610&amp;lang=ca_es&amp;readid=READIDhildesheimCA&amp;url=https:\/\/webs.uab.cat\/easit\/stiftung-universitat-hildesheim\/\">\n  <span class=\"rsbtn_left rsimg rspart\"><span class=\"rsbtn_text\"><span>Escoltar<\/span><\/span><\/span>\n        <span class=\"rsbtn_right rsimg rsplay rspart\"><\/span>\n    <\/a>\n<\/div><p>&nbsp;<\/p>\n<div id=\"READIDhildesheimCA\">\n<p><strong>Stiftung Universit\u00e4t Hildesheim<\/strong><\/p>\n<p>Som una Universitat.<\/p>\n<p>Ens diem SUH.<\/p>\n<p>SUH \u00e9s la forma abreujada<\/p>\n<p>de\u00a0<strong>S<\/strong>tiftung\u00a0<strong>U<\/strong>niversit\u00e4t\u00a0<strong>H<\/strong>ildesheim.<\/p>\n<p>Aix\u00f2 vol dir: Fundaci\u00f3\u00a0Universitat de\u00a0Hildesheim.<\/p>\n<p>La nostra Universitat est\u00e0 a\u00a0Hildesheim.<\/p>\n<p>Hildesheim \u00e9s una ciutat\u00a0del nord d&rsquo;Alemanya.<\/p>\n<p>\u00a0<\/p>\n<p>L&rsquo;SUH t\u00e9 un<strong>\u00a0centre de recerca en\u00a0lectura f\u00e0cil<\/strong>.<\/p>\n<p>Un<strong>\u00a0centre de recerca\u00a0<\/strong>\u00e9s un equip de persones.<\/p>\n<p>Aquestes persones estudien un tema concret.<\/p>\n<p>El nom del<strong>\u00a0centre de recerca\u00a0<\/strong>de l&rsquo;SUH \u00e9s:<\/p>\n<p>Centre de Recerca en Lectura F\u00e0cil en Alemany.<\/p>\n<p>\u00a0<\/p>\n<p>Aquest<strong>\u00a0centre de recerca<\/strong><\/p>\n<ul>\n  <li>estudia la lectura f\u00e0cil a Alemanya<\/li>\n<\/ul>\n<ul>\n  <li>produeix\u00a0materials per formar els traductors en lectura f\u00e0cil en alemany<\/li>\n<\/ul>\n<ul>\n  <li>promou la inclusi\u00f3\u00a0i la lectura f\u00e0cil a Alemanya<\/li>\n<\/ul>\n<ul>\n  <li>i fa\u00a0projectes sobre lectura f\u00e0cil<\/li>\n<\/ul>\n<p>amb molts socis a Alemanya.<\/p>\n<p>\u00a0<\/p>\n<p>L&rsquo;SUH \u00e9s un soci d&rsquo;EASIT.<\/p>\n<p>2 persones de l&rsquo;SUH treballen a\u00a0EASIT:<\/p>\n<p>Christiane Maa\u00df i Sergio Hern\u00e1ndez Garrido.<\/p>\n<p>\u00a0<\/p>\n<p>Christiane Maa\u00df \u00e9s la directora<\/p>\n<p>del Centre de Recerca en Lectura F\u00e0cil en Alemany.<\/p>\n<p>Sergio Hern\u00e1ndez Garrido \u00e9s un membre<\/p>\n<p>de l&rsquo;equip del centre de recerca.<\/p>\n<p>\u00a0<\/p>\n<p><strong>Qui ha escrit aquesta\u00a0informaci\u00f3?<\/strong><\/p>\n<p>Sergio Hern\u00e1ndez ha escrit aquest\u00a0text.<\/p>\n<p>Sergio Hern\u00e1ndez treballa a l&rsquo;SUH.<\/p>\n<p>Pots enviar-li un correu electr\u00f2nic\u00a0<\/p>\n<p>si tens preguntes sobre la Universitat<\/p>\n<p>o sobre el Centre de Recerca en Lectura F\u00e0cil en Alemany.<\/p>\n<p>\u00a0<\/p>\n<p>\u00a0La seva adre\u00e7a de correu electr\u00f2nic \u00e9s:\u00a0<a href=\"mailto:hernande@uni-hildesheim.de\">hernande@uni-hildesheim.de<\/a><\/p>\n<\/div>\n","protected":false},"excerpt":{"rendered":"<p>Escoltar &nbsp; Stiftung Universit\u00e4t Hildesheim Som una Universitat. Ens diem SUH. SUH \u00e9s la forma abreujada de\u00a0Stiftung\u00a0Universit\u00e4t\u00a0Hildesheim. Aix\u00f2 vol dir: Fundaci\u00f3\u00a0Universitat de\u00a0Hildesheim. La nostra Universitat est\u00e0 a\u00a0Hildesheim. Hildesheim \u00e9s una ciutat\u00a0del nord d&rsquo;Alemanya. \u00a0 L&rsquo;SUH t\u00e9 un\u00a0centre de recerca en\u00a0lectura f\u00e0cil. Un\u00a0centre de recerca\u00a0\u00e9s un equip de persones. Aquestes persones estudien un tema concret. El [&hellip;]<\/p>\n","protected":false},"author":20,"featured_media":0,"parent":0,"menu_order":0,"comment_status":"closed","ping_status":"closed","template":"","meta":{"footnotes":""},"class_list":["post-126","page","type-page","status-publish","hentry"],"_links":{"self":[{"href":"https:\/\/webs.uab.cat\/easit\/wp-json\/wp\/v2\/pages\/126","targetHints":{"allow":["GET"]}}],"collection":[{"href":"https:\/\/webs.uab.cat\/easit\/wp-json\/wp\/v2\/pages"}],"about":[{"href":"https:\/\/webs.uab.cat\/easit\/wp-json\/wp\/v2\/types\/page"}],"author":[{"embeddable":true,"href":"https:\/\/webs.uab.cat\/easit\/wp-json\/wp\/v2\/users\/20"}],"replies":[{"embeddable":true,"href":"https:\/\/webs.uab.cat\/easit\/wp-json\/wp\/v2\/comments?post=126"}],"version-history":[{"count":1,"href":"https:\/\/webs.uab.cat\/easit\/wp-json\/wp\/v2\/pages\/126\/revisions"}],"predecessor-version":[{"id":4034,"href":"https:\/\/webs.uab.cat\/easit\/wp-json\/wp\/v2\/pages\/126\/revisions\/4034"}],"wp:attachment":[{"href":"https:\/\/webs.uab.cat\/easit\/wp-json\/wp\/v2\/media?parent=126"}],"curies":[{"name":"wp","href":"https:\/\/api.w.org\/{rel}","templated":true}]}}