{"id":128,"date":"2018-09-25T08:36:39","date_gmt":"2018-09-25T08:36:39","guid":{"rendered":"https:\/\/webs.uab.cat\/easit\/universita-degli-studi-di-trieste\/"},"modified":"2024-05-16T08:56:06","modified_gmt":"2024-05-16T08:56:06","slug":"universita-degli-studi-di-trieste","status":"publish","type":"page","link":"https:\/\/webs.uab.cat\/easit\/universita-degli-studi-di-trieste\/","title":{"rendered":"Universit\u00e0 degli Studi di Trieste"},"content":{"rendered":"\n<script src=\"https:\/\/cdn-eu.readspeaker.com\/script\/10610\/webReader\/webReader.js?pids=wr\" type=\"text\/javascript\" id=\"rs_req_Init\"><\/script>\n\n\n<div class=\"rs_skip rsbtn rs_preserve\" id=\"readspeaker_button1\">\n  <a rel=\"nofollow\" class=\"rsbtn_play\" title=\"Escolteu aquesta plana utilitzant ReadSpeaker webReader\" href=\"https:\/\/app-eu.readspeaker.com\/cgi-bin\/rsent?customerid=10610&amp;lang=ca_es&amp;readid=READIDstudiCA&amp;url=https:\/\/webs.uab.cat\/easit\/universita-degli-studi-di-trieste\/\">\n  <span class=\"rsbtn_left rsimg rspart\"><span class=\"rsbtn_text\"><span>Escoltar<\/span><\/span><\/span>\n        <span class=\"rsbtn_right rsimg rsplay rspart\"><\/span>\n    <\/a>\n<\/div><p>&nbsp;<\/p>\n<div id=\"READIDstudiCA\">\n<p><strong>Universit\u00e0 degli Studi di Trieste<\/strong><\/p>\n<p>Som una Universitat.<\/p>\n<p>Ens diem Universitat de Trieste.<\/p>\n<p>El nom en itali\u00e0 \u00e9s Universit\u00e0 degli Studi di Trieste.<\/p>\n<p>Trieste \u00e9s una ciutat d&rsquo;It\u00e0lia.<\/p>\n<p>La Universitat de Trieste t\u00e9 10 departaments.<\/p>\n<p>La Universitat ofereix molts programes de grau i de postgrau.<\/p>\n<p>&nbsp;<\/p>\n<p>2 persones de la Universitat de Trieste treballen a EASIT.<\/p>\n<p>Elisa Perego \u00e9s la investigadora principal.<\/p>\n<p>Ella est\u00e0 al c\u00e0rrec del Resultat 1.<\/p>\n<p>\u00a0<\/p>\n<p>Laura Simonin \u00e9s la gestora financera.<\/p>\n<p>Ella est\u00e0 al c\u00e0rrec dels documents i dels diners del projecte.<\/p>\n<p>\u00a0<\/p>\n<p>Elisa Perego treballa a l&rsquo;SSLMIT.<\/p>\n<p>SSLMIT \u00e9s la forma abreujada d&rsquo;un departament de la Universitat.<\/p>\n<p>L&rsquo;especialitzaci\u00f3 d&rsquo;aquest departament \u00e9s la traducci\u00f3 i la interpretaci\u00f3.<\/p>\n<p>Al departament SSLMIT fem recerca<\/p>\n<p>tamb\u00e9 en traducci\u00f3\u00a0audiovisual.<\/p>\n<p>\u00a0<\/p>\n<p><strong>Qui ha escrit aquesta informaci\u00f3?<\/strong><\/p>\n<p>Elisa Perego ha escrit aquest\u00a0text.<\/p>\n<p>Elisa Perego treballa a la Universitat de Trieste.<\/p>\n<p>Pots enviar-li un correu electr\u00f2nic<\/p>\n<p>si tens preguntes sobre la Universitat.<\/p>\n<p>La seva adre\u00e7a de correu electr\u00f2nic \u00e9s:\u00a0<a href=\"mailto:eperego@units.it\">eperego@units.it<\/a><\/p>\n<\/div>\n","protected":false},"excerpt":{"rendered":"<p>Escoltar &nbsp; Universit\u00e0 degli Studi di Trieste Som una Universitat. Ens diem Universitat de Trieste. El nom en itali\u00e0 \u00e9s Universit\u00e0 degli Studi di Trieste. Trieste \u00e9s una ciutat d&rsquo;It\u00e0lia. La Universitat de Trieste t\u00e9 10 departaments. La Universitat ofereix molts programes de grau i de postgrau. &nbsp; 2 persones de la Universitat de Trieste [&hellip;]<\/p>\n","protected":false},"author":20,"featured_media":0,"parent":0,"menu_order":0,"comment_status":"closed","ping_status":"closed","template":"","meta":{"footnotes":""},"class_list":["post-128","page","type-page","status-publish","hentry"],"_links":{"self":[{"href":"https:\/\/webs.uab.cat\/easit\/wp-json\/wp\/v2\/pages\/128","targetHints":{"allow":["GET"]}}],"collection":[{"href":"https:\/\/webs.uab.cat\/easit\/wp-json\/wp\/v2\/pages"}],"about":[{"href":"https:\/\/webs.uab.cat\/easit\/wp-json\/wp\/v2\/types\/page"}],"author":[{"embeddable":true,"href":"https:\/\/webs.uab.cat\/easit\/wp-json\/wp\/v2\/users\/20"}],"replies":[{"embeddable":true,"href":"https:\/\/webs.uab.cat\/easit\/wp-json\/wp\/v2\/comments?post=128"}],"version-history":[{"count":1,"href":"https:\/\/webs.uab.cat\/easit\/wp-json\/wp\/v2\/pages\/128\/revisions"}],"predecessor-version":[{"id":4036,"href":"https:\/\/webs.uab.cat\/easit\/wp-json\/wp\/v2\/pages\/128\/revisions\/4036"}],"wp:attachment":[{"href":"https:\/\/webs.uab.cat\/easit\/wp-json\/wp\/v2\/media?parent=128"}],"curies":[{"name":"wp","href":"https:\/\/api.w.org\/{rel}","templated":true}]}}