{"id":129,"date":"2018-09-25T08:36:50","date_gmt":"2018-09-25T08:36:50","guid":{"rendered":"https:\/\/webs.uab.cat\/easit\/universidade-de-vigo\/"},"modified":"2024-05-16T08:55:05","modified_gmt":"2024-05-16T08:55:05","slug":"universidade-de-vigo","status":"publish","type":"page","link":"https:\/\/webs.uab.cat\/easit\/universidade-de-vigo\/","title":{"rendered":"Universidade de Vigo"},"content":{"rendered":"\n<script src=\"https:\/\/cdn-eu.readspeaker.com\/script\/10610\/webReader\/webReader.js?pids=wr\" type=\"text\/javascript\" id=\"rs_req_Init\"><\/script>\n\n\n<div class=\"rs_skip rsbtn rs_preserve\" id=\"readspeaker_button1\">\n  <a rel=\"nofollow\" class=\"rsbtn_play\" title=\"Escolteu aquesta plana utilitzant ReadSpeaker webReader\" href=\"https:\/\/app-eu.readspeaker.com\/cgi-bin\/rsent?customerid=10610&amp;lang=ca_es&amp;readid=READIDvigoCA&amp;url=https:\/\/webs.uab.cat\/easit\/universidade-de-vigo\/\">\n  <span class=\"rsbtn_left rsimg rspart\"><span class=\"rsbtn_text\"><span>Escoltar<\/span><\/span><\/span>\n        <span class=\"rsbtn_right rsimg rsplay rspart\"><\/span>\n    <\/a>\n<\/div><p>&nbsp;<\/p>\n<div id=\"READIDvigoCA\">\n<p><strong>Universidade de Vigo<\/strong><\/p>\n<p>Som una Universitat.<\/p>\n<p>Ens diem Universidade de Vigo.<\/p>\n<p>La nostra Universitat est\u00e0 a Vigo.<\/p>\n<p>Vigo \u00e9s una ciutat d&rsquo;Espanya.<\/p>\n<p>\u00a0<\/p>\n<p>Universidade de Vigo \u00e9s un soci del projecte EASIT.<\/p>\n<p>4 persones de la Universidade de Vigo treballen a EASIT.<\/p>\n<p>Els seus noms s\u00f3n Pablo Romero Fresco,<\/p>\n<p>Luis Alonso,<\/p>\n<p>Ana Pereira i<\/p>\n<p>Lourdes Lorenzo.\u00a0<\/p>\n<p>\u00a0<\/p>\n<p>\u00a0<\/p>\n<p><strong>Qui ha escrit aquesta informaci\u00f3?<\/strong><\/p>\n<p>Pablo Romero Fresco ha escrit aquest text.<\/p>\n<p>Pablo Romero Fresco treballa a la Universidade de Vigo.<\/p>\n<p>Pots enviar-li un correu electr\u00f2nic<\/p>\n<p>si tens preguntes sobre la Universitat.<\/p>\n<p>\u00a0<\/p>\n<p>La seva adre\u00e7a de correu electr\u00f2nic \u00e9s:\u00a0<a href=\"mailto:promero@uvigo.es\">promero@uvigo.es<\/a><\/p>\n<\/div>\n","protected":false},"excerpt":{"rendered":"<p>Escoltar &nbsp; Universidade de Vigo Som una Universitat. Ens diem Universidade de Vigo. La nostra Universitat est\u00e0 a Vigo. Vigo \u00e9s una ciutat d&rsquo;Espanya. \u00a0 Universidade de Vigo \u00e9s un soci del projecte EASIT. 4 persones de la Universidade de Vigo treballen a EASIT. Els seus noms s\u00f3n Pablo Romero Fresco, Luis Alonso, Ana Pereira [&hellip;]<\/p>\n","protected":false},"author":20,"featured_media":0,"parent":0,"menu_order":0,"comment_status":"closed","ping_status":"closed","template":"","meta":{"footnotes":""},"class_list":["post-129","page","type-page","status-publish","hentry"],"_links":{"self":[{"href":"https:\/\/webs.uab.cat\/easit\/wp-json\/wp\/v2\/pages\/129","targetHints":{"allow":["GET"]}}],"collection":[{"href":"https:\/\/webs.uab.cat\/easit\/wp-json\/wp\/v2\/pages"}],"about":[{"href":"https:\/\/webs.uab.cat\/easit\/wp-json\/wp\/v2\/types\/page"}],"author":[{"embeddable":true,"href":"https:\/\/webs.uab.cat\/easit\/wp-json\/wp\/v2\/users\/20"}],"replies":[{"embeddable":true,"href":"https:\/\/webs.uab.cat\/easit\/wp-json\/wp\/v2\/comments?post=129"}],"version-history":[{"count":1,"href":"https:\/\/webs.uab.cat\/easit\/wp-json\/wp\/v2\/pages\/129\/revisions"}],"predecessor-version":[{"id":4035,"href":"https:\/\/webs.uab.cat\/easit\/wp-json\/wp\/v2\/pages\/129\/revisions\/4035"}],"wp:attachment":[{"href":"https:\/\/webs.uab.cat\/easit\/wp-json\/wp\/v2\/media?parent=129"}],"curies":[{"name":"wp","href":"https:\/\/api.w.org\/{rel}","templated":true}]}}