{"id":130,"date":"2018-09-25T08:35:41","date_gmt":"2018-09-25T08:35:41","guid":{"rendered":"https:\/\/webs.uab.cat\/easit\/sdi-munchen\/"},"modified":"2024-05-16T08:53:13","modified_gmt":"2024-05-16T08:53:13","slug":"sdi-munchen","status":"publish","type":"page","link":"https:\/\/webs.uab.cat\/easit\/sdi-munchen\/","title":{"rendered":"SDI M\u00fcnchen"},"content":{"rendered":"\n<script src=\"https:\/\/cdn-eu.readspeaker.com\/script\/10610\/webReader\/webReader.js?pids=wr\" type=\"text\/javascript\" id=\"rs_req_Init\"><\/script>\n\n\n<div class=\"rs_skip rsbtn rs_preserve\" id=\"readspeaker_button1\">\n  <a rel=\"nofollow\" class=\"rsbtn_play\" title=\"Escolteu aquesta plana utilitzant ReadSpeaker webReader\" href=\"https:\/\/app-eu.readspeaker.com\/cgi-bin\/rsent?customerid=10610&amp;lang=ca_es&amp;readid=READIDmunchentCA&amp;url=https:\/\/webs.uab.cat\/easit\/sdi-munchen\/\">\n  <span class=\"rsbtn_left rsimg rspart\"><span class=\"rsbtn_text\"><span>Escoltar<\/span><\/span><\/span>\n        <span class=\"rsbtn_right rsimg rsplay rspart\"><\/span>\n    <\/a>\n<\/div><p>&nbsp;<\/p>\n<div id=\"READIDmunchentCA\">\n<p><strong>SDI M\u00fcnchen<\/strong><\/p>\n<p>Som una Universitat.<\/p>\n<p>Ens diem SDI M\u00fcnchen.<\/p>\n<p>Aix\u00f2 vol dir SDI Munic.<\/p>\n<p>La nostra Universitat est\u00e0 a Munic.<\/p>\n<p>Munic \u00e9s una ciutat d&rsquo;Alemanya.<\/p>\n<p>\u00a0<\/p>\n<p>A la nostra Universitat ensenyem\u00a0<strong>comunicaci\u00f3<\/strong>\u00a0als estudiants.<\/p>\n<p>Comunicaci\u00f3 vol dir parlar i escriure en diferents idiomes.<\/p>\n<p>Comunicaci\u00f3 tamb\u00e9 vol dir:<\/p>\n<ul>\n  <li>con\u00e8ixer els pa\u00efsos<\/li>\n<\/ul>\n<ul>\n  <li>entendre el que li agrada a la gent i el que pensa\u00a0<\/li>\n<\/ul>\n<ul>\n  <li>saber el que la gent fa en aquests pa\u00efsos<\/li>\n<\/ul>\n<p>\u00a0<\/p>\n<p>A la nostra Universitat els estudiants:<\/p>\n<ul>\n  <li>\u00a0aprenen a parlar idiomes.<\/li>\n<\/ul>\n<p>Poden triar entre l&rsquo;espanyol, el franc\u00e8s,<\/p>\n<p>el rus, l&rsquo;itali\u00e0, l&rsquo;alemany i l&rsquo;angl\u00e8s<\/p>\n<ul>\n  <li>aprenen a escriure en aquests idiomes\u00a0<\/li>\n<\/ul>\n<ul>\n  <li>aprenen moltes coses sobre aquests pa\u00efsos<\/li>\n<\/ul>\n<ul>\n  <li>aprenen moltes coses\u00a0sobre el que li agrada a la gent i el que fa.<\/li>\n<\/ul>\n<p>Per exemple, aprenen coses sobre el menjar,<\/p>\n<p>el temps, les muntanyes i els rius,<\/p>\n<p>i la pol\u00edtica.<\/p>\n<p>\u00a0<\/p>\n<p><strong>Qui ha escrit aquesta informaci\u00f3?<\/strong><\/p>\n<p>Roc\u00edo Bernab\u00e9 ha escrit aquest text.<\/p>\n<p>Roc\u00edo Bernab\u00e9 treballa a SDI Munic.<\/p>\n<p>Pots enviar-li un correu electr\u00f2nic<\/p>\n<p>si tens preguntes sobre la Universitat.<\/p>\n<p>La seva adre\u00e7a de correu electr\u00f2nic \u00e9s:\u00a0<a href=\"mailto:Rocio.Bernabe@sdi-muenchen.de\">Rocio.Bernabe@sdi-muenchen.de<\/a><\/p>\n<p>\u00a0<\/p>\n<p>Tamb\u00e9 pots visitar el lloc web de la Universitat.<\/p>\n<p>L&rsquo;enlla\u00e7 \u00e9s:\u00a0<a href=\"http:\/\/www.sdi-muenchen.de\/\">www.sdi-muenchen.de<\/a><\/p>\n<\/div>\n","protected":false},"excerpt":{"rendered":"<p>Escoltar &nbsp; SDI M\u00fcnchen Som una Universitat. Ens diem SDI M\u00fcnchen. Aix\u00f2 vol dir SDI Munic. La nostra Universitat est\u00e0 a Munic. Munic \u00e9s una ciutat d&rsquo;Alemanya. \u00a0 A la nostra Universitat ensenyem\u00a0comunicaci\u00f3\u00a0als estudiants. Comunicaci\u00f3 vol dir parlar i escriure en diferents idiomes. Comunicaci\u00f3 tamb\u00e9 vol dir: con\u00e8ixer els pa\u00efsos entendre el que li agrada [&hellip;]<\/p>\n","protected":false},"author":20,"featured_media":0,"parent":0,"menu_order":0,"comment_status":"closed","ping_status":"closed","template":"","meta":{"footnotes":""},"class_list":["post-130","page","type-page","status-publish","hentry"],"_links":{"self":[{"href":"https:\/\/webs.uab.cat\/easit\/wp-json\/wp\/v2\/pages\/130","targetHints":{"allow":["GET"]}}],"collection":[{"href":"https:\/\/webs.uab.cat\/easit\/wp-json\/wp\/v2\/pages"}],"about":[{"href":"https:\/\/webs.uab.cat\/easit\/wp-json\/wp\/v2\/types\/page"}],"author":[{"embeddable":true,"href":"https:\/\/webs.uab.cat\/easit\/wp-json\/wp\/v2\/users\/20"}],"replies":[{"embeddable":true,"href":"https:\/\/webs.uab.cat\/easit\/wp-json\/wp\/v2\/comments?post=130"}],"version-history":[{"count":1,"href":"https:\/\/webs.uab.cat\/easit\/wp-json\/wp\/v2\/pages\/130\/revisions"}],"predecessor-version":[{"id":4033,"href":"https:\/\/webs.uab.cat\/easit\/wp-json\/wp\/v2\/pages\/130\/revisions\/4033"}],"wp:attachment":[{"href":"https:\/\/webs.uab.cat\/easit\/wp-json\/wp\/v2\/media?parent=130"}],"curies":[{"name":"wp","href":"https:\/\/api.w.org\/{rel}","templated":true}]}}