{"id":131,"date":"2018-09-25T08:36:54","date_gmt":"2018-09-25T08:36:54","guid":{"rendered":"https:\/\/webs.uab.cat\/easit\/zavod-risa\/"},"modified":"2024-05-16T08:58:15","modified_gmt":"2024-05-16T08:58:15","slug":"zavod-risa","status":"publish","type":"page","link":"https:\/\/webs.uab.cat\/easit\/zavod-risa\/","title":{"rendered":"Zavod RISA"},"content":{"rendered":"\n<script src=\"https:\/\/cdn-eu.readspeaker.com\/script\/10610\/webReader\/webReader.js?pids=wr\" type=\"text\/javascript\" id=\"rs_req_Init\"><\/script>\n\n\n<div class=\"rs_skip rsbtn rs_preserve\" id=\"readspeaker_button1\">\n  <a rel=\"nofollow\" class=\"rsbtn_play\" title=\"Escolteu aquesta plana utilitzant ReadSpeaker webReader\" href=\"https:\/\/app-eu.readspeaker.com\/cgi-bin\/rsent?customerid=10610&amp;lang=ca_es&amp;readid=READIDrisaCA&amp;url=https:\/\/webs.uab.cat\/easit\/zavod-risa\/\">\n  <span class=\"rsbtn_left rsimg rspart\"><span class=\"rsbtn_text\"><span>Escoltar<\/span><\/span><\/span>\n        <span class=\"rsbtn_right rsimg rsplay rspart\"><\/span>\n    <\/a>\n<\/div><p>&nbsp;<\/p>\n<div id=\"READIDrisaCA\">\n<p><strong>Zavod RISA<\/strong><\/p>\n<p><strong>Qu\u00e8 \u00e9s RISA<\/strong><\/p>\n<p>L&rsquo;institut RISA \u00e9s una organitzaci\u00f3<\/p>\n<p>d&rsquo;Eslov\u00e8nia.<\/p>\n<p>N&rsquo;hi diuen RISA per escur\u00e7ar.<\/p>\n<p>\u00a0<\/p>\n<p><strong>Qu\u00e8 fa RISA\u00a0<\/strong><\/p>\n<p>RISA produeix\u00a0informaci\u00f3<\/p>\n<p>en lectura f\u00e0cil en eslov\u00e8.<\/p>\n<p>RISA publica llibres en lectura f\u00e0cil<\/p>\n<p>i un\u00a0diari anomenat\u00a020 MINUTS.<\/p>\n<p>El diari \u00e9s gratu\u00eft a Internet.<\/p>\n<p>Els llibres d&rsquo;Internet tamb\u00e9 s\u00f3n gratu\u00efts.<\/p>\n<p>Per exemple,<\/p>\n<p>et pots descarregar<\/p>\n<p>Romeo i Julieta\u00a0en eslov\u00e8.<\/p>\n<p>\u00a0<\/p>\n<p>RISA tamb\u00e9 ensenya\u00a0la gent a fer\u00a0<\/p>\n<p>informaci\u00f3 en lectura f\u00e0cil.<\/p>\n<p>\u00a0<\/p>\n<p><strong>Qui treballa a RISA<\/strong><\/p>\n<p>Moltes\u00a0persones treballen\u00a0a RISA.<\/p>\n<p>Algunes d&rsquo;aquestes persones s\u00f3n professionals,<\/p>\n<p>com ara mestres o treballadors\u00a0socials.<\/p>\n<p>\u00a0<\/p>\n<p>Algunes altres s\u00f3n autodefensors.<\/p>\n<p>Els autodefensors s\u00f3n persones<\/p>\n<p>que defensen els seus drets.<\/p>\n<p>S\u00f3n experts en<\/p>\n<p>el que necessiten i volen.<\/p>\n<p>Alguns dels nostres companys\u00a0<\/p>\n<p>tenen dificultats per llegir.<\/p>\n<p>Potser tenen discapacitats per\u00a0aprendre.<\/p>\n<p>Necessiten informaci\u00f3 en lectura f\u00e0cil.<\/p>\n<p>Defensen el seu dret d&rsquo;acc\u00e9s a la informaci\u00f3.<\/p>\n<p>Tamb\u00e9 ajuden a produir i editar\u00a0<\/p>\n<p>informaci\u00f3 en lectura f\u00e0cil.<\/p>\n<p>\u00a0<\/p>\n<p>Moltes vegades,<\/p>\n<p>les persones treballen de franc.<\/p>\n<p>Treballen en el seu temps lliure.\u00a0<\/p>\n<p>Aquestes persones s&rsquo;anomenen voluntaris.<\/p>\n<p>Els voluntaris s\u00f3n molt importants per a\u00a0RISA.<\/p>\n<p>\u00a0<\/p>\n<p><strong>Projectes<\/strong><\/p>\n<p>RISA treballa amb moltes organitzacions,<\/p>\n<p>com ara Universitats o el Ministeri\u00a0de\u00a0Cultura eslovens.<\/p>\n<p>RISA tamb\u00e9 fa molts\u00a0projectes.<\/p>\n<p>\u00a0<\/p>\n<p>Un dels\u00a0projectes es diu \u00c9S F\u00c0CIL LLEGIR.<\/p>\n<p>El grup del projecte est\u00e0 fent normes,<\/p>\n<p>imatges i tallers\u00a0de<\/p>\n<p>lectura f\u00e0cil a Eslov\u00e8nia.<\/p>\n<p>\u00a0<\/p>\n<p>Els diners del\u00a0projecte venen de<\/p>\n<p>la Uni\u00f3 Europea i de la Rep\u00fablica d&rsquo;Eslov\u00e8nia.<\/p>\n<p>\u00a0<\/p>\n<p><strong>Qui ha escrit aquesta informaci\u00f3?<\/strong><\/p>\n<p>Tatjana Knapp ha escrit aquest text.<\/p>\n<p>Pots enviar-li un correu electr\u00f2nic<\/p>\n<p>si tens preguntes sobre RISA.<\/p>\n<p>La seva adre\u00e7a de correu electr\u00f2nic \u00e9s:\u00a0<a href=\"mailto:tatjana@risa.si\">tatjana@risa.si<\/a><\/p>\n<\/div>\n","protected":false},"excerpt":{"rendered":"<p>Escoltar &nbsp; Zavod RISA Qu\u00e8 \u00e9s RISA L&rsquo;institut RISA \u00e9s una organitzaci\u00f3 d&rsquo;Eslov\u00e8nia. N&rsquo;hi diuen RISA per escur\u00e7ar. \u00a0 Qu\u00e8 fa RISA\u00a0 RISA produeix\u00a0informaci\u00f3 en lectura f\u00e0cil en eslov\u00e8. RISA publica llibres en lectura f\u00e0cil i un\u00a0diari anomenat\u00a020 MINUTS. El diari \u00e9s gratu\u00eft a Internet. Els llibres d&rsquo;Internet tamb\u00e9 s\u00f3n gratu\u00efts. Per exemple, et pots [&hellip;]<\/p>\n","protected":false},"author":20,"featured_media":0,"parent":0,"menu_order":0,"comment_status":"closed","ping_status":"closed","template":"","meta":{"footnotes":""},"class_list":["post-131","page","type-page","status-publish","hentry"],"_links":{"self":[{"href":"https:\/\/webs.uab.cat\/easit\/wp-json\/wp\/v2\/pages\/131","targetHints":{"allow":["GET"]}}],"collection":[{"href":"https:\/\/webs.uab.cat\/easit\/wp-json\/wp\/v2\/pages"}],"about":[{"href":"https:\/\/webs.uab.cat\/easit\/wp-json\/wp\/v2\/types\/page"}],"author":[{"embeddable":true,"href":"https:\/\/webs.uab.cat\/easit\/wp-json\/wp\/v2\/users\/20"}],"replies":[{"embeddable":true,"href":"https:\/\/webs.uab.cat\/easit\/wp-json\/wp\/v2\/comments?post=131"}],"version-history":[{"count":1,"href":"https:\/\/webs.uab.cat\/easit\/wp-json\/wp\/v2\/pages\/131\/revisions"}],"predecessor-version":[{"id":4038,"href":"https:\/\/webs.uab.cat\/easit\/wp-json\/wp\/v2\/pages\/131\/revisions\/4038"}],"wp:attachment":[{"href":"https:\/\/webs.uab.cat\/easit\/wp-json\/wp\/v2\/media?parent=131"}],"curies":[{"name":"wp","href":"https:\/\/api.w.org\/{rel}","templated":true}]}}