{"id":133,"date":"2018-09-03T15:16:37","date_gmt":"2018-09-03T15:16:37","guid":{"rendered":"https:\/\/webs.uab.cat\/easit\/actes\/"},"modified":"2024-06-19T11:10:55","modified_gmt":"2024-06-19T11:10:55","slug":"actes","status":"publish","type":"page","link":"https:\/\/webs.uab.cat\/easit\/actes\/","title":{"rendered":"Actes"},"content":{"rendered":"\n<script src=\"https:\/\/cdn-eu.readspeaker.com\/script\/10610\/webReader\/webReader.js?pids=wr\" type=\"text\/javascript\" id=\"rs_req_Init\"><\/script>\n\n\n<div class=\"rs_skip rsbtn rs_preserve\" id=\"readspeaker_button1\">\n  <a rel=\"nofollow\" class=\"rsbtn_play\" title=\"Escolteu aquesta plana utilitzant ReadSpeaker webReader\" href=\"https:\/\/app-eu.readspeaker.com\/cgi-bin\/rsent?customerid=10610&amp;lang=ca_es&amp;readid=READIDactesCA&amp;url=https:\/\/webs.uab.cat\/easit\/actes\/\">\n  <span class=\"rsbtn_left rsimg rspart\"><span class=\"rsbtn_text\"><span>Escoltar<\/span><\/span><\/span>\n        <span class=\"rsbtn_right rsimg rsplay rspart\"><\/span>\n    <\/a>\n<\/div><p>&nbsp;<\/p>\n<div id=\"READIDactesCA\">\n<p>El projecte organitza actes.<\/p>\n<p>En un acte expliquem el projecte i els resultats.<\/p>\n<p>Cada acte est\u00e0 relacionat amb un o m\u00e9s d&rsquo;un resultat.<\/p>\n<p>Hi ha 6 actes al projecte EASIT:<\/p>\n<ul>\n  <li><a href=\"https:\/\/webs.uab.cat\/easit\/acte-1\/\">Acte a Munic<\/a>, a Alemanya<\/li>\n<\/ul>\n<ul>\n  <li><a href=\"https:\/\/webs.uab.cat\/easit\/acte-2\">Acte a Estocolm<\/a>, a Su\u00e8cia<\/li>\n<\/ul>\n<ul>\n  <li><a href=\"https:\/\/webs.uab.cat\/easit\/acte-3\">Acte a Hildesheim,<\/a>\u00a0a Alemanya<\/li>\n<\/ul>\n<ul>\n  <li><a href=\"https:\/\/webs.uab.cat\/easit\/acte-4\">Acte a Vigo<\/a>, a Espanya<\/li>\n<\/ul>\n<ul>\n  <li><a href=\"https:\/\/webs.uab.cat\/easit\/acte-5\">Acte a Barcelona<\/a>, a Espanya<\/li>\n<\/ul>\n<ul>\n  <li><a href=\"https:\/\/webs.uab.cat\/easit\/acte-6\">Acte a Ljubljana<\/a>,\u00a0a Eslov\u00e8nia<\/li>\n<\/ul>\n<\/div>\n","protected":false},"excerpt":{"rendered":"<p>Escoltar &nbsp; El projecte organitza actes. En un acte expliquem el projecte i els resultats. Cada acte est\u00e0 relacionat amb un o m\u00e9s d&rsquo;un resultat. Hi ha 6 actes al projecte EASIT: Acte a Munic, a Alemanya Acte a Estocolm, a Su\u00e8cia Acte a Hildesheim,\u00a0a Alemanya Acte a Vigo, a Espanya Acte a Barcelona, a [&hellip;]<\/p>\n","protected":false},"author":20,"featured_media":0,"parent":0,"menu_order":0,"comment_status":"closed","ping_status":"closed","template":"","meta":{"footnotes":""},"class_list":["post-133","page","type-page","status-publish","hentry"],"_links":{"self":[{"href":"https:\/\/webs.uab.cat\/easit\/wp-json\/wp\/v2\/pages\/133","targetHints":{"allow":["GET"]}}],"collection":[{"href":"https:\/\/webs.uab.cat\/easit\/wp-json\/wp\/v2\/pages"}],"about":[{"href":"https:\/\/webs.uab.cat\/easit\/wp-json\/wp\/v2\/types\/page"}],"author":[{"embeddable":true,"href":"https:\/\/webs.uab.cat\/easit\/wp-json\/wp\/v2\/users\/20"}],"replies":[{"embeddable":true,"href":"https:\/\/webs.uab.cat\/easit\/wp-json\/wp\/v2\/comments?post=133"}],"version-history":[{"count":3,"href":"https:\/\/webs.uab.cat\/easit\/wp-json\/wp\/v2\/pages\/133\/revisions"}],"predecessor-version":[{"id":4126,"href":"https:\/\/webs.uab.cat\/easit\/wp-json\/wp\/v2\/pages\/133\/revisions\/4126"}],"wp:attachment":[{"href":"https:\/\/webs.uab.cat\/easit\/wp-json\/wp\/v2\/media?parent=133"}],"curies":[{"name":"wp","href":"https:\/\/api.w.org\/{rel}","templated":true}]}}