{"id":136,"date":"2018-09-25T08:44:38","date_gmt":"2018-09-25T08:44:38","guid":{"rendered":"https:\/\/webs.uab.cat\/easit\/acte-3\/"},"modified":"2024-06-19T11:20:23","modified_gmt":"2024-06-19T11:20:23","slug":"acte-3","status":"publish","type":"page","link":"https:\/\/webs.uab.cat\/easit\/acte-3\/","title":{"rendered":"Acte 3"},"content":{"rendered":"\n<script src=\"https:\/\/cdn-eu.readspeaker.com\/script\/10610\/webReader\/webReader.js?pids=wr\" type=\"text\/javascript\" id=\"rs_req_Init\"><\/script>\n\n\n<div class=\"rs_skip rsbtn rs_preserve\" id=\"readspeaker_button1\">\n  <a rel=\"nofollow\" class=\"rsbtn_play\" title=\"Escolteu aquesta plana utilitzant ReadSpeaker webReader\" href=\"https:\/\/app-eu.readspeaker.com\/cgi-bin\/rsent?customerid=10610&amp;lang=ca_es&amp;readid=READIDacte3CA&amp;url=https:\/\/webs.uab.cat\/easit\/acte-3\/\">\n  <span class=\"rsbtn_left rsimg rspart\"><span class=\"rsbtn_text\"><span>Escoltar<\/span><\/span><\/span>\n        <span class=\"rsbtn_right rsimg rsplay rspart\"><\/span>\n    <\/a>\n<\/div><p>&nbsp;<\/p>\n<div id=\"READIDacte3CA\">\n<p>Pots\u00a0descarregar el programa\u00a0<u><strong><a href=\"https:\/\/webs.uab.cat\/easit\/wp-content\/uploads\/sites\/159\/2022\/09\/easit_suh_e3_agenda_hildesheim_final.pdf\">aqu\u00ed<\/a><\/strong><\/u>.<\/p>\n<p>Pots descarregar les presentacions\u00a0<strong><u><a href=\"https:\/\/webs.uab.cat\/easit\/event-3-presentations\/\">aqu\u00ed<\/a><\/u><\/strong>.<\/p>\n<p>Pots\u00a0descarregar l&rsquo;informe\u00a0<u><strong><a href=\"https:\/\/ddd.uab.cat\/record\/221161\">aqu\u00ed<\/a><\/strong><\/u>.<\/p>\n<p>\u00a0<\/p>\n<p>Pots llegir un\u00a0<strong><u><a href=\"https:\/\/webs.uab.cat\/easit\/easy-summary-event-3\">resum f\u00e0cil de comprendre de l&rsquo;acte 3<\/a><\/u><\/strong>.<\/p>\n<p><br>\n  <a href=\"https:\/\/webs.uab.cat\/easit\/wp-content\/uploads\/sites\/159\/2022\/09\/easit-website-event3-ca.mp3\"><img loading=\"lazy\" decoding=\"async\" alt=\"Descarregar MP3\" height=\"26\" src=\"https:\/\/webs.uab.cat\/easit\/wp-content\/uploads\/sites\/159\/2018\/09\/file-music-download-audio-mp3-sound-44525_1-e1662452321417.png\" width=\"24\"><\/a><\/p>\n<p>&nbsp;<\/p>\n<p>L&rsquo;Acte 3 tindr\u00e0 lloc\u00a0<\/p>\n<p>a Hildesheim, a\u00a0Alemanya.<\/p>\n<p>La Universitat de Hildesheim l&rsquo;organitzar\u00e0.<\/p>\n<p>\u00a0<\/p>\n<p>L&rsquo;Acte 3 ser\u00e0 al febrer del\u00a02020.<\/p>\n<p>\u00a0<\/p>\n<p><strong>Qui hi haur\u00e0 a l&rsquo;acte?<\/strong><\/p>\n<p>Tots els socis d&rsquo;EASIT seran a l&rsquo;acte.<\/p>\n<p>Els socis d&rsquo;EASIT tamb\u00e9 convidaran persones<\/p>\n<p>interessades a fer contingut f\u00e0cil de comprendre.<\/p>\n<p>\u00a0<\/p>\n<p><strong>Qu\u00e8 farem a l&rsquo;acte?<\/strong><\/p>\n<p>Presentarem el Resultat 3.<\/p>\n<p>Parlarem sobre el Resultat 3.<\/p>\n<p>Pots llegir m\u00e9s informaci\u00f3 sobre el Resultat 3\u00a0<u><strong><a href=\"https:\/\/webs.uab.cat\/easit\/resultat-3\/\" target=\"_blank\" rel=\"noopener\">aqu\u00ed<\/a><\/strong><\/u>.<\/p>\n<p>\u00a0<\/p>\n<p>Si vols saber m\u00e9s coses de l&rsquo;acte,<\/p>\n<p>pots enviar-li un correu electr\u00f2nic a Sergio Hern\u00e1ndez.<\/p>\n<p>Sergio Hern\u00e1ndez ha escrit aquesta informaci\u00f3.<\/p>\n<p>La seva adre\u00e7a de correu electr\u00f2nic \u00e9s:\u00a0<u><strong><a href=\"mailto:hernande@uni-hildesheim.de\">hernande@uni-hildesheim.de<\/a><\/strong><\/u><\/p>\n<\/div>\n","protected":false},"excerpt":{"rendered":"<p>Escoltar &nbsp; Pots\u00a0descarregar el programa\u00a0aqu\u00ed. Pots descarregar les presentacions\u00a0aqu\u00ed. Pots\u00a0descarregar l&rsquo;informe\u00a0aqu\u00ed. \u00a0 Pots llegir un\u00a0resum f\u00e0cil de comprendre de l&rsquo;acte 3. &nbsp; L&rsquo;Acte 3 tindr\u00e0 lloc\u00a0 a Hildesheim, a\u00a0Alemanya. La Universitat de Hildesheim l&rsquo;organitzar\u00e0. \u00a0 L&rsquo;Acte 3 ser\u00e0 al febrer del\u00a02020. \u00a0 Qui hi haur\u00e0 a l&rsquo;acte? Tots els socis d&rsquo;EASIT seran a l&rsquo;acte. Els [&hellip;]<\/p>\n","protected":false},"author":20,"featured_media":0,"parent":0,"menu_order":0,"comment_status":"closed","ping_status":"closed","template":"","meta":{"footnotes":""},"class_list":["post-136","page","type-page","status-publish","hentry"],"_links":{"self":[{"href":"https:\/\/webs.uab.cat\/easit\/wp-json\/wp\/v2\/pages\/136","targetHints":{"allow":["GET"]}}],"collection":[{"href":"https:\/\/webs.uab.cat\/easit\/wp-json\/wp\/v2\/pages"}],"about":[{"href":"https:\/\/webs.uab.cat\/easit\/wp-json\/wp\/v2\/types\/page"}],"author":[{"embeddable":true,"href":"https:\/\/webs.uab.cat\/easit\/wp-json\/wp\/v2\/users\/20"}],"replies":[{"embeddable":true,"href":"https:\/\/webs.uab.cat\/easit\/wp-json\/wp\/v2\/comments?post=136"}],"version-history":[{"count":3,"href":"https:\/\/webs.uab.cat\/easit\/wp-json\/wp\/v2\/pages\/136\/revisions"}],"predecessor-version":[{"id":4129,"href":"https:\/\/webs.uab.cat\/easit\/wp-json\/wp\/v2\/pages\/136\/revisions\/4129"}],"wp:attachment":[{"href":"https:\/\/webs.uab.cat\/easit\/wp-json\/wp\/v2\/media?parent=136"}],"curies":[{"name":"wp","href":"https:\/\/api.w.org\/{rel}","templated":true}]}}