{"id":138,"date":"2018-09-25T08:44:51","date_gmt":"2018-09-25T08:44:51","guid":{"rendered":"https:\/\/webs.uab.cat\/easit\/acte-5\/"},"modified":"2024-06-19T11:25:43","modified_gmt":"2024-06-19T11:25:43","slug":"acte-5","status":"publish","type":"page","link":"https:\/\/webs.uab.cat\/easit\/acte-5\/","title":{"rendered":"Acte 5"},"content":{"rendered":"\n<script src=\"https:\/\/cdn-eu.readspeaker.com\/script\/10610\/webReader\/webReader.js?pids=wr\" type=\"text\/javascript\" id=\"rs_req_Init\"><\/script>\n\n\n<div class=\"rs_skip rsbtn rs_preserve\" id=\"readspeaker_button1\">\n  <a rel=\"nofollow\" class=\"rsbtn_play\" title=\"Escolteu aquesta plana utilitzant ReadSpeaker webReader\" href=\"https:\/\/app-eu.readspeaker.com\/cgi-bin\/rsent?customerid=10610&amp;lang=ca_es&amp;readid=READIDacte5CA&amp;url=https:\/\/webs.uab.cat\/easit\/acte-5\/\">\n  <span class=\"rsbtn_left rsimg rspart\"><span class=\"rsbtn_text\"><span>Escoltar<\/span><\/span><\/span>\n        <span class=\"rsbtn_right rsimg rsplay rspart\"><\/span>\n    <\/a>\n<\/div><p>&nbsp;<\/p>\n<div id=\"READIDacte5CA\">\n<p>Pots\u00a0descarregar el programa\u00a0<u><strong><a href=\"https:\/\/webs.uab.cat\/easit\/wp-content\/uploads\/sites\/159\/2018\/09\/easit_uab_e5_barcelona_v2.pdf\">aqu\u00ed<\/a><\/strong><\/u>.<\/p>\n<p>Pots descarregar les presentacions\u00a0<a href=\"https:\/\/webs.uab.cat\/easit\/event-5-presentations\/\"><strong><u>aqu\u00ed<\/u><\/strong><\/a>.<\/p>\n<p>Pots descarregar l&rsquo;informe\u00a0<a href=\"https:\/\/ddd.uab.cat\/record\/237169\"><u><strong>aqu\u00ed<\/strong><\/u><\/a>.<\/p>\n<p>\u00a0<\/p>\n<p>Pots llegir un\u00a0<strong><u><a href=\"https:\/\/webs.uab.cat\/easit\/easy-summary-event-5\/\">resum f\u00e0cil de comprendre de l&rsquo;acte 5<\/a><\/u><\/strong>.<\/p>\n<p><br>\n  <a href=\"https:\/\/webs.uab.cat\/easit\/wp-content\/uploads\/sites\/159\/2022\/09\/easit-website-event5-ca.mp3\"><img loading=\"lazy\" decoding=\"async\" alt=\"Descarregar MP3\" height=\"25\" src=\"https:\/\/webs.uab.cat\/easit\/wp-content\/uploads\/sites\/159\/2018\/09\/file-music-download-audio-mp3-sound-44525_1-e1662452321417.png\" width=\"28\"><\/a><\/p>\n<p>&nbsp;<\/p>\n<p>L&rsquo;Acte 5\u00a0tindr\u00e0 lloc\u00a0<\/p>\n<p>a Barcelona.<\/p>\n<p>La Universitat Aut\u00f2noma de Barcelona l&rsquo;organitzar\u00e0.<\/p>\n<p>\u00a0<\/p>\n<p>L&rsquo;Acte 5\u00a0ser\u00e0 al mar\u00e7 del\u00a02021.<\/p>\n<p>\u00a0<\/p>\n<p><strong>Qui hi haur\u00e0 a l&rsquo;acte?<\/strong><\/p>\n<p>Tots els socis d&rsquo;EASIT seran a l&rsquo;acte.<\/p>\n<p>Els socis d&rsquo;EASIT tamb\u00e9 convidaran persones<\/p>\n<p>interessades a fer contingut f\u00e0cil de comprendre.<\/p>\n<p>\u00a0<\/p>\n<p><strong>Qu\u00e8 farem a l&rsquo;acte?<\/strong><\/p>\n<p>Presentarem el Resultat 5.<\/p>\n<p>Parlarem sobre el Resultat 5.<\/p>\n<p>Pots llegir m\u00e9s informaci\u00f3 sobre el Resultat 5\u00a0<strong><u><a href=\"https:\/\/webs.uab.cat\/easit\/resultat-5\/\" target=\"_blank\" rel=\"noopener\">aqu\u00ed<\/a><\/u><\/strong>.<\/p>\n<p>\u00a0<\/p>\n<p>Si vols saber m\u00e9s coses de l&rsquo;acte,<\/p>\n<p>pots enviar-li un correu electr\u00f2nic a Anna Matamala.<\/p>\n<p>Anna Matamala ha escrit aquesta informaci\u00f3.<\/p>\n<p>La seva adre\u00e7a de correu electr\u00f2nic \u00e9s:\u00a0<strong><u><a href=\"mailto:anna.matamala@uab.cat\">anna.matamala@uab.cat<\/a><\/u><\/strong><\/p>\n<\/div>\n","protected":false},"excerpt":{"rendered":"<p>Escoltar &nbsp; Pots\u00a0descarregar el programa\u00a0aqu\u00ed. Pots descarregar les presentacions\u00a0aqu\u00ed. Pots descarregar l&rsquo;informe\u00a0aqu\u00ed. \u00a0 Pots llegir un\u00a0resum f\u00e0cil de comprendre de l&rsquo;acte 5. &nbsp; L&rsquo;Acte 5\u00a0tindr\u00e0 lloc\u00a0 a Barcelona. La Universitat Aut\u00f2noma de Barcelona l&rsquo;organitzar\u00e0. \u00a0 L&rsquo;Acte 5\u00a0ser\u00e0 al mar\u00e7 del\u00a02021. \u00a0 Qui hi haur\u00e0 a l&rsquo;acte? Tots els socis d&rsquo;EASIT seran a l&rsquo;acte. Els socis [&hellip;]<\/p>\n","protected":false},"author":20,"featured_media":0,"parent":0,"menu_order":0,"comment_status":"closed","ping_status":"closed","template":"","meta":{"footnotes":""},"class_list":["post-138","page","type-page","status-publish","hentry"],"_links":{"self":[{"href":"https:\/\/webs.uab.cat\/easit\/wp-json\/wp\/v2\/pages\/138","targetHints":{"allow":["GET"]}}],"collection":[{"href":"https:\/\/webs.uab.cat\/easit\/wp-json\/wp\/v2\/pages"}],"about":[{"href":"https:\/\/webs.uab.cat\/easit\/wp-json\/wp\/v2\/types\/page"}],"author":[{"embeddable":true,"href":"https:\/\/webs.uab.cat\/easit\/wp-json\/wp\/v2\/users\/20"}],"replies":[{"embeddable":true,"href":"https:\/\/webs.uab.cat\/easit\/wp-json\/wp\/v2\/comments?post=138"}],"version-history":[{"count":4,"href":"https:\/\/webs.uab.cat\/easit\/wp-json\/wp\/v2\/pages\/138\/revisions"}],"predecessor-version":[{"id":4132,"href":"https:\/\/webs.uab.cat\/easit\/wp-json\/wp\/v2\/pages\/138\/revisions\/4132"}],"wp:attachment":[{"href":"https:\/\/webs.uab.cat\/easit\/wp-json\/wp\/v2\/media?parent=138"}],"curies":[{"name":"wp","href":"https:\/\/api.w.org\/{rel}","templated":true}]}}