{"id":140,"date":"2018-09-25T08:42:20","date_gmt":"2018-09-25T08:42:20","guid":{"rendered":"https:\/\/webs.uab.cat\/easit\/resultat-1\/"},"modified":"2024-06-19T11:38:10","modified_gmt":"2024-06-19T11:38:10","slug":"resultat-1","status":"publish","type":"page","link":"https:\/\/webs.uab.cat\/easit\/resultat-1\/","title":{"rendered":"Resultat 1"},"content":{"rendered":"\n<script src=\"https:\/\/cdn-eu.readspeaker.com\/script\/10610\/webReader\/webReader.js?pids=wr\" type=\"text\/javascript\" id=\"rs_req_Init\"><\/script>\n\n\n<div class=\"rs_skip rsbtn rs_preserve\" id=\"readspeaker_button1\">\n  <a rel=\"nofollow\" class=\"rsbtn_play\" title=\"Escolteu aquesta plana utilitzant ReadSpeaker webReader\" href=\"https:\/\/app-eu.readspeaker.com\/cgi-bin\/rsent?customerid=10610&amp;lang=ca_es&amp;readid=READIDresultats1CA&amp;url=https:\/\/webs.uab.cat\/easit\/resultat-1\/\">\n  <span class=\"rsbtn_left rsimg rspart\"><span class=\"rsbtn_text\"><span>Escoltar<\/span><\/span><\/span>\n        <span class=\"rsbtn_right rsimg rsplay rspart\"><\/span>\n    <\/a>\n<\/div><p>&nbsp;<\/p>\n<div id=\"READIDresultats1CA\">\n<p>Pots descarregar el Resultat 1\u00a0<strong><u><a href=\"https:\/\/ddd.uab.cat\/record\/203967\">aqu\u00ed<\/a><\/u><\/strong>.<\/p>\n<p>\u00a0<\/p>\n<p>Destinataris principals:<\/p>\n<p>professionals i estudiosos<\/p>\n<p>en l&rsquo;\u00e0mbit dels continguts<\/p>\n<p>f\u00e0cils de comprendre.<\/p>\n<p>\u00a0<\/p>\n<p>Pots llegir un\u00a0<strong><u><a href=\"https:\/\/webs.uab.cat\/easit\/ca\/content\/easy-summary-output-1\">resum f\u00e0cil de comprendre del Resultat 1<\/a><\/u><\/strong>.<\/p>\n<p><br>\n  <a href=\"https:\/\/webs.uab.cat\/easit\/wp-content\/uploads\/sites\/159\/2022\/09\/easit-website-output1-ca.mp3\"><img loading=\"lazy\" decoding=\"async\" alt=\"Descarregar MP3\" height=\"28\" src=\"https:\/\/webs.uab.cat\/easit\/wp-content\/uploads\/sites\/159\/2018\/09\/file-music-download-audio-mp3-sound-44525_1-e1662452321417.png\" width=\"28\"><\/a><\/p>\n<p>&nbsp;<\/p>\n<p><strong>Resultat 1.\u00a0\u200bPr\u00e0ctica i formaci\u00f3<\/strong><\/p>\n<p>\u00a0<\/p>\n<p>No hi ha prou cursos de formaci\u00f3\u00a0<\/p>\n<p>sobre com fer que la informaci\u00f3<\/p>\n<p>sigui f\u00e0cil de comprendre.<\/p>\n<p>La formaci\u00f3 \u00e9s important.<\/p>\n<p>\u00a0<\/p>\n<p>Ens cal saber m\u00e9s coses sobre:<\/p>\n<ul>\n  <li>la formaci\u00f3\u00a0<\/li>\n<\/ul>\n<ul>\n  <li>la pr\u00e0ctica<\/li>\n<\/ul>\n<p>\u200b\u200b\u200ba diferents pa\u00efsos europeus.<\/p>\n<p>\u00a0<\/p>\n<p>Parlarem amb\u00a0persones que:<\/p>\n<ul>\n  <li>creen informaci\u00f3 f\u00e0cil de comprendre<\/li>\n<\/ul>\n<ul>\n  <li>tradueixen o adapten\u00a0informaci\u00f3\u00a0<\/li>\n<\/ul>\n<ul>\n  <li>validen informaci\u00f3\u00a0<\/li>\n<\/ul>\n<ul>\n  <li>ensenyen a crear\u00a0informaci\u00f3 f\u00e0cil de comprendre<\/li>\n<\/ul>\n<p>\u00a0<\/p>\n<p>El resultat ser\u00e0 un\u00a0document.<\/p>\n<p>El document ser\u00e0 \u00fatil<\/p>\n<p>per a qualsevol persona interessada<\/p>\n<p>en informaci\u00f3 f\u00e0cil de comprendre.<\/p>\n<p>\u00a0<\/p>\n<p>Si vols saber m\u00e9s coses sobre el document,<\/p>\n<p>pots enviar-li un correu electr\u00f2nic a Elisa Perego.<\/p>\n<p>Elisa Perego ha escrit aquesta informaci\u00f3.<\/p>\n<p>Ella est\u00e0 al c\u00e0rrec d&rsquo;aquest resultat.<\/p>\n<p>La seva adre\u00e7a de correu electr\u00f2nic \u00e9s:\u00a0<a href=\"mailto:eperego@units.it\">eperego@units.it<\/a><\/p>\n<\/div>\n","protected":false},"excerpt":{"rendered":"<p>Escoltar &nbsp; Pots descarregar el Resultat 1\u00a0aqu\u00ed. \u00a0 Destinataris principals: professionals i estudiosos en l&rsquo;\u00e0mbit dels continguts f\u00e0cils de comprendre. \u00a0 Pots llegir un\u00a0resum f\u00e0cil de comprendre del Resultat 1. &nbsp; Resultat 1.\u00a0\u200bPr\u00e0ctica i formaci\u00f3 \u00a0 No hi ha prou cursos de formaci\u00f3\u00a0 sobre com fer que la informaci\u00f3 sigui f\u00e0cil de comprendre. La formaci\u00f3 [&hellip;]<\/p>\n","protected":false},"author":20,"featured_media":0,"parent":0,"menu_order":0,"comment_status":"closed","ping_status":"closed","template":"","meta":{"footnotes":""},"class_list":["post-140","page","type-page","status-publish","hentry"],"_links":{"self":[{"href":"https:\/\/webs.uab.cat\/easit\/wp-json\/wp\/v2\/pages\/140","targetHints":{"allow":["GET"]}}],"collection":[{"href":"https:\/\/webs.uab.cat\/easit\/wp-json\/wp\/v2\/pages"}],"about":[{"href":"https:\/\/webs.uab.cat\/easit\/wp-json\/wp\/v2\/types\/page"}],"author":[{"embeddable":true,"href":"https:\/\/webs.uab.cat\/easit\/wp-json\/wp\/v2\/users\/20"}],"replies":[{"embeddable":true,"href":"https:\/\/webs.uab.cat\/easit\/wp-json\/wp\/v2\/comments?post=140"}],"version-history":[{"count":3,"href":"https:\/\/webs.uab.cat\/easit\/wp-json\/wp\/v2\/pages\/140\/revisions"}],"predecessor-version":[{"id":4137,"href":"https:\/\/webs.uab.cat\/easit\/wp-json\/wp\/v2\/pages\/140\/revisions\/4137"}],"wp:attachment":[{"href":"https:\/\/webs.uab.cat\/easit\/wp-json\/wp\/v2\/media?parent=140"}],"curies":[{"name":"wp","href":"https:\/\/api.w.org\/{rel}","templated":true}]}}