{"id":141,"date":"2018-09-25T08:42:29","date_gmt":"2018-09-25T08:42:29","guid":{"rendered":"https:\/\/webs.uab.cat\/easit\/resultat-2\/"},"modified":"2024-06-25T06:16:47","modified_gmt":"2024-06-25T06:16:47","slug":"resultat-2","status":"publish","type":"page","link":"https:\/\/webs.uab.cat\/easit\/resultat-2\/","title":{"rendered":"Resultat 2"},"content":{"rendered":"\n<script src=\"https:\/\/cdn-eu.readspeaker.com\/script\/10610\/webReader\/webReader.js?pids=wr\" type=\"text\/javascript\" id=\"rs_req_Init\"><\/script>\n\n\n<div class=\"rs_skip rsbtn rs_preserve\" id=\"readspeaker_button1\">\n  <a rel=\"nofollow\" class=\"rsbtn_play\" title=\"Escolteu aquesta plana utilitzant ReadSpeaker webReader\" href=\"https:\/\/app-eu.readspeaker.com\/cgi-bin\/rsent?customerid=10610&amp;lang=ca_es&amp;readid=READIDresultats2CA&amp;url=https:\/\/webs.uab.cat\/easit\/resultat-2\/\">\n  <span class=\"rsbtn_left rsimg rspart\"><span class=\"rsbtn_text\"><span>Escoltar<\/span><\/span><\/span>\n        <span class=\"rsbtn_right rsimg rsplay rspart\"><\/span>\n    <\/a>\n<\/div><p>&nbsp;<\/p>\n<div id=\"READIDresultats2CA\">\n<p>Pots descarregar el Resultat 2\u00a0<u><strong><a href=\"https:\/\/ddd.uab.cat\/record\/204739\">aqu\u00ed<\/a><\/strong><\/u>.<\/p><p>&nbsp;<\/p>\n<p>Destinataris principals:<\/p>\n<p>professionals i estudiosos<\/p>\n<p>en l&rsquo;\u00e0mbit dels continguts<\/p>\n<p>f\u00e0cils de comprendre.<\/p>\n<p>\u00a0<\/p>\n<p>Pots llegir un\u00a0<a href=\"https:\/\/webs.uab.cat\/easit\/ca\/content\/easy-summary-output-2\"><strong><u>resum f\u00e0cil de comprendre del Resultat 2<\/u><\/strong><\/a>.<\/p>\n<p><br>\n  <a href=\"https:\/\/webs.uab.cat\/easit\/wp-content\/uploads\/sites\/159\/2022\/09\/easit-website-output2-ca.mp3\"><img loading=\"lazy\" decoding=\"async\" alt=\"Descarregar MP3\" height=\"22\" src=\"https:\/\/webs.uab.cat\/easit\/wp-content\/uploads\/sites\/159\/2018\/09\/file-music-download-audio-mp3-sound-44525_1-e1662452321417.png\" width=\"23\"><\/a><\/p>\n<p>&nbsp;<\/p>\n<p><strong>Resultat 2.\u00a0\u200bRecomanacions<\/strong><\/p>\n<p>\u00a0<\/p>\n<p>Les\u00a0<strong>recomanacions<\/strong>\u00a0s\u00f3n un seguit de consells.<\/p>\n<p>Les recomanacions ajuden la gent a fer coses<\/p>\n<p>de la mateixa manera i de la manera correcta.<\/p>\n<p>Les recomanacions de vegades costen d&rsquo;entendre.<\/p>\n<p>Algunes persones poden necessitar l&rsquo;ajuda d&rsquo;una persona de suport<\/p>\n<p>quan les llegeixen per primera vegada.<\/p>\n<p>\u00a0<\/p>\n<p>Les persones que fan les recomanacions s&rsquo;anomenen experts.<\/p>\n<p>Els\u00a0<strong>experts<\/strong>\u00a0s\u00f3n persones que saben moltes coses d&rsquo;un tema concret.<\/p>\n<p>Per exemple, els experts saben com fer<\/p>\n<p>que la informaci\u00f3 sigui f\u00e0cil de comprendre.<\/p>\n<p>Parlarem amb aquests experts<\/p>\n<p>sobre com fer que la informaci\u00f3 audiovisual sigui f\u00e0cil de comprendre.<\/p>\n<p>\u00a0<\/p>\n<p>Llavors, crearem recomanacions<\/p>\n<p>per crear informaci\u00f3 audiovisual<\/p>\n<p>que sigui f\u00e0cil de comprendre.\u00a0<\/p>\n<p>\u00a0<\/p>\n<p>La informaci\u00f3 audiovisual \u00e9s la informaci\u00f3<\/p>\n<p>que pots veure i sentir alhora.<\/p>\n<p>Per exemple, la informaci\u00f3 de la televisi\u00f3<\/p>\n<p>o v\u00eddeos com els de YouTube.<\/p>\n<p>Tothom pot fer servir les recomanacions<\/p>\n<p>per crear informaci\u00f3 audiovisual.<\/p>\n<p>\u00a0<\/p>\n<p>Si vols saber m\u00e9s coses sobre les recomanacions,<\/p>\n<p>pots enviar-li un correu electr\u00f2nic\u00a0a Roc\u00edo Bernab\u00e9.<\/p>\n<p>Roc\u00edo Bernab\u00e9 ha escrit aquesta informaci\u00f3.<\/p>\n<p>Ella est\u00e0 al c\u00e0rrec d&rsquo;aquest resultat.<\/p>\n<p>La seva adre\u00e7a de correu electr\u00f2nic \u00e9s:\u00a0<u><strong><a href=\"mailto:rocio.bernabe@sdi-muenchen.de\">rocio.bernabe@sdi-muenchen.de<\/a><\/strong><\/u><\/p>\n<\/div>\n","protected":false},"excerpt":{"rendered":"<p>Escoltar &nbsp; Pots descarregar el Resultat 2\u00a0aqu\u00ed. &nbsp; Destinataris principals: professionals i estudiosos en l&rsquo;\u00e0mbit dels continguts f\u00e0cils de comprendre. \u00a0 Pots llegir un\u00a0resum f\u00e0cil de comprendre del Resultat 2. &nbsp; Resultat 2.\u00a0\u200bRecomanacions \u00a0 Les\u00a0recomanacions\u00a0s\u00f3n un seguit de consells. Les recomanacions ajuden la gent a fer coses de la mateixa manera i de la manera [&hellip;]<\/p>\n","protected":false},"author":20,"featured_media":0,"parent":0,"menu_order":0,"comment_status":"closed","ping_status":"closed","template":"","meta":{"footnotes":""},"class_list":["post-141","page","type-page","status-publish","hentry"],"_links":{"self":[{"href":"https:\/\/webs.uab.cat\/easit\/wp-json\/wp\/v2\/pages\/141","targetHints":{"allow":["GET"]}}],"collection":[{"href":"https:\/\/webs.uab.cat\/easit\/wp-json\/wp\/v2\/pages"}],"about":[{"href":"https:\/\/webs.uab.cat\/easit\/wp-json\/wp\/v2\/types\/page"}],"author":[{"embeddable":true,"href":"https:\/\/webs.uab.cat\/easit\/wp-json\/wp\/v2\/users\/20"}],"replies":[{"embeddable":true,"href":"https:\/\/webs.uab.cat\/easit\/wp-json\/wp\/v2\/comments?post=141"}],"version-history":[{"count":4,"href":"https:\/\/webs.uab.cat\/easit\/wp-json\/wp\/v2\/pages\/141\/revisions"}],"predecessor-version":[{"id":4147,"href":"https:\/\/webs.uab.cat\/easit\/wp-json\/wp\/v2\/pages\/141\/revisions\/4147"}],"wp:attachment":[{"href":"https:\/\/webs.uab.cat\/easit\/wp-json\/wp\/v2\/media?parent=141"}],"curies":[{"name":"wp","href":"https:\/\/api.w.org\/{rel}","templated":true}]}}