{"id":142,"date":"2018-09-25T08:42:45","date_gmt":"2018-09-25T08:42:45","guid":{"rendered":"https:\/\/webs.uab.cat\/easit\/resultat-3\/"},"modified":"2024-06-19T11:40:04","modified_gmt":"2024-06-19T11:40:04","slug":"resultat-3","status":"publish","type":"page","link":"https:\/\/webs.uab.cat\/easit\/resultat-3\/","title":{"rendered":"Resultat 3"},"content":{"rendered":"\n<script src=\"https:\/\/cdn-eu.readspeaker.com\/script\/10610\/webReader\/webReader.js?pids=wr\" type=\"text\/javascript\" id=\"rs_req_Init\"><\/script>\n\n\n<div class=\"rs_skip rsbtn rs_preserve\" id=\"readspeaker_button1\">\n  <a rel=\"nofollow\" class=\"rsbtn_play\" title=\"Escolteu aquesta plana utilitzant ReadSpeaker webReader\" href=\"https:\/\/app-eu.readspeaker.com\/cgi-bin\/rsent?customerid=10610&amp;lang=ca_es&amp;readid=READIDresul3CA&amp;url=https:\/\/webs.uab.cat\/easit\/resultat-3\/\">\n  <span class=\"rsbtn_left rsimg rspart\"><span class=\"rsbtn_text\"><span>Escoltar<\/span><\/span><\/span>\n        <span class=\"rsbtn_right rsimg rsplay rspart\"><\/span>\n    <\/a>\n<\/div><p>&nbsp;<\/p>\n<div id=\"READIDresul3CA\">\n<p>Pots descarregar el Resultat 3\u00a0<strong><u><a href=\"https:\/\/ddd.uab.cat\/record\/213085\">aqu\u00ed<\/a><\/u><\/strong>.<\/p>\n<p>\u00a0<\/p>\n<p>Destinataris principals:<\/p>\n<p>professionals i estudiosos<\/p>\n<p>en l&rsquo;\u00e0mbit dels continguts<\/p>\n<p>f\u00e0cils de comprendre.<\/p>\n<p>\u00a0<\/p>\n<p>Pots llegir un\u00a0<strong><u><a href=\"https:\/\/webs.uab.cat\/easit\/ca\/content\/easy-summary-output-3\">resum f\u00e0cil de comprendre del Resultat 3<\/a><\/u><\/strong>.<\/p>\n<p><br>\n  <a href=\"https:\/\/webs.uab.cat\/easit\/wp-content\/uploads\/sites\/159\/2022\/09\/easit-website-output3-ca.mp3\"><img loading=\"lazy\" decoding=\"async\" alt=\"Descarregar MP3\" height=\"23\" src=\"https:\/\/webs.uab.cat\/easit\/wp-content\/uploads\/sites\/159\/2018\/09\/file-music-download-audio-mp3-sound-44525_1-e1662452321417.png\" width=\"27\"><\/a><\/p>\n<p>&nbsp;<\/p>\n<p><strong>Resultat 3. El que els experts han de saber<\/strong><\/p>\n<p>\u00a0<\/p>\n<p>Les<strong>\u00a0habilitats<\/strong>\u00a0s\u00f3n les capacitats\u00a0<\/p>\n<p>que ajuden la gent a fer coses.<\/p>\n<p>Farem una llista de les habilitats<\/p>\n<p>dels experts que fan informaci\u00f3 f\u00e0cil de comprendre.<\/p>\n<p>\u00a0<\/p>\n<p>La informaci\u00f3 f\u00e0cil de comprendre pot ser material impr\u00e8s o audiovisual.<\/p>\n<p>El material audiovisual \u00e9s el material<\/p>\n<p>que pots veure i sentir alhora.<\/p>\n<p>Per exemple, la informaci\u00f3 de la televisi\u00f3<\/p>\n<p>o v\u00eddeos com els de\u00a0YouTube.<\/p>\n<p>\u00a0<\/p>\n<p>Aprendrem coses dels\u00a0resultats del\u00a0projecte.<\/p>\n<p>Decidirem si necessitem un tipus de professionals o diversos.<\/p>\n<p>Treballarem amb audiodescriptors i subtituladors.<\/p>\n<p>\u00a0<\/p>\n<p>Si vols saber m\u00e9s coses sobre les habilitats,<\/p>\n<p>pots enviar-li un correu electr\u00f2nic a Pablo Romero Fresco.<\/p>\n<p>\u00a0<\/p>\n<p>Pablo Romero Fresco ha escrit aquesta informaci\u00f3.<\/p>\n<p>Ell est\u00e0 al c\u00e0rrec d&rsquo;aquest resultat.<\/p>\n<p>La seva adre\u00e7a de correu electr\u00f2nic \u00e9s:\u00a0<strong><u><a href=\"mailto:promero@uvigo.es\">promero@uvigo.es<\/a><\/u><\/strong><\/p>\n<\/div>\n","protected":false},"excerpt":{"rendered":"<p>Escoltar &nbsp; Pots descarregar el Resultat 3\u00a0aqu\u00ed. \u00a0 Destinataris principals: professionals i estudiosos en l&rsquo;\u00e0mbit dels continguts f\u00e0cils de comprendre. \u00a0 Pots llegir un\u00a0resum f\u00e0cil de comprendre del Resultat 3. &nbsp; Resultat 3. El que els experts han de saber \u00a0 Les\u00a0habilitats\u00a0s\u00f3n les capacitats\u00a0 que ajuden la gent a fer coses. Farem una llista de [&hellip;]<\/p>\n","protected":false},"author":20,"featured_media":0,"parent":0,"menu_order":0,"comment_status":"closed","ping_status":"closed","template":"","meta":{"footnotes":""},"class_list":["post-142","page","type-page","status-publish","hentry"],"_links":{"self":[{"href":"https:\/\/webs.uab.cat\/easit\/wp-json\/wp\/v2\/pages\/142","targetHints":{"allow":["GET"]}}],"collection":[{"href":"https:\/\/webs.uab.cat\/easit\/wp-json\/wp\/v2\/pages"}],"about":[{"href":"https:\/\/webs.uab.cat\/easit\/wp-json\/wp\/v2\/types\/page"}],"author":[{"embeddable":true,"href":"https:\/\/webs.uab.cat\/easit\/wp-json\/wp\/v2\/users\/20"}],"replies":[{"embeddable":true,"href":"https:\/\/webs.uab.cat\/easit\/wp-json\/wp\/v2\/comments?post=142"}],"version-history":[{"count":3,"href":"https:\/\/webs.uab.cat\/easit\/wp-json\/wp\/v2\/pages\/142\/revisions"}],"predecessor-version":[{"id":4139,"href":"https:\/\/webs.uab.cat\/easit\/wp-json\/wp\/v2\/pages\/142\/revisions\/4139"}],"wp:attachment":[{"href":"https:\/\/webs.uab.cat\/easit\/wp-json\/wp\/v2\/media?parent=142"}],"curies":[{"name":"wp","href":"https:\/\/api.w.org\/{rel}","templated":true}]}}