{"id":144,"date":"2018-09-25T08:42:53","date_gmt":"2018-09-25T08:42:53","guid":{"rendered":"https:\/\/webs.uab.cat\/easit\/resultat-5\/"},"modified":"2024-06-19T11:41:07","modified_gmt":"2024-06-19T11:41:07","slug":"resultat-5","status":"publish","type":"page","link":"https:\/\/webs.uab.cat\/easit\/resultat-5\/","title":{"rendered":"Resultat 5"},"content":{"rendered":"\n<script src=\"https:\/\/cdn-eu.readspeaker.com\/script\/10610\/webReader\/webReader.js?pids=wr\" type=\"text\/javascript\" id=\"rs_req_Init\"><\/script>\n\n\n<div class=\"rs_skip rsbtn rs_preserve\" id=\"readspeaker_button1\">\n  <a rel=\"nofollow\" class=\"rsbtn_play\" title=\"Escolteu aquesta plana utilitzant ReadSpeaker webReader\" href=\"https:\/\/app-eu.readspeaker.com\/cgi-bin\/rsent?customerid=10610&amp;lang=ca_es&amp;readid=READIDres5CA&amp;url=https:\/\/webs.uab.cat\/easit\/resultat-5\/\">\n  <span class=\"rsbtn_left rsimg rspart\"><span class=\"rsbtn_text\"><span>Escoltar<\/span><\/span><\/span>\n        <span class=\"rsbtn_right rsimg rsplay rspart\"><\/span>\n    <\/a>\n<\/div><p>&nbsp;<\/p>\n<div id=\"READIDres5CA\">\n<p>Pots descarregar el Resultat 5\u00a0<strong><u><a href=\"http:\/\/ddd.uab.cat\/record\/248286\">aqu\u00ed<\/a><\/u><\/strong>.<\/p>\n<p>\u00a0<\/p>\n<p>Destinataris principals:<\/p>\n<p>formadors.<\/p>\n<p>Els continguts educatius<\/p>\n<p>poden ser \u00fatils per als formadors,<\/p>\n<p>els professionals i els estudiants autodidactes.<\/p>\n<p>\u00a0<\/p>\n<p>Pots llegir un\u00a0<strong><u><a href=\"https:\/\/webs.uab.cat\/easit\/ca\/content\/easy-summary-output-5\">resum f\u00e0cil de comprendre del Resultat 5<\/a><\/u><\/strong>.<\/p>\n<p><br>\n  <a href=\"https:\/\/webs.uab.cat\/easit\/wp-content\/uploads\/sites\/159\/2022\/09\/easit-website-output5-ca.mp3\"><img loading=\"lazy\" decoding=\"async\" alt=\"Descarregar MP3\" height=\"25\" src=\"https:\/\/webs.uab.cat\/easit\/wp-content\/uploads\/sites\/159\/2018\/09\/file-music-download-audio-mp3-sound-44525_1-e1662452321417.png\" width=\"27\"><\/a><\/p>\n<p>&nbsp;<\/p>\n<p><strong>Resultat 5. Materials docents<\/strong><\/p>\n<p>EASIT crear\u00e0<strong>\u00a0materials docents<\/strong>.<\/p>\n<p>&nbsp;<\/p>\n<p>Els materials docents poden ser<\/p>\n<p>v\u00eddeos o\u00a0documents.<\/p>\n<p>&nbsp;<\/p>\n<p>Els materials docents explicaran<\/p>\n<p>com escriure<\/p>\n<p>i com adaptar<\/p>\n<p>contingut f\u00e0cil de comprendre.<\/p>\n<p>\u00a0<\/p>\n<p>Els materials docents estaran en diferents idiomes.<\/p>\n<p>Per exemple, en catal\u00e0, angl\u00e8s, itali\u00e0, gallec, alemany,<\/p>\n<p>espanyol, eslov\u00e8\u00a0i\u00a0suec.<\/p>\n<p>\u00a0<\/p>\n<p>Els materials docents\u00a0seran gratu\u00efts.<\/p>\n<p>Tothom podr\u00e0 fer servir els materials docents.<\/p>\n<p>Per exemple, la gent podr\u00e0\u00a0fer servir els materials docents:\u00a0<\/p>\n<ul>\n  <li>en un curs a la universitat<\/li>\n<\/ul>\n<ul>\n  <li>en un curs en una associaci\u00f3<\/li>\n<\/ul>\n<ul>\n  <li>a casa<\/li>\n<\/ul>\n<p>\u00a0<\/p>\n<p>Si vols saber m\u00e9s coses sobre els materials docents,<\/p>\n<p>pots enviar-li un correu electr\u00f2nic\u00a0a Anna Matamala.<\/p>\n<p>Anna Matamala ha escrit aquesta informaci\u00f3.<\/p>\n<p>Ella est\u00e0 al c\u00e0rrec d&rsquo;aquest resultat.<\/p>\n<p>La seva adre\u00e7a de correu electr\u00f2nic \u00e9s:\u00a0<strong><u><a href=\"mailto:anna.matamala@uab.cat\">anna.matamala@uab.cat<\/a><\/u><\/strong><\/p>\n<\/div>\n","protected":false},"excerpt":{"rendered":"<p>Escoltar &nbsp; Pots descarregar el Resultat 5\u00a0aqu\u00ed. \u00a0 Destinataris principals: formadors. Els continguts educatius poden ser \u00fatils per als formadors, els professionals i els estudiants autodidactes. \u00a0 Pots llegir un\u00a0resum f\u00e0cil de comprendre del Resultat 5. &nbsp; Resultat 5. Materials docents EASIT crear\u00e0\u00a0materials docents. &nbsp; Els materials docents poden ser v\u00eddeos o\u00a0documents. &nbsp; Els materials [&hellip;]<\/p>\n","protected":false},"author":20,"featured_media":0,"parent":0,"menu_order":0,"comment_status":"closed","ping_status":"closed","template":"","meta":{"footnotes":""},"class_list":["post-144","page","type-page","status-publish","hentry"],"_links":{"self":[{"href":"https:\/\/webs.uab.cat\/easit\/wp-json\/wp\/v2\/pages\/144","targetHints":{"allow":["GET"]}}],"collection":[{"href":"https:\/\/webs.uab.cat\/easit\/wp-json\/wp\/v2\/pages"}],"about":[{"href":"https:\/\/webs.uab.cat\/easit\/wp-json\/wp\/v2\/types\/page"}],"author":[{"embeddable":true,"href":"https:\/\/webs.uab.cat\/easit\/wp-json\/wp\/v2\/users\/20"}],"replies":[{"embeddable":true,"href":"https:\/\/webs.uab.cat\/easit\/wp-json\/wp\/v2\/comments?post=144"}],"version-history":[{"count":3,"href":"https:\/\/webs.uab.cat\/easit\/wp-json\/wp\/v2\/pages\/144\/revisions"}],"predecessor-version":[{"id":4141,"href":"https:\/\/webs.uab.cat\/easit\/wp-json\/wp\/v2\/pages\/144\/revisions\/4141"}],"wp:attachment":[{"href":"https:\/\/webs.uab.cat\/easit\/wp-json\/wp\/v2\/media?parent=144"}],"curies":[{"name":"wp","href":"https:\/\/api.w.org\/{rel}","templated":true}]}}