{"id":236,"date":"2018-09-03T15:14:42","date_gmt":"2018-09-03T15:14:42","guid":{"rendered":"https:\/\/webs.uab.cat\/easit\/inici\/"},"modified":"2024-06-18T07:08:12","modified_gmt":"2024-06-18T07:08:12","slug":"inici","status":"publish","type":"page","link":"https:\/\/webs.uab.cat\/easit\/","title":{"rendered":"Inici"},"content":{"rendered":"\n<script src=\"https:\/\/cdn-eu.readspeaker.com\/script\/10610\/webReader\/webReader.js?pids=wr\" type=\"text\/javascript\" id=\"rs_req_Init\"><\/script>\n\n\n<div class=\"rs_skip rsbtn rs_preserve\" id=\"readspeaker_button1\">\n    <a rel=\"nofollow\" class=\"rsbtn_play\" title=\"Escolteu aquesta plana utilitzant ReadSpeaker webReader\" href=\"https:\/\/app-eu.readspeaker.com\/cgi-bin\/rsent?customerid=10610&amp;lang=ca_es&amp;readid=READIDeasitiniciCA&amp;url=https:\/\/webs.uab.cat\/easit\/\">\n        <span class=\"rsbtn_left rsimg rspart\"><span class=\"rsbtn_text\"><span>Escoltar<\/span><\/span><\/span>\n        <span class=\"rsbtn_right rsimg rsplay rspart\"><\/span>\n    <\/a>\n<\/div><p>&nbsp;<\/p>\n<div id=\"READIDeasitiniciCA\">\n<p>EASIT \u00e9s un\u00a0projecte sobre com fer<\/p>\n<p>que la informaci\u00f3 sigui\u00a0<strong>f\u00e0cil de comprendre<\/strong>.<\/p>\n<p>Pots fer que la informaci\u00f3 sigui f\u00e0cil de comprendre<\/p>\n<p>fent servir llenguatge de Lectura F\u00e0cil<\/p>\n<p>i Llenguatge Planer.<\/p><p>&nbsp;<\/p>\n<p>EASIT \u00e9s la forma abreujada<\/p>\n<p>d&rsquo;<strong>E<\/strong>asy\u00a0<strong>A<\/strong>ccess for\u00a0<strong>S<\/strong>ocial\u00a0<strong>I<\/strong>nclusion\u00a0<strong>T<\/strong>raining,<\/p>\n<p>que vol dir Formaci\u00f3 en Acc\u00e9s F\u00e0cil per a la\u00a0Inclusi\u00f3 Social.<\/p><p>&nbsp;<\/p>\n<p>El projecte va comen\u00e7ar l&rsquo;1 de setembre del 2018<\/p>\n<p>i s&rsquo;acabar\u00e0 el\u00a031 d&rsquo;agost del 2021.<\/p><p>&nbsp;<\/p>\n<p>Aquest\u00a0lloc\u00a0web est\u00e0 escrit en\u00a0Lectura F\u00e0cil.<\/p>\n<p>La Lectura F\u00e0cil \u00e9s fer\u00a0que la informaci\u00f3<\/p>\n<p>sigui f\u00e0cil de comprendre.<\/p><p>&nbsp;<\/p>\n<p>Per\u00f2 algunes paraules s\u00f3n dif\u00edcils\u00a0d&rsquo;entendre.<\/p>\n<p>Hem posat les paraules dif\u00edcils en\u00a0<strong>negreta<\/strong><\/p>\n<p>i les hem explicat al text.<\/p><p>&nbsp;<\/p>\n<p>A\u00a0EASIT\u00a0crearem materials<\/p>\n<p>per formar els\u00a0experts\u00a0en com fer<\/p>\n<p>informaci\u00f3\u00a0f\u00e0cil de comprendre.<\/p>\n<p>Llavors els experts crearan<\/p>\n<p><strong>informaci\u00f3\u00a0audiovisual\u00a0<\/strong>f\u00e0cil de comprendre.<\/p>\n<p>La informaci\u00f3 audiovisual \u00e9s la informaci\u00f3\u00a0<\/p>\n<p>que pots veure i sentir alhora.\u00a0<\/p>\n<p>Per exemple, la informaci\u00f3 de la televisi\u00f3\u00a0<\/p>\n<p>o\u00a0v\u00eddeos com els de\u00a0YouTube.<\/p><p>&nbsp;<\/p>\n<p>Aquest lloc web inclou informaci\u00f3 sobre:<\/p>\n<ul>\n  <li>les persones que treballen en el projecte<\/li>\n  <li>els resultats que tindr\u00e0 el projecte<\/li>\n  <li>els actes que organitzar\u00e0\u00a0el projecte<\/li>\n  <li>les not\u00edcies del projecte<\/li>\n  <li>com posar-te en contacte amb nosaltres<\/li>\n<\/ul><p>&nbsp;<\/p>\n<p>Per accedir a la informaci\u00f3\u00a0pots:<\/p>\n<ul>\n  <li>fer servir els enlla\u00e7os<\/li>\n  <li>fer servir el men\u00fa\u00a0de dalt de la p\u00e0gina<\/li>\n<\/ul><p>&nbsp;<\/p>\n<p>EASIT \u00e9s un projecte europeu.<\/p>\n<p>El codi del projecte \u00e9s 2018-1-ES01-KA203-050275.<\/p>\n<p>Si vols fer alguna pregunta,\u00a0<\/p>\n<p>pots fer-la a Anna Matamala.<\/p>\n<p>&nbsp;<\/p>\n<p>Anna Matamala est\u00e0 al c\u00e0rrec del projecte.<\/p>\n<p>Ella \u00e9s la\u00a0<strong>coordinadora del projecte<\/strong>.<\/p>\n<p>La seva adre\u00e7a de correu electr\u00f2nic \u00e9s:\u00a0<u><strong><a href=\"mailto:anna.matamala@uab.cat\">anna.matamala@uab.cat<\/a><\/strong><\/u><\/p>\n<\/div>\n","protected":false},"excerpt":{"rendered":"<p>Escoltar &nbsp; EASIT \u00e9s un\u00a0projecte sobre com fer que la informaci\u00f3 sigui\u00a0f\u00e0cil de comprendre. Pots fer que la informaci\u00f3 sigui f\u00e0cil de comprendre fent servir llenguatge de Lectura F\u00e0cil i Llenguatge Planer. &nbsp; EASIT \u00e9s la forma abreujada d&rsquo;Easy\u00a0Access for\u00a0Social\u00a0Inclusion\u00a0Training, que vol dir Formaci\u00f3 en Acc\u00e9s F\u00e0cil per a la\u00a0Inclusi\u00f3 Social. &nbsp; El projecte va [&hellip;]<\/p>\n","protected":false},"author":20,"featured_media":0,"parent":0,"menu_order":0,"comment_status":"closed","ping_status":"closed","template":"","meta":{"footnotes":""},"class_list":["post-236","page","type-page","status-publish","hentry"],"_links":{"self":[{"href":"https:\/\/webs.uab.cat\/easit\/wp-json\/wp\/v2\/pages\/236","targetHints":{"allow":["GET"]}}],"collection":[{"href":"https:\/\/webs.uab.cat\/easit\/wp-json\/wp\/v2\/pages"}],"about":[{"href":"https:\/\/webs.uab.cat\/easit\/wp-json\/wp\/v2\/types\/page"}],"author":[{"embeddable":true,"href":"https:\/\/webs.uab.cat\/easit\/wp-json\/wp\/v2\/users\/20"}],"replies":[{"embeddable":true,"href":"https:\/\/webs.uab.cat\/easit\/wp-json\/wp\/v2\/comments?post=236"}],"version-history":[{"count":55,"href":"https:\/\/webs.uab.cat\/easit\/wp-json\/wp\/v2\/pages\/236\/revisions"}],"predecessor-version":[{"id":4500,"href":"https:\/\/webs.uab.cat\/easit\/wp-json\/wp\/v2\/pages\/236\/revisions\/4500"}],"wp:attachment":[{"href":"https:\/\/webs.uab.cat\/easit\/wp-json\/wp\/v2\/media?parent=236"}],"curies":[{"name":"wp","href":"https:\/\/api.w.org\/{rel}","templated":true}]}}