{"id":313,"date":"2018-12-11T12:45:03","date_gmt":"2018-12-11T12:45:03","guid":{"rendered":"https:\/\/webs.uab.cat\/easit\/assessors\/"},"modified":"2024-06-19T11:07:27","modified_gmt":"2024-06-19T11:07:27","slug":"assessors","status":"publish","type":"page","link":"https:\/\/webs.uab.cat\/easit\/assessors\/","title":{"rendered":"Assessors"},"content":{"rendered":"\n<script src=\"https:\/\/cdn-eu.readspeaker.com\/script\/10610\/webReader\/webReader.js?pids=wr\" type=\"text\/javascript\" id=\"rs_req_Init\"><\/script>\n\n\n<div class=\"rs_skip rsbtn rs_preserve\" id=\"readspeaker_button1\">\n  <a rel=\"nofollow\" class=\"rsbtn_play\" title=\"Escolteu aquesta plana utilitzant ReadSpeaker webReader\" href=\"https:\/\/app-eu.readspeaker.com\/cgi-bin\/rsent?customerid=10610&amp;lang=ca_es&amp;readid=READIDassessorsCA&amp;url=https:\/\/webs.uab.cat\/easit\/assessors\/\">\n  <span class=\"rsbtn_left rsimg rspart\"><span class=\"rsbtn_text\"><span>Escoltar<\/span><\/span><\/span>\n        <span class=\"rsbtn_right rsimg rsplay rspart\"><\/span>\n    <\/a>\n<\/div><p>&nbsp;<\/p>\n<div id=\"READIDassessorsCA\">\n<p><strong>Assessors<\/strong><\/p>\n<p>6\u00a0<strong>assessors<\/strong>\u00a0col\u00b7laboren\u00a0en el projecte\u00a0EASIT.<\/p>\n<p>Els assessors s\u00f3n\u00a0experts que no treballen en el projecte.<\/p>\n<p>Fan un seguiment del projecte i ens donen la seva opini\u00f3.<\/p><p>&nbsp;<\/p>\n<p>Els assessors s\u00f3n:<\/p>\n<ul>\n  <li>\u00c5sa Wengelin, de la Universitat de Gothenburg, a Su\u00e8cia<\/li>\n  <li>Carlo Eugeni, de SSML-Pisa, a It\u00e0lia<\/li>\n  <li>Clara Delgado Santos, de CEAPAT-IMSERSO, a Espanya<\/li>\n  <li>Iwona Mazur, de la Universitat\u00a0Adam Mickiewicz, a Pol\u00f2nia<\/li>\n  <li>Leealaura Leskel\u00e4, del Centre Fin\u00e8s per a la Lectura F\u00e0cil, a Finl\u00e0ndia<\/li>\n  <li>\u00d3scar Garc\u00eda Mu\u00f1oz, de Plena Inclusi\u00f3n Madrid, a Espanya<\/li>\n<\/ul><p>&nbsp;<\/p>\n<p>Anna Matamala ha escrit aquesta informaci\u00f3.<\/p>\n<p>Si vols saber m\u00e9s coses sobre els assessors,<\/p>\n<p>pots enviar-li un correu electr\u00f2nic a Anna Matamala.<\/p>\n<p>La\u00a0seva adre\u00e7a de correu electr\u00f2nic \u00e9s:\u00a0<a href=\"mailto:anna.matamala@uab.cat\">anna.matamala@uab.cat<\/a><\/p>\n<\/div>\n","protected":false},"excerpt":{"rendered":"<p>Escoltar &nbsp; Assessors 6\u00a0assessors\u00a0col\u00b7laboren\u00a0en el projecte\u00a0EASIT. Els assessors s\u00f3n\u00a0experts que no treballen en el projecte. Fan un seguiment del projecte i ens donen la seva opini\u00f3. &nbsp; Els assessors s\u00f3n: \u00c5sa Wengelin, de la Universitat de Gothenburg, a Su\u00e8cia Carlo Eugeni, de SSML-Pisa, a It\u00e0lia Clara Delgado Santos, de CEAPAT-IMSERSO, a Espanya Iwona Mazur, de [&hellip;]<\/p>\n","protected":false},"author":20,"featured_media":0,"parent":0,"menu_order":0,"comment_status":"closed","ping_status":"closed","template":"","meta":{"footnotes":""},"class_list":["post-313","page","type-page","status-publish","hentry"],"_links":{"self":[{"href":"https:\/\/webs.uab.cat\/easit\/wp-json\/wp\/v2\/pages\/313","targetHints":{"allow":["GET"]}}],"collection":[{"href":"https:\/\/webs.uab.cat\/easit\/wp-json\/wp\/v2\/pages"}],"about":[{"href":"https:\/\/webs.uab.cat\/easit\/wp-json\/wp\/v2\/types\/page"}],"author":[{"embeddable":true,"href":"https:\/\/webs.uab.cat\/easit\/wp-json\/wp\/v2\/users\/20"}],"replies":[{"embeddable":true,"href":"https:\/\/webs.uab.cat\/easit\/wp-json\/wp\/v2\/comments?post=313"}],"version-history":[{"count":2,"href":"https:\/\/webs.uab.cat\/easit\/wp-json\/wp\/v2\/pages\/313\/revisions"}],"predecessor-version":[{"id":4124,"href":"https:\/\/webs.uab.cat\/easit\/wp-json\/wp\/v2\/pages\/313\/revisions\/4124"}],"wp:attachment":[{"href":"https:\/\/webs.uab.cat\/easit\/wp-json\/wp\/v2\/media?parent=313"}],"curies":[{"name":"wp","href":"https:\/\/api.w.org\/{rel}","templated":true}]}}