{"id":339,"date":"2020-04-15T21:45:48","date_gmt":"2020-04-15T21:45:48","guid":{"rendered":"https:\/\/webs.uab.cat\/easit\/event-3-presentations\/"},"modified":"2020-04-15T21:45:48","modified_gmt":"2020-04-15T21:45:48","slug":"event-3-presentations","status":"publish","type":"page","link":"https:\/\/webs.uab.cat\/easit\/event-3-presentations\/","title":{"rendered":"Event 3 presentations"},"content":{"rendered":"<p><script src=\"\/\/cdn1.readspeaker.com\/script\/10610\/webReader\/webReader.js?pids=wr\" type=\"text\/javascript\"><\/script><\/p>\n<div class=\"rs_skip rsbtn rs_preserve\" id=\"readspeaker_button1\"><span style=\"font-size:20px;\"><span style=\"font-family:verdana,geneva,sans-serif;\"><u><strong><a accesskey=\"L\" class=\"rsbtn_play\" href=\"\/\/app-eu.readspeaker.com\/cgi-bin\/rsent?customerid=10610&amp;lang=en_uk&amp;readid=EVENT2Presentations&amp;url=http:\/\/pagines.uab.cat\/easit\/en\/content\/event-3-presentations\" rel=\"nofollow\" title=\"Listen to this page using ReadSpeaker webReader\"><span class=\"rsbtn_left rsimg rspart\"><span class=\"rsbtn_text\">Listen<\/span><\/span> <\/a><\/strong><\/u><\/span><\/span><\/div>\n<div id=\"EVENT2Presentations\">\n<p><span style=\"font-size:20px;\"><span style=\"font-family:verdana,geneva,sans-serif;\">These are the presentations from Event 3:<\/span><\/span><br \/>\n&nbsp;<\/p>\n<ul>\n<li><span style=\"font-size:20px;\"><span style=\"font-family:verdana,geneva,sans-serif;\"><u><strong><a href=\"http:\/\/pagines.uab.cat\/easit\/sites\/pagines.uab.cat.easit\/files\/01.easit_overview.pdf\">EASIT project: an overview\u200b<\/a><\/strong><\/u><\/span><\/span><\/li>\n<\/ul>\n<p class=\"rteindent1\"><span style=\"font-size:20px;\"><span style=\"font-family:verdana,geneva,sans-serif;\"><u><strong><a href=\"http:\/\/pagines.uab.cat\/easit\/sites\/pagines.uab.cat.easit\/files\/01.easit_overview.pdf\">\u200b<\/a><\/strong><\/u>by Prof. Christiane Maa\u00df<\/span><\/span><\/p>\n<p class=\"rteindent1\"><span style=\"font-size:20px;\"><span style=\"font-family:verdana,geneva,sans-serif;\">and Sergio Hern\u00e1ndez Garrido.<\/span><\/span><\/p>\n<p class=\"rteindent1\"><span style=\"font-size:20px;\"><span style=\"font-family:verdana,geneva,sans-serif;\">\u200bWatch video.<\/span><\/span><\/p>\n<p>&nbsp;<\/p>\n<ul>\n<li><span style=\"font-size:20px;\"><span style=\"font-family:verdana,geneva,sans-serif;\"><u><strong><a href=\"http:\/\/pagines.uab.cat\/easit\/sites\/pagines.uab.cat.easit\/files\/02.easit-me3-uvigo-io3_results.pdf\">Results from EASIT, Intellectual Output 3 (IO3)<\/a><\/strong><\/u><\/span><\/span>\n<p><span style=\"font-size:20px;\"><span style=\"font-family:verdana,geneva,sans-serif;\">by Jes\u00fas Meiri\u00f1o <\/span><\/span><\/p>\n<\/li>\n<\/ul>\n<p class=\"rteindent1\"><span style=\"font-size:20px;\"><span style=\"font-family:verdana,geneva,sans-serif;\">and <\/span><\/span><span style=\"font-size:20px;\"><span style=\"font-family:verdana,geneva,sans-serif;\">Prof. Dr. Pablo Romero-Fresco.\u200b<\/span><\/span><\/p>\n<p class=\"rteindent1\"><span style=\"font-size:20px;\"><span style=\"font-family:verdana,geneva,sans-serif;\">Watch video.<\/span><\/span><\/p>\n<p class=\"rteindent1\">&nbsp;<\/p>\n<ul>\n<li><span style=\"font-size:20px;\"><span style=\"font-family:verdana,geneva,sans-serif;\"><u><strong><a href=\"http:\/\/pagines.uab.cat\/easit\/sites\/pagines.uab.cat.easit\/files\/03._maass-hernandez-prasentation-easit-final.pdf\">Results from EASIT, Intellectual Output 4&nbsp;(IO4)<\/a><\/strong><\/u><\/span><\/span><\/li>\n<\/ul>\n<p class=\"rteindent1\"><span style=\"font-family:verdana,geneva,sans-serif;\"><span style=\"font-size:20px;\"><u><strong><a href=\"http:\/\/pagines.uab.cat\/easit\/sites\/pagines.uab.cat.easit\/files\/02.easit-me3-uvigo-io3_results.pdf\">\u200b<\/a><\/strong><\/u>by&nbsp;Prof. Christiane Maa\u00df<\/span><\/span><\/p>\n<p class=\"rteindent1\"><span style=\"font-size:20px;\"><span style=\"font-family:verdana,geneva,sans-serif;\">and Sergio Hern\u00e1ndez Garrido.<\/span><\/span><\/p>\n<p class=\"rteindent1\"><span style=\"font-size:20px;\"><span style=\"font-family:verdana,geneva,sans-serif;\">Watch video.<\/span><\/span><\/p>\n<p class=\"rteindent1\">&nbsp;<\/p>\n<ul>\n<li><a href=\"http:\/\/pagines.uab.cat\/easit\/sites\/pagines.uab.cat.easit\/files\/04._beitrag_burolsexpertengruppe_lhbs.pdf\"><span style=\"font-size:20px;\"><span style=\"font-family:verdana,geneva,sans-serif;\"><strong><u>Leichte Sprache in der Praxis<\/u><\/strong><\/span><\/span><\/a><\/li>\n<\/ul>\n<p class=\"rteindent1\"><span style=\"font-size:20px;\"><span style=\"font-family:verdana,geneva,sans-serif;\">by Alea Stephan.<\/span><\/span><\/p>\n<p class=\"rteindent1\"><span style=\"font-size:20px;\"><span style=\"font-family:verdana,geneva,sans-serif;\">Watch video.<\/span><\/span><\/p>\n<p class=\"rteindent1\">&nbsp;<\/p>\n<ul>\n<li><span style=\"font-size:20px;\"><span style=\"font-family:verdana,geneva,sans-serif;\"><strong><u><a href=\"http:\/\/pagines.uab.cat\/easit\/sites\/pagines.uab.cat.easit\/files\/05._with_difficult_language_we_just_waste.pdf\">Establishing the concept of Easy Finnish<\/a><\/u><\/strong><\/span><\/span><\/li>\n<\/ul>\n<p class=\"rteindent1\"><span style=\"font-size:20px;\"><span style=\"font-family:verdana,geneva,sans-serif;\">by Leealaura Leskel\u00e4.<\/span><\/span><\/p>\n<p class=\"rteindent1\"><span style=\"font-size:20px;\"><span style=\"font-family:verdana,geneva,sans-serif;\">Watch video.<\/span><\/span><\/p>\n<p class=\"rteindent1\">&nbsp;<\/p>\n<ul>\n<li><a href=\"http:\/\/pagines.uab.cat\/easit\/sites\/pagines.uab.cat.easit\/files\/06._hildesheim-all-final.pdf\"><span style=\"font-size:20px;\"><span style=\"font-family:verdana,geneva,sans-serif;\"><strong><u>Project presentations of the research group<\/u><\/strong><\/span><\/span><\/a><\/li>\n<\/ul>\n<p class=\"rteindent1\"><span style=\"font-size:20px;\"><span style=\"font-family:verdana,geneva,sans-serif;\">by Prof. Dr. Silvia Hansen Schirra.<\/span><\/span><\/p>\n<p class=\"rteindent1\"><span style=\"font-size:20px;\"><span style=\"font-family:verdana,geneva,sans-serif;\">Watch video.<\/span><\/span><\/p>\n<p class=\"rteindent1\">&nbsp;<\/p>\n<ul>\n<li><span style=\"font-size:20px;\"><span style=\"font-family:verdana,geneva,sans-serif;\"><strong><u><a href=\"http:\/\/pagines.uab.cat\/easit\/sites\/pagines.uab.cat.easit\/files\/08._easit_hildesheim_13022020.pdf\">Language for all<\/a><\/u><\/strong><\/span><\/span><\/li>\n<\/ul>\n<p class=\"rteindent1\"><span style=\"font-size:20px;\"><span style=\"font-family:verdana,geneva,sans-serif;\">by Prof. Dr. Xavier Moonen.<\/span><\/span><\/p>\n<p class=\"rteindent1\"><span style=\"font-size:20px;\"><span style=\"font-family:verdana,geneva,sans-serif;\">Watch video.<\/span><\/span><\/p>\n<p class=\"rteindent1\">&nbsp;<\/p>\n<ul>\n<li><a href=\"http:\/\/pagines.uab.cat\/easit\/sites\/pagines.uab.cat.easit\/files\/easithildesheim.pdf\"><span style=\"font-size:20px;\"><span style=\"font-family:verdana,geneva,sans-serif;\"><strong><u>Swiss Research Centre<\/u><\/strong><\/span><\/span>&nbsp;<span style=\"font-size:20px;\"><span style=\"font-family:verdana,geneva,sans-serif;\"><strong><u>for Barrier-free Communication<\/u><\/strong><\/span><\/span><\/a><\/li>\n<\/ul>\n<p class=\"rteindent1\"><span style=\"font-size:20px;\"><span style=\"font-family:verdana,geneva,sans-serif;\">by Prof. Dr. Susanne Jekat.<\/span><\/span><\/p>\n<p class=\"rteindent1\"><span style=\"font-size:20px;\"><span style=\"font-family:verdana,geneva,sans-serif;\">Watch video.<\/span><\/span><\/p>\n<p class=\"rteindent1\">&nbsp;<\/p>\n<ul>\n<li><span style=\"font-size:20px;\"><span style=\"font-family:verdana,geneva,sans-serif;\"><strong><u><a href=\"http:\/\/pagines.uab.cat\/easit\/sites\/pagines.uab.cat.easit\/files\/sallai_ilona_eva_horvath_peter_laszlo_easit_20200213.pdf\">Wir unterrichten zusammen an der Universit\u00e4t<\/a><\/u><\/strong><\/span><\/span><\/li>\n<\/ul>\n<p class=\"rteindent1\"><span style=\"font-size:20px;\"><span style=\"font-family:verdana,geneva,sans-serif;\">by Dr. Horv\u00e1rth P\u00e9ter L\u00e1szl\u00f3 <\/span><\/span><\/p>\n<p class=\"rteindent1\"><span style=\"font-size:20px;\"><span style=\"font-family:verdana,geneva,sans-serif;\">and Sallai Ilona.<\/span><\/span><\/p>\n<p class=\"rteindent1\"><span style=\"font-size:20px;\"><span style=\"font-family:verdana,geneva,sans-serif;\">Watch video.<\/span><\/span><\/p>\n<p class=\"rteindent1\">&nbsp;<\/p>\n<ul>\n<li><a href=\"http:\/\/pagines.uab.cat\/easit\/sites\/pagines.uab.cat.easit\/files\/tiina_and_ulla.pdf\"><span style=\"font-size:20px;\"><span style=\"font-family:verdana,geneva,sans-serif;\"><strong><u>Easy Language and Teaching in Finland<\/u><\/strong><\/span><\/span><\/a><\/li>\n<\/ul>\n<p class=\"rteindent1\"><span style=\"font-size:20px;\"><span style=\"font-family:verdana,geneva,sans-serif;\">by Prof. Dr. Tiina Onikki-Rantaj\u00e4\u00e4sk\u00f6<\/span><\/span><\/p>\n<p class=\"rteindent1\"><span style=\"font-size:20px;\"><span style=\"font-family:verdana,geneva,sans-serif;\">and&nbsp;Dr. Ulla Vanhatalo.<\/span><\/span><\/p>\n<p class=\"rteindent1\"><span style=\"font-size:20px;\"><span style=\"font-family:verdana,geneva,sans-serif;\">Watch video.<\/span><\/span><\/p>\n<p class=\"rteindent1\">&nbsp;<\/p>\n<ul>\n<li><u><strong><a href=\"http:\/\/pagines.uab.cat\/easit\/sites\/pagines.uab.cat.easit\/files\/concluding_remarks_final.pdf\"><span style=\"font-size:20px;\"><span style=\"font-family:verdana,geneva,sans-serif;\">Closing remarks<\/span><\/span><\/a><\/strong><\/u><\/li>\n<\/ul>\n<p class=\"rteindent1\"><span style=\"font-size:20px;\"><span style=\"font-family:verdana,geneva,sans-serif;\">by&nbsp;Prof. Christiane Maa\u00df<\/span><\/span><\/p>\n<p class=\"rteindent1\"><span style=\"font-size:20px;\"><span style=\"font-family:verdana,geneva,sans-serif;\">and Sergio Hern\u00e1ndez Garrido.<\/span><\/span><\/p>\n<p class=\"rteindent1\"><span style=\"font-size:20px;\"><span style=\"font-family:verdana,geneva,sans-serif;\">Watch video.<\/span><\/span>\u200b<\/p>\n<\/div>\n","protected":false},"excerpt":{"rendered":"<p>Listen These are the presentations from Event 3: &nbsp; EASIT project: an overview\u200b \u200bby Prof. Christiane Maa\u00df and Sergio Hern\u00e1ndez Garrido. \u200bWatch video. &nbsp; Results from EASIT, Intellectual Output 3 (IO3) by Jes\u00fas Meiri\u00f1o and Prof. Dr. Pablo Romero-Fresco.\u200b Watch video. &nbsp; Results from EASIT, Intellectual Output 4&nbsp;(IO4) \u200bby&nbsp;Prof. Christiane Maa\u00df and Sergio Hern\u00e1ndez Garrido. [&hellip;]<\/p>\n","protected":false},"author":20,"featured_media":0,"parent":0,"menu_order":0,"comment_status":"closed","ping_status":"closed","template":"","meta":{"footnotes":""},"class_list":["post-339","page","type-page","status-publish","hentry"],"_links":{"self":[{"href":"https:\/\/webs.uab.cat\/easit\/wp-json\/wp\/v2\/pages\/339","targetHints":{"allow":["GET"]}}],"collection":[{"href":"https:\/\/webs.uab.cat\/easit\/wp-json\/wp\/v2\/pages"}],"about":[{"href":"https:\/\/webs.uab.cat\/easit\/wp-json\/wp\/v2\/types\/page"}],"author":[{"embeddable":true,"href":"https:\/\/webs.uab.cat\/easit\/wp-json\/wp\/v2\/users\/20"}],"replies":[{"embeddable":true,"href":"https:\/\/webs.uab.cat\/easit\/wp-json\/wp\/v2\/comments?post=339"}],"version-history":[{"count":0,"href":"https:\/\/webs.uab.cat\/easit\/wp-json\/wp\/v2\/pages\/339\/revisions"}],"wp:attachment":[{"href":"https:\/\/webs.uab.cat\/easit\/wp-json\/wp\/v2\/media?parent=339"}],"curies":[{"name":"wp","href":"https:\/\/api.w.org\/{rel}","templated":true}]}}