{"id":340,"date":"2020-05-15T10:01:12","date_gmt":"2020-05-15T10:01:12","guid":{"rendered":"https:\/\/webs.uab.cat\/easit\/disclaimer\/"},"modified":"2020-05-15T10:01:12","modified_gmt":"2020-05-15T10:01:12","slug":"disclaimer","status":"publish","type":"page","link":"https:\/\/webs.uab.cat\/easit\/disclaimer\/","title":{"rendered":"Disclaimer"},"content":{"rendered":"<p class=\"rtejustify\"><span style=\"font-size:16px;\"><span style=\"font-family:verdana,geneva,sans-serif;\"><strong>English<\/strong><\/span><\/span><br \/>\n<span style=\"font-size:16px;\"><span style=\"font-family:verdana,geneva,sans-serif;\">The European Commission support for the production of this publication does not constitute an endorsement of the contents,&nbsp;which reflect the views only of the authors, and the Commission cannot be held responsible for any use which may be made of the information contained therein.<\/p>\n<p><strong>Catal\u00e0<\/strong><br \/>\nEl suport&nbsp;de la Comissi\u00f3&nbsp;Europea per a la producci\u00f3&nbsp;d&#8217;aquesta publicaci\u00f3&nbsp;no constitu<\/span><\/span><span style=\"font-size:16px;\"><span style=\"font-family:verdana,geneva,sans-serif;\">eix una aprovaci\u00f3&nbsp;del contingut, el qual reflecteix&nbsp;\u00fanicament&nbsp;les opinions dels autors, i&nbsp;la Comissi\u00f3&nbsp;no es&nbsp;fa&nbsp;responsable de l&#8217;\u00fas&nbsp;que es pugui fer de la informaci\u00f3&nbsp;que contingui.<\/span><\/span><\/p>\n<p><span style=\"font-size:16px;\"><span style=\"font-family:verdana,geneva,sans-serif;\"><strong>Espa\u00f1ol<\/strong><br \/>\nEl apoyo de la Comisi\u00f3n Europea para la producci\u00f3n de esta publicaci\u00f3n no constituye una aprobaci\u00f3n del contenido, el cual refleja \u00fanicamente las opiniones de los autores, y la Comisi\u00f3n no se hace responsable del uso que pueda hacerse de la informaci\u00f3n contenida en la misma.<\/span><\/span><\/p>\n<p class=\"rtejustify\">\n<span style=\"font-size:16px;\"><span style=\"font-family:verdana,geneva,sans-serif;\"><strong>Deutsch<\/strong><br \/>\nDie Unterst\u00fctzung der Europ\u00e4ischen Kommission f\u00fcr die Erstellung dieser Ver\u00f6ffentlichung stellt keine Billigung des Inhalts dar, welcher nur die Ansichten der Verfasser wiedergibt, und die Kommission kann nicht f\u00fcr eine etwaige Verwendung der darin enthaltenen Informationen haftbar gemacht werden.<\/span><\/span><\/p>\n<p class=\"rtejustify\">\n<span style=\"font-size:16px;\"><span style=\"font-family:verdana,geneva,sans-serif;\"><strong>Italiano<\/strong><br \/>\nIl sostegno della Commissione europea alla produzione di questa pubblicazione non costituisce un&#8217;approvazione del contenuto, che riflette esclusivamente il punto di vista degli autori, e la Commissione non pu\u00f2 essere ritenuta responsabile per l&#8217;uso che pu\u00f2 essere fatto delle informazioni ivi contenute.<\/span><\/span><\/p>\n<p class=\"rtejustify\">\n<span style=\"font-size:16px;\"><span style=\"font-family:verdana,geneva,sans-serif;\"><strong>Sloven\u0161\u010dina<\/strong><br \/>\nPodpora Evropske komisije za pripravo te publikacije ne pomeni potrditve vsebine, ki izra\u017ea le mnenja avtorjev, in Komisija ne more biti odgovorna za kakr\u0161no koli uporabo informacij, ki jih vsebuje.<\/span><\/span><\/p>\n<p class=\"rtejustify\">\n<span style=\"font-size:16px;\"><span style=\"font-family:verdana,geneva,sans-serif;\"><strong>Svenska<\/strong><br \/>\nEuropeiska Kommissionens st\u00f6d \u00e5t framst\u00e4llningen av detta dokument utg\u00f6r inte ett godk\u00e4nnande av dess inneh\u00e5ll, vilket endast \u00e5terspeglar upphovsm\u00e4nnens \u00e5sikter, och Kommissionen kan inte h\u00e5llas ansvarigt f\u00f6r n\u00e5gon anv\u00e4ndning av informationen i det.<\/span><\/span><\/p>\n","protected":false},"excerpt":{"rendered":"<p>English The European Commission support for the production of this publication does not constitute an endorsement of the contents,&nbsp;which reflect the views only of the authors, and the Commission cannot be held responsible for any use which may be made of the information contained therein. Catal\u00e0 El suport&nbsp;de la Comissi\u00f3&nbsp;Europea per a la producci\u00f3&nbsp;d&#8217;aquesta publicaci\u00f3&nbsp;no [&hellip;]<\/p>\n","protected":false},"author":20,"featured_media":0,"parent":0,"menu_order":0,"comment_status":"closed","ping_status":"closed","template":"","meta":{"footnotes":""},"class_list":["post-340","page","type-page","status-publish","hentry"],"_links":{"self":[{"href":"https:\/\/webs.uab.cat\/easit\/wp-json\/wp\/v2\/pages\/340","targetHints":{"allow":["GET"]}}],"collection":[{"href":"https:\/\/webs.uab.cat\/easit\/wp-json\/wp\/v2\/pages"}],"about":[{"href":"https:\/\/webs.uab.cat\/easit\/wp-json\/wp\/v2\/types\/page"}],"author":[{"embeddable":true,"href":"https:\/\/webs.uab.cat\/easit\/wp-json\/wp\/v2\/users\/20"}],"replies":[{"embeddable":true,"href":"https:\/\/webs.uab.cat\/easit\/wp-json\/wp\/v2\/comments?post=340"}],"version-history":[{"count":0,"href":"https:\/\/webs.uab.cat\/easit\/wp-json\/wp\/v2\/pages\/340\/revisions"}],"wp:attachment":[{"href":"https:\/\/webs.uab.cat\/easit\/wp-json\/wp\/v2\/media?parent=340"}],"curies":[{"name":"wp","href":"https:\/\/api.w.org\/{rel}","templated":true}]}}