{"id":381,"date":"2021-07-15T18:29:31","date_gmt":"2021-07-15T18:29:31","guid":{"rendered":"https:\/\/webs.uab.cat\/easit\/easy-summary-output-6\/"},"modified":"2021-07-15T18:35:07","modified_gmt":"2021-07-15T18:35:07","slug":"easy-summary-output-6","status":"publish","type":"page","link":"https:\/\/webs.uab.cat\/easit\/easy-summary-output-6\/","title":{"rendered":"Easy summary of Output 6"},"content":{"rendered":"<p>&nbsp;<\/p>\n<p><strong><span style=\"font-size:20px;\"><span style=\"font-family:verdana,geneva,sans-serif;\">1. Qu\u00e8 hem fet?<\/span><\/span><\/strong><\/p>\n<p><span style=\"font-size:20px;\"><span style=\"font-family:verdana,geneva,sans-serif;\">Un certificat demostra<\/span><\/span><\/p>\n<p><span style=\"font-size:20px;\"><span style=\"font-family:verdana,geneva,sans-serif;\">el que has apr\u00e8s<\/span><\/span><\/p>\n<p><span style=\"font-size:20px;\"><span style=\"font-family:verdana,geneva,sans-serif;\">i qu\u00e8 saps&nbsp;fer.<\/span><\/span><\/p>\n<p>&nbsp;<\/p>\n<p><span style=\"font-size:20px;\"><span style=\"font-family:verdana,geneva,sans-serif;\">A EASIT hem investigat<\/span><\/span><\/p>\n<p><span style=\"font-size:20px;\"><span style=\"font-family:verdana,geneva,sans-serif;\">com podr\u00edem donar un certificat<\/span><\/span><\/p>\n<p><span style=\"font-size:20px;\"><span style=\"font-family:verdana,geneva,sans-serif;\">als experts en llenguatge f\u00e0cil de comprendre<\/span><\/span><\/p>\n<p><span style=\"font-size:20px;\"><span style=\"font-family:verdana,geneva,sans-serif;\">en mitjans audiovisuals.<\/span><\/span><\/p>\n<p>\n<span style=\"font-size:20px;\"><span style=\"font-family:verdana,geneva,sans-serif;\">Hem estudiat com altres projectes<\/span><\/span><\/p>\n<p><span style=\"font-size:20px;\"><span style=\"font-family:verdana,geneva,sans-serif;\">donen&nbsp;certificats.<\/span><\/span><\/p>\n<p>\n<span style=\"font-size:20px;\"><span style=\"font-family:verdana,geneva,sans-serif;\">Hem tingut en compte<\/span><\/span><\/p>\n<p><span style=\"font-size:20px;\"><span style=\"font-family:verdana,geneva,sans-serif;\">les recomanacions<\/span><\/span><\/p>\n<p><span style=\"font-size:20px;\"><span style=\"font-family:verdana,geneva,sans-serif;\">d\u2019una ag\u00e8ncia europea de certificaci\u00f3<\/span><\/span><\/p>\n<p><span style=\"font-size:20px;\"><span style=\"font-family:verdana,geneva,sans-serif;\">i de les institucions europees.<\/span><\/span><\/p>\n<p>\n<span style=\"font-size:20px;\"><span style=\"font-family:verdana,geneva,sans-serif;\">Hem fet diferents suggeriments<\/span><\/span><\/p>\n<p><span style=\"font-size:20px;\"><span style=\"font-family:verdana,geneva,sans-serif;\">per a la certificaci\u00f3 a EASIT.<\/span><\/span><\/p>\n<p>&nbsp;<\/p>\n<p><strong><span style=\"font-size:20px;\"><span style=\"font-family:verdana,geneva,sans-serif;\">2. Quins s\u00f3n els resultats?<\/span><\/span><\/strong><\/p>\n<p><span style=\"font-size:20px;\"><span style=\"font-family:verdana,geneva,sans-serif;\">Hem produ\u00eft un document que explica<\/span><\/span><\/p>\n<p><span style=\"font-size:20px;\"><span style=\"font-family:verdana,geneva,sans-serif;\">com podem utilitzar els materials d&#8217;EASIT<\/span><\/span><\/p>\n<p><span style=\"font-size:20px;\"><span style=\"font-family:verdana,geneva,sans-serif;\">per donar un certificat als professionals.<\/span><\/span><\/p>\n<p>\n<span style=\"font-size:20px;\"><span style=\"font-family:verdana,geneva,sans-serif;\">Fem propostes per a les universitats<\/span><\/span><\/p>\n<p><span style=\"font-size:20px;\"><span style=\"font-family:verdana,geneva,sans-serif;\">i fem propostes per a empreses.<\/span><\/span><\/p>\n<p>\n<span style=\"font-size:20px;\"><span style=\"font-family:verdana,geneva,sans-serif;\">De moment,<\/span><\/span><\/p>\n<p><span style=\"font-size:20px;\"><span style=\"font-family:verdana,geneva,sans-serif;\">tres cursos en l\u00ednia<\/span><\/span><\/p>\n<p><span style=\"font-size:20px;\"><span style=\"font-family:verdana,geneva,sans-serif;\">utilitzaran&nbsp;materials d&#8217;EASIT<\/span><\/span><\/p>\n<p><span style=\"font-size:20px;\"><span style=\"font-family:verdana,geneva,sans-serif;\">i donaran un certificat.<\/span><\/span><\/p>\n<p>&nbsp;<\/p>\n<p><strong><span style=\"font-size:20px;\"><span style=\"font-family:verdana,geneva,sans-serif;\">3. Qui pot utilitzar els resultats?<\/span><\/span><\/strong><\/p>\n<p><span style=\"font-size:20px;\"><span style=\"font-family:verdana,geneva,sans-serif;\">Si ets formador o gerent,<\/span><\/span><\/p>\n<p><span style=\"font-size:20px;\"><span style=\"font-family:verdana,geneva,sans-serif;\">el document et donar\u00e0 idees<\/span><\/span><\/p>\n<p><span style=\"font-size:20px;\"><span style=\"font-family:verdana,geneva,sans-serif;\">sobre com certificar nous llocs de treball.<\/span><\/span><\/p>\n","protected":false},"excerpt":{"rendered":"<p>&nbsp; 1. Qu\u00e8 hem fet? Un certificat demostra el que has apr\u00e8s i qu\u00e8 saps&nbsp;fer. &nbsp; A EASIT hem investigat com podr\u00edem donar un certificat als experts en llenguatge f\u00e0cil de comprendre en mitjans audiovisuals. Hem estudiat com altres projectes donen&nbsp;certificats. Hem tingut en compte les recomanacions d\u2019una ag\u00e8ncia europea de certificaci\u00f3 i de les [&hellip;]<\/p>\n","protected":false},"author":20,"featured_media":0,"parent":0,"menu_order":0,"comment_status":"closed","ping_status":"closed","template":"","meta":{"footnotes":""},"class_list":["post-381","page","type-page","status-publish","hentry"],"_links":{"self":[{"href":"https:\/\/webs.uab.cat\/easit\/wp-json\/wp\/v2\/pages\/381","targetHints":{"allow":["GET"]}}],"collection":[{"href":"https:\/\/webs.uab.cat\/easit\/wp-json\/wp\/v2\/pages"}],"about":[{"href":"https:\/\/webs.uab.cat\/easit\/wp-json\/wp\/v2\/types\/page"}],"author":[{"embeddable":true,"href":"https:\/\/webs.uab.cat\/easit\/wp-json\/wp\/v2\/users\/20"}],"replies":[{"embeddable":true,"href":"https:\/\/webs.uab.cat\/easit\/wp-json\/wp\/v2\/comments?post=381"}],"version-history":[{"count":0,"href":"https:\/\/webs.uab.cat\/easit\/wp-json\/wp\/v2\/pages\/381\/revisions"}],"wp:attachment":[{"href":"https:\/\/webs.uab.cat\/easit\/wp-json\/wp\/v2\/media?parent=381"}],"curies":[{"name":"wp","href":"https:\/\/api.w.org\/{rel}","templated":true}]}}