{"id":386,"date":"2021-07-15T19:11:18","date_gmt":"2021-07-15T19:11:18","guid":{"rendered":"https:\/\/webs.uab.cat\/easit\/easy-summary-output-2\/"},"modified":"2021-07-15T19:29:10","modified_gmt":"2021-07-15T19:29:10","slug":"easy-summary-output-2","status":"publish","type":"page","link":"https:\/\/webs.uab.cat\/easit\/easy-summary-output-2\/","title":{"rendered":"Easy summary of Output 2"},"content":{"rendered":"<p>&nbsp;<\/p>\n<div id=\"EventEN\">\n<p><strong><span style=\"font-size:20px;\"><span style=\"font-family:verdana,geneva,sans-serif;\">1. Qu\u00e8 hem fet?<\/span><\/span><\/strong><\/p>\n<p><span style=\"font-size:20px;\"><span style=\"font-family:verdana,geneva,sans-serif;\">Hem creat llistes de recomanacions sobre<\/span><\/span><\/p>\n<p><span style=\"font-size:20px;\"><span style=\"font-family:verdana,geneva,sans-serif;\">com escriure informaci\u00f3 audiovisual en un llenguatge f\u00e0cil de comprendre.<\/span><\/span><\/p>\n<p><span style=\"font-size:20px;\"><span style=\"font-family:verdana,geneva,sans-serif;\">Per exemple, com escriure not\u00edcies, subt\u00edtols i audiodescripcions.<\/span><\/span><\/p>\n<p><span style=\"font-size:20px;\"><span style=\"font-family:verdana,geneva,sans-serif;\">&nbsp;<\/span><\/span><\/p>\n<p><strong><span style=\"font-size:20px;\"><span style=\"font-family:verdana,geneva,sans-serif;\">2. Qui ens ha ajudat?<\/span><\/span><\/strong><\/p>\n<p><span style=\"font-size:20px;\"><span style=\"font-family:verdana,geneva,sans-serif;\">Molts experts ens han ajudat.<\/span><\/span><\/p>\n<p><span style=\"font-size:20px;\"><span style=\"font-family:verdana,geneva,sans-serif;\">Ens hem reunit amb ells en grups redu\u00efts.<\/span><\/span><\/p>\n<p><span style=\"font-size:20px;\"><span style=\"font-family:verdana,geneva,sans-serif;\">I hem escrit les seves idees i consells.<\/span><\/span><\/p>\n<p><span style=\"font-size:20px;\"><span style=\"font-family:verdana,geneva,sans-serif;\">&nbsp;<\/span><\/span><\/p>\n<p><strong><span style=\"font-size:20px;\"><span style=\"font-family:verdana,geneva,sans-serif;\">3. Quins s\u00f3n els resultats?<\/span><\/span><\/strong><\/p>\n<p><span style=\"font-size:20px;\"><span style=\"font-family:verdana,geneva,sans-serif;\">Hem creat tres recomanacions diferents:<\/span><\/span><\/p>\n<ul>\n<li><span style=\"font-size:20px;\"><span style=\"font-family:verdana,geneva,sans-serif;\">Recomanacions per a subt\u00edtols f\u00e0cils de comprendre<\/span><\/span><\/li>\n<li><span style=\"font-size:20px;\"><span style=\"font-family:verdana,geneva,sans-serif;\">Recomanacions per a audiodescripcions f\u00e0cils de comprendre i<\/span><\/span><\/li>\n<li><span style=\"font-size:20px;\"><span style=\"font-family:verdana,geneva,sans-serif;\">Recomanacions per a not\u00edcies f\u00e0cils de comprendre.<\/span><\/span><\/li>\n<\/ul>\n<p><span style=\"font-size:20px;\"><span style=\"font-family:verdana,geneva,sans-serif;\">&nbsp;<\/span><\/span><\/p>\n<p><strong><span style=\"font-size:20px;\"><span style=\"font-family:verdana,geneva,sans-serif;\">4. On s\u00f3n les recomanacions?<\/span><\/span><\/strong><\/p>\n<p><span style=\"font-size:20px;\"><span style=\"font-family:verdana,geneva,sans-serif;\">Trobar\u00e0s les recomanacions en un document anomenat: Informe IO2.<\/span><\/span><\/p>\n<p><span style=\"font-size:20px;\"><span style=\"font-family:verdana,geneva,sans-serif;\">Pots descarregar l\u2019informe<\/span><\/span><\/p>\n<p><span style=\"font-size:20px;\"><span style=\"font-family:verdana,geneva,sans-serif;\">al lloc web del projecte EASIT:<\/span><\/span><\/p>\n<p><span style=\"font-size:20px;\"><span style=\"font-family:verdana,geneva,sans-serif;\"><a href=\"https:\/\/pagines.uab.cat\/easit\/en\/content\/output-2\">https:\/\/pagines.uab.cat\/easit\/en\/content\/output-2<\/a><\/span><\/span><\/p>\n<p><span style=\"font-size:20px;\"><span style=\"font-family:verdana,geneva,sans-serif;\">&nbsp;<\/span><\/span><\/p>\n<p><strong><span style=\"font-size:20px;\"><span style=\"font-family:verdana,geneva,sans-serif;\">5. Qui pot utilitzar els resultats?<\/span><\/span><\/strong><\/p>\n<p><span style=\"font-size:20px;\"><span style=\"font-family:verdana,geneva,sans-serif;\">Tothom pot descarregar l&#8217;informe<\/span><\/span><\/p>\n<p><span style=\"font-size:20px;\"><span style=\"font-family:verdana,geneva,sans-serif;\">i fer servir les recomanacions.<\/span><\/span><\/p>\n<p><span style=\"font-size:20px;\"><span style=\"font-family:verdana,geneva,sans-serif;\">&nbsp;<\/span><\/span><\/p>\n<p><span style=\"font-size:20px;\"><span style=\"font-family:verdana,geneva,sans-serif;\">Tens&nbsp;alguna pregunta sobre les recomanacions?<\/span><\/span><\/p>\n<p><span style=\"font-size:20px;\"><span style=\"font-family:verdana,geneva,sans-serif;\">Pots demanar-l&#8217;hi a Roc\u00edo Bernab\u00e9 Caro.<\/span><\/span><\/p>\n<p><span style=\"font-size:20px;\"><span style=\"font-family:verdana,geneva,sans-serif;\">La seva adre\u00e7a de correu electr\u00f2nic \u00e9s:<strong>&nbsp;<\/strong><\/span><\/span><span style=\"font-size:20px;\"><span style=\"font-family:verdana,geneva,sans-serif;\"><strong><u><a href=\"mailto:rocio.bernabe@sdi-muenchen.de\">rocio.bernabe@sdi-muenchen.de<\/a><\/u><\/strong>.<\/span><\/span><\/p>\n<p>&nbsp;<\/p>\n<\/div>\n","protected":false},"excerpt":{"rendered":"<p>&nbsp; 1. Qu\u00e8 hem fet? Hem creat llistes de recomanacions sobre com escriure informaci\u00f3 audiovisual en un llenguatge f\u00e0cil de comprendre. Per exemple, com escriure not\u00edcies, subt\u00edtols i audiodescripcions. &nbsp; 2. Qui ens ha ajudat? Molts experts ens han ajudat. Ens hem reunit amb ells en grups redu\u00efts. I hem escrit les seves idees i [&hellip;]<\/p>\n","protected":false},"author":20,"featured_media":0,"parent":0,"menu_order":0,"comment_status":"closed","ping_status":"closed","template":"","meta":{"footnotes":""},"class_list":["post-386","page","type-page","status-publish","hentry"],"_links":{"self":[{"href":"https:\/\/webs.uab.cat\/easit\/wp-json\/wp\/v2\/pages\/386","targetHints":{"allow":["GET"]}}],"collection":[{"href":"https:\/\/webs.uab.cat\/easit\/wp-json\/wp\/v2\/pages"}],"about":[{"href":"https:\/\/webs.uab.cat\/easit\/wp-json\/wp\/v2\/types\/page"}],"author":[{"embeddable":true,"href":"https:\/\/webs.uab.cat\/easit\/wp-json\/wp\/v2\/users\/20"}],"replies":[{"embeddable":true,"href":"https:\/\/webs.uab.cat\/easit\/wp-json\/wp\/v2\/comments?post=386"}],"version-history":[{"count":0,"href":"https:\/\/webs.uab.cat\/easit\/wp-json\/wp\/v2\/pages\/386\/revisions"}],"wp:attachment":[{"href":"https:\/\/webs.uab.cat\/easit\/wp-json\/wp\/v2\/media?parent=386"}],"curies":[{"name":"wp","href":"https:\/\/api.w.org\/{rel}","templated":true}]}}