{"id":397,"date":"2021-07-16T14:02:39","date_gmt":"2021-07-16T14:02:39","guid":{"rendered":"https:\/\/webs.uab.cat\/easit\/easy-summary-output-4\/"},"modified":"2021-07-16T14:11:24","modified_gmt":"2021-07-16T14:11:24","slug":"easy-summary-output-4","status":"publish","type":"page","link":"https:\/\/webs.uab.cat\/easit\/easy-summary-output-4\/","title":{"rendered":"Easy summary of Output 4"},"content":{"rendered":"<p>&nbsp;<\/p>\n<div id=\"EventEN\">\n<p><strong><span style=\"font-size:20px;\"><span style=\"font-family:verdana,geneva,sans-serif;\">1. Qu\u00e8 hem fet?<\/span><\/span><\/strong><\/p>\n<p><span style=\"font-size:20px;\"><span style=\"font-family:verdana,geneva,sans-serif;\">Hem creat programes de formaci\u00f3 per a 3 perfils professionals.<\/span><\/span><\/p>\n<p><span style=\"font-size:20px;\"><span style=\"font-family:verdana,geneva,sans-serif;\">Els tres perfils professionals s\u00f3n:<\/span><\/span><\/p>\n<ul>\n<li><span style=\"font-size:20px;\"><span style=\"font-family:verdana,geneva,sans-serif;\">Expert en subt\u00edtols f\u00e0cils de comprendre.<\/span><\/span><\/li>\n<li><span style=\"font-size:20px;\"><span style=\"font-family:verdana,geneva,sans-serif;\">Expert en descripcions d&#8217;\u00e0udio f\u00e0cils de comprendre.<\/span><\/span><\/li>\n<li><span style=\"font-size:20px;\"><span style=\"font-family:verdana,geneva,sans-serif;\">Expert en not\u00edcies audiovisuals f\u00e0cils de comprendre.<\/span><\/span><\/li>\n<\/ul>\n<p><span style=\"font-size:20px;\"><span style=\"font-family:verdana,geneva,sans-serif;\">Aquests programes de formaci\u00f3 indiquen qu\u00e8 han d\u2019estudiar els experts.<\/span><\/span><\/p>\n<p><span style=\"font-size:20px;\"><span style=\"font-family:verdana,geneva,sans-serif;\">Un programa de formaci\u00f3 tamb\u00e9 s\u2019anomena <strong>curr\u00edculum <\/strong>o<strong> pla d&#8217;estudis.<\/strong><\/span><\/span><\/p>\n<p><span style=\"font-size:20px;\"><span style=\"font-family:verdana,geneva,sans-serif;\">&nbsp;<\/span><\/span><\/p>\n<p><strong><span style=\"font-size:20px;\"><span style=\"font-family:verdana,geneva,sans-serif;\">2. Quins s\u00f3n els resultats?<\/span><\/span><\/strong><\/p>\n<p><span style=\"font-size:20px;\"><span style=\"font-family:verdana,geneva,sans-serif;\">Hem creat 3 plans d\u2019estudis per a cursos universitaris:<\/span><\/span><\/p>\n<ul>\n<li><span style=\"font-size:20px;\"><span style=\"font-family:verdana,geneva,sans-serif;\">Un pla d&#8217;estudis per formar experts en subt\u00edtols f\u00e0cils de comprendre.<\/span><\/span><\/li>\n<li><span style=\"font-size:20px;\"><span style=\"font-family:verdana,geneva,sans-serif;\">Un pla d&#8217;estudis per formar experts en descripcions d&#8217;\u00e0udio f\u00e0cils de comprendre.<\/span><\/span><\/li>\n<li><span style=\"font-size:20px;\"><span style=\"font-family:verdana,geneva,sans-serif;\">Un pla d&#8217;estudis per formar experts en not\u00edcies audiovisuals f\u00e0cils de comprendre.<\/span><\/span><\/li>\n<\/ul>\n<p><span style=\"font-size:20px;\"><span style=\"font-family:verdana,geneva,sans-serif;\">Tamb\u00e9 hem creat un <strong>MOOC<\/strong>.<\/span><\/span><\/p>\n<p><span style=\"font-size:20px;\"><span style=\"font-family:verdana,geneva,sans-serif;\">MOOC significa <strong>M<\/strong>assive <strong>O<\/strong>pen <strong>O<\/strong>nline <strong>C<\/strong>ourse.<\/span><\/span><\/p>\n<p><span style=\"font-size:20px;\"><span style=\"font-family:verdana,geneva,sans-serif;\">En catal\u00e0 \u00e9s un curs obert en l\u00ednia massiu.<\/span><\/span><\/p>\n<p><span style=\"font-size:20px;\"><span style=\"font-family:verdana,geneva,sans-serif;\">I tamb\u00e9 hem creat una llista de lectura.<\/span><\/span><\/p>\n<p><span style=\"font-size:20px;\"><span style=\"font-family:verdana,geneva,sans-serif;\">A la llista de lectura pots trobar refer\u00e8ncies sobre els 3 perfils professionals.<\/span><\/span><\/p>\n<p><span style=\"font-size:20px;\"><span style=\"font-family:verdana,geneva,sans-serif;\">&nbsp;<\/span><\/span><\/p>\n<p><span style=\"font-size:20px;\"><span style=\"font-family:verdana,geneva,sans-serif;\">Pots&nbsp;trobar tots els materials a la p\u00e0gina web de l\u2019EASIT.<\/span><\/span><\/p>\n<p><span style=\"font-size:20px;\"><span style=\"font-family:verdana,geneva,sans-serif;\">Estan disponibles en acc\u00e9s obert a DDD.<\/span><\/span><\/p>\n<p><span style=\"font-size:20px;\"><span style=\"font-family:verdana,geneva,sans-serif;\">Per accedir als resultats, feu clic <u><strong><a href=\"https:\/\/ddd.uab.cat\/record\/222184\">aqu\u00ed<\/a><\/strong><\/u>.<\/span><\/span><\/p>\n<p><span style=\"font-size:20px;\"><span style=\"font-family:verdana,geneva,sans-serif;\">&nbsp;<\/span><\/span><\/p>\n<p><strong><span style=\"font-size:20px;\"><span style=\"font-family:verdana,geneva,sans-serif;\">3. Qui pot utilitzar aquests resultats?<\/span><\/span><\/strong><\/p>\n<p><span style=\"font-size:20px;\"><span style=\"font-family:verdana,geneva,sans-serif;\">Ets formador?<\/span><\/span><\/p>\n<p><span style=\"font-size:20px;\"><span style=\"font-family:verdana,geneva,sans-serif;\">Pots utilitzar els plans d&#8217;estudis per dissenyar els teus cursos.<\/span><\/span><\/p>\n<p><span style=\"font-size:20px;\"><span style=\"font-family:verdana,geneva,sans-serif;\">&nbsp;<\/span><\/span><\/p>\n<p><span style=\"font-size:20px;\"><span style=\"font-family:verdana,geneva,sans-serif;\">Ets un estudiant?<\/span><\/span><\/p>\n<p><span style=\"font-size:20px;\"><span style=\"font-family:verdana,geneva,sans-serif;\">Pots utilitzar els materials per veure qu\u00e8 has&nbsp;d\u2019estudiar.<\/span><\/span><\/p>\n<p><span style=\"font-size:20px;\"><span style=\"font-family:verdana,geneva,sans-serif;\">&nbsp;<\/span><\/span><\/p>\n<p><span style=\"font-size:20px;\"><span style=\"font-family:verdana,geneva,sans-serif;\">Tens preguntes?<\/span><\/span><\/p>\n<p><span style=\"font-size:20px;\"><span style=\"font-family:verdana,geneva,sans-serif;\">Pots contactar amb Sergio Hern\u00e1ndez Garrido.<\/span><\/span><\/p>\n<p><span style=\"font-size:20px;\"><span style=\"font-family:verdana,geneva,sans-serif;\">La seva adre\u00e7a de correu electr\u00f2nic \u00e9s<\/span><\/span><span style=\"font-size:20px;\"><span style=\"font-family:verdana,geneva,sans-serif;\">:&nbsp;<strong><u><a href=\"mailto:hernande@uni-hildesheim.de\">hernande@uni-hildesheim.de<\/a><\/u><\/strong>.<\/span><\/span><\/p>\n<\/div>\n","protected":false},"excerpt":{"rendered":"<p>&nbsp; 1. Qu\u00e8 hem fet? Hem creat programes de formaci\u00f3 per a 3 perfils professionals. Els tres perfils professionals s\u00f3n: Expert en subt\u00edtols f\u00e0cils de comprendre. Expert en descripcions d&#8217;\u00e0udio f\u00e0cils de comprendre. Expert en not\u00edcies audiovisuals f\u00e0cils de comprendre. Aquests programes de formaci\u00f3 indiquen qu\u00e8 han d\u2019estudiar els experts. Un programa de formaci\u00f3 tamb\u00e9 [&hellip;]<\/p>\n","protected":false},"author":20,"featured_media":0,"parent":0,"menu_order":0,"comment_status":"closed","ping_status":"closed","template":"","meta":{"footnotes":""},"class_list":["post-397","page","type-page","status-publish","hentry"],"_links":{"self":[{"href":"https:\/\/webs.uab.cat\/easit\/wp-json\/wp\/v2\/pages\/397","targetHints":{"allow":["GET"]}}],"collection":[{"href":"https:\/\/webs.uab.cat\/easit\/wp-json\/wp\/v2\/pages"}],"about":[{"href":"https:\/\/webs.uab.cat\/easit\/wp-json\/wp\/v2\/types\/page"}],"author":[{"embeddable":true,"href":"https:\/\/webs.uab.cat\/easit\/wp-json\/wp\/v2\/users\/20"}],"replies":[{"embeddable":true,"href":"https:\/\/webs.uab.cat\/easit\/wp-json\/wp\/v2\/comments?post=397"}],"version-history":[{"count":0,"href":"https:\/\/webs.uab.cat\/easit\/wp-json\/wp\/v2\/pages\/397\/revisions"}],"wp:attachment":[{"href":"https:\/\/webs.uab.cat\/easit\/wp-json\/wp\/v2\/media?parent=397"}],"curies":[{"name":"wp","href":"https:\/\/api.w.org\/{rel}","templated":true}]}}