{"id":21,"date":"2013-10-21T11:02:37","date_gmt":"2013-10-21T11:02:37","guid":{"rendered":"https:\/\/webs.uab.cat\/ebielsa\/esperanc-bielsa-0\/"},"modified":"2013-10-21T11:02:37","modified_gmt":"2013-10-21T11:02:37","slug":"esperanc-bielsa-0","status":"publish","type":"page","link":"https:\/\/webs.uab.cat\/ebielsa\/esperanc-bielsa-0\/","title":{"rendered":"Esperan\u00e7a Bielsa"},"content":{"rendered":"<p>MA (Glasgow), PhD (Glasgow).<\/p>\n<p><span style=\"line-height: 20px;\">Esperan\u00e7a Bielsa is currently Ram\u00f3n y Cajal Researcher at the Department of Sociology of the Universitat Aut\u00f2noma de Barcelona. Before joining the Universitat Aut\u00f2noma de Barcelona in 2010, she held positions as Lecturer in Sociology at the University of Leicester, as Research Fellow at Warwick University\u2019s Centre for Translation and Comparative Cultural Studies, and as Research Fellow and Sociology Tutor at the University of Glasgow.<\/span><\/p>\n<p><span style=\"line-height: 20px;\">Her research interests are in the areas of the sociology of culture, the sociology of translation, globalisation and cosmopolitanism, Latin American culture and literature. Esperan\u00e7a Bielsa is author of <\/span><em>The Latin American Urban Cr\u00f3nica: Between Literature and Mass Culture<\/em><span style=\"line-height: 20px;\"> (Lexington Books 2006), co-author (with Susan Bassnett) of <\/span><em>Translation in Global News<\/em><span style=\"line-height: 20px;\"> (Routledge 2009), and co-editor (with Christopher Hughes) of <\/span><em>Globalization, Political Violence and Translation<\/em><span style=\"line-height: 20px;\"> (Palgrave Macmillan 2009).<\/span><\/p>\n<p><span style=\"line-height: 20px;\">At the Universitat Aut\u00f2noma de Barcelona she is member of the research group GEDIME (Grup d\u2019Estudis d\u2019Immigraci\u00f3 i Minories \u00c8tniques) and of the interdisciplinary research centre CER-Migracions. She is also a research associate of the Centre for the Study of Globalisation and Regionalisation of the University of Warwick.<\/span><\/p>\n<p>&nbsp;<\/p>\n<p><strong>Contact details<\/strong><\/p>\n<p>Dra. Esperan\u00e7a Bielsa<br \/> Investigadora Ram\u00f3n y Cajal<br \/> Departament de Sociologia<br \/> Universitat Aut\u00f2noma de Barcelona<br \/> Edifici B<br \/> 08193 Bellaterra<br \/> (Barcelona)<br \/> Spain<br \/> <a href=\"mailto:Esperanza.Bielsa@uab.cat\">Esperanza.Bielsa@uab.cat<\/a><\/p>\n","protected":false},"excerpt":{"rendered":"<p>MA (Glasgow), PhD (Glasgow). Esperan\u00e7a Bielsa is currently Ram\u00f3n y Cajal Researcher at the Department of Sociology of the Universitat Aut\u00f2noma de Barcelona. Before joining the Universitat Aut\u00f2noma de Barcelona in 2010, she held positions as Lecturer in Sociology at the University of Leicester, as Research Fellow at Warwick University\u2019s Centre for Translation and Comparative [&hellip;]<\/p>\n","protected":false},"author":20,"featured_media":0,"parent":0,"menu_order":0,"comment_status":"closed","ping_status":"closed","template":"","meta":{"footnotes":""},"class_list":["post-21","page","type-page","status-publish","hentry"],"_links":{"self":[{"href":"https:\/\/webs.uab.cat\/ebielsa\/wp-json\/wp\/v2\/pages\/21","targetHints":{"allow":["GET"]}}],"collection":[{"href":"https:\/\/webs.uab.cat\/ebielsa\/wp-json\/wp\/v2\/pages"}],"about":[{"href":"https:\/\/webs.uab.cat\/ebielsa\/wp-json\/wp\/v2\/types\/page"}],"author":[{"embeddable":true,"href":"https:\/\/webs.uab.cat\/ebielsa\/wp-json\/wp\/v2\/users\/20"}],"replies":[{"embeddable":true,"href":"https:\/\/webs.uab.cat\/ebielsa\/wp-json\/wp\/v2\/comments?post=21"}],"version-history":[{"count":0,"href":"https:\/\/webs.uab.cat\/ebielsa\/wp-json\/wp\/v2\/pages\/21\/revisions"}],"wp:attachment":[{"href":"https:\/\/webs.uab.cat\/ebielsa\/wp-json\/wp\/v2\/media?parent=21"}],"curies":[{"name":"wp","href":"https:\/\/api.w.org\/{rel}","templated":true}]}}