{"id":22,"date":"2013-10-21T11:33:59","date_gmt":"2013-10-21T11:33:59","guid":{"rendered":"https:\/\/webs.uab.cat\/ebielsa\/esperanc-bielsa\/"},"modified":"2024-12-10T18:59:51","modified_gmt":"2024-12-10T18:59:51","slug":"esperanc-bielsa","status":"publish","type":"page","link":"https:\/\/webs.uab.cat\/ebielsa\/","title":{"rendered":"About"},"content":{"rendered":"\n<p><\/p>\n\n\n\n<p>Esperan\u00e7a Bielsa is Associate Professor at the Department of Sociology of the Universitat Aut\u00f2noma de Barcelona.<\/p>\n\n\n\n<p>She holds an MA and a PhD in Sociology from the University of Glasgow.&nbsp;Before joining the Universitat Aut\u00f2noma de Barcelona with a Ram\u00f3n y Cajal Fellowship in 2010, she was Lecturer in Sociology at the University of Leicester. She has also held positions as Research Fellow at Warwick University\u2019s Centre for Translation and Comparative Cultural Studies, and as Research Fellow and Sociology Tutor at the University of Glasgow.&nbsp;In 2015 she was Senior Visiting Research Fellow at the Department of Sociology of the University of Sussex.<\/p>\n\n\n\n<p>Her research interests are in the areas of cultural sociology, social theory, globalisation and cosmopolitanism.<\/p>\n\n\n\n<p>She is the author of <em>A Translational Sociology<\/em> (2023),\u00a0<em>Cosmopolitanism and Translation<\/em>\u00a0(2016) and\u00a0<em>The Latin American Urban Cr\u00f3nica\u00a0<\/em>(2006), and co-author of <em>Benjamin y la traducci\u00f3n<\/em> (2024, with Antonio Aguilera) and\u00a0of\u00a0<em>Translation in Global News<\/em>\u00a0(2009, with Susan Bassnett). She is editor of\u00a0<em>The Routledge Handbook of Translation and Media<\/em>\u00a0(2022), co-editor of\u00a0<em>The Routledge Handbook of Translation and Globalization<\/em>\u00a0(2021, with Dionysios Kapsaskis), and\u00a0of\u00a0<em>Globalization, Political Violence and Translation<\/em>\u00a0(2009, with\u00a0Christopher Hughes). Her article &#8216;Cosmopolitanism as Translation&#8217;, published in\u00a0<em>Cultural Sociology<\/em>\u00a08(4), 2014, was the\u00a0winner of the British Sociological Association\/ Sage Prize for Innovation and Excellence 2015.<\/p>\n\n\n\n<p>She is editor of the book series &#8216;Translation, Politics and Society&#8217; (Routledge).<\/p>\n\n\n\n<p>She is a member of the research groups Centre&nbsp;d&#8217;Estudis sobre&nbsp;Cultura, Pol\u00edtica i&nbsp;Societat&nbsp;of the University of Barcelona&nbsp;and&nbsp;GIR Traducci\u00f3n, Ideolog\u00eda, Cultura of the University of Salamanca.<\/p>\n\n\n\n<p><strong>Contact details<\/strong><\/p>\n\n\n\n<p>Dra. Esperan\u00e7a Bielsa<br>Departament de Sociologia<br>Universitat Aut\u00f2noma de Barcelona<br>Edifici B<br>08193 Bellaterra<br>(Barcelona)<br>Spain<br>Esperanza.Bielsa@uab.cat<\/p>\n","protected":false},"excerpt":{"rendered":"<p>Esperan\u00e7a Bielsa is Associate Professor at the Department of Sociology of the Universitat Aut\u00f2noma de Barcelona. She holds an MA and a PhD in Sociology from the University of Glasgow.&nbsp;Before joining the Universitat Aut\u00f2noma de Barcelona with a Ram\u00f3n y Cajal Fellowship in 2010, she was Lecturer in Sociology at the University of Leicester. She [&hellip;]<\/p>\n","protected":false},"author":20,"featured_media":0,"parent":0,"menu_order":0,"comment_status":"closed","ping_status":"closed","template":"","meta":{"footnotes":""},"class_list":["post-22","page","type-page","status-publish","hentry"],"_links":{"self":[{"href":"https:\/\/webs.uab.cat\/ebielsa\/wp-json\/wp\/v2\/pages\/22","targetHints":{"allow":["GET"]}}],"collection":[{"href":"https:\/\/webs.uab.cat\/ebielsa\/wp-json\/wp\/v2\/pages"}],"about":[{"href":"https:\/\/webs.uab.cat\/ebielsa\/wp-json\/wp\/v2\/types\/page"}],"author":[{"embeddable":true,"href":"https:\/\/webs.uab.cat\/ebielsa\/wp-json\/wp\/v2\/users\/20"}],"replies":[{"embeddable":true,"href":"https:\/\/webs.uab.cat\/ebielsa\/wp-json\/wp\/v2\/comments?post=22"}],"version-history":[{"count":8,"href":"https:\/\/webs.uab.cat\/ebielsa\/wp-json\/wp\/v2\/pages\/22\/revisions"}],"predecessor-version":[{"id":185,"href":"https:\/\/webs.uab.cat\/ebielsa\/wp-json\/wp\/v2\/pages\/22\/revisions\/185"}],"wp:attachment":[{"href":"https:\/\/webs.uab.cat\/ebielsa\/wp-json\/wp\/v2\/media?parent=22"}],"curies":[{"name":"wp","href":"https:\/\/api.w.org\/{rel}","templated":true}]}}